{"id":2638,"date":"2021-12-22T13:33:41","date_gmt":"2021-12-22T13:33:41","guid":{"rendered":"https:\/\/stax.organicthemes.com\/?page_id=2638"},"modified":"2021-12-22T13:33:41","modified_gmt":"2021-12-22T13:33:41","slug":"footer-block","status":"publish","type":"page","link":"https:\/\/www.thinksai.com\/latam\/pt\/blocks\/organic-blocks\/footer-block\/","title":{"rendered":"Bloco de rodap\u00e9"},"content":{"rendered":"<div class=\"wp-block-group is-layout-flow wp-block-group-is-layout-flow\">\n<hr class=\"wp-block-separator has-text-color has-medium-gray-color has-css-opacity has-medium-gray-background-color has-background is-style-wide\"\/>\n\n\n\n<div class=\"wp-block-columns are-vertically-aligned-center is-layout-flex wp-container-core-columns-is-layout-28f84493 wp-block-columns-is-layout-flex\">\n<div class=\"wp-block-column is-vertically-aligned-center is-layout-flow wp-block-column-is-layout-flow\">\n<h4 class=\"has-medium-font-size wp-block-heading\" id=\"content-slideshow-block-1\">Exemplos de blocos de rodap\u00e9<\/h4>\n<\/div>\n\n\n\n<div class=\"wp-block-column is-vertically-aligned-center is-layout-flow wp-block-column-is-layout-flow\">\n<div class=\"wp-block-buttons is-content-justification-right is-layout-flex wp-container-core-buttons-is-layout-d445cf74 wp-block-buttons-is-layout-flex\">\n<div class=\"wp-block-button has-custom-font-size is-style-outline has-extra-small-font-size is-style-outline--1\"><a class=\"wp-block-button__link wp-element-button\" href=\"https:\/\/organicthemes.com\/block\/footer-block\/\">Documenta\u00e7\u00e3o<\/a><\/div>\n\n\n\n<div class=\"wp-block-button\"><a class=\"wp-block-button__link has-subtle-teal-gradient-background has-background wp-element-button\" href=\"https:\/\/organicthemes.com\/blocks\/\">Comprar blocos<\/a><\/div>\n<\/div>\n<\/div>\n<\/div>\n\n\n\n<hr class=\"wp-block-separator has-text-color has-medium-gray-color has-css-opacity has-medium-gray-background-color has-background is-style-wide\"\/>\n\n\n\n<p class=\"has-normal-font-size\">O <strong>Bloco de rodap\u00e9<\/strong> \u00e9 um bloco simples para criar o rodap\u00e9 do seu s\u00edtio Web. Inclui op\u00e7\u00f5es para apresentar informa\u00e7\u00f5es de direitos de autor, um menu personalizado com liga\u00e7\u00f5es para redes sociais, um \u00edcone de rodap\u00e9 e um bot\u00e3o de voltar ao topo. O estilo e as cores podem ser personalizados, e os elementos do rodap\u00e9 s\u00e3o empilhados em dispositivos m\u00f3veis mais pequenos para uma disposi\u00e7\u00e3o reactiva.<\/p>\n\n\n\n<p class=\"has-small-font-size\">Abaixo s\u00e3o apresentadas v\u00e1rias varia\u00e7\u00f5es de blocos. Cada varia\u00e7\u00e3o pode ser copiada para a sua \u00e1rea de transfer\u00eancia e colada diretamente no seu editor de blocos do WordPress. No entanto, o <a rel=\"noreferrer noopener\" href=\"https:\/\/organicthemes.com\/blocks\/\" target=\"_blank\"><strong>Blocos org\u00e2nicos<\/strong><\/a> plugin \u00e9 necess\u00e1rio.<\/p>\n\n\n\n<p class=\"has-small-font-size\"><strong>Nota:<\/strong> Estes s\u00e3o exemplos de varia\u00e7\u00f5es de estilo criadas para mostrar a flexibilidade do bloco. Qualquer varia\u00e7\u00e3o pode ser modificada a seu gosto e podem ser criadas varia\u00e7\u00f5es totalmente novas utilizando as defini\u00e7\u00f5es do bloco.<\/p>\n\n\n\n<div style=\"height:40px\" aria-hidden=\"true\" class=\"wp-block-spacer\"><\/div>\n<\/div>\n\n\n\n<h4 class=\"has-text-align-center wp-block-heading\" id=\"variation-1\">Varia\u00e7\u00e3o 1<\/h4>\n\n\n\n\n\n<div class=\"wp-block-group is-layout-flow wp-block-group-is-layout-flow\">\n<div class=\"wp-block-columns are-vertically-aligned-center is-layout-flex wp-container-core-columns-is-layout-28f84493 wp-block-columns-is-layout-flex\">\n<div class=\"wp-block-column is-vertically-aligned-center is-layout-flow wp-block-column-is-layout-flow\" style=\"flex-basis:50%\">\n<p class=\"has-small-font-size\">Copie esta varia\u00e7\u00e3o de bloco utilizando o bot\u00e3o e cole-a no seu editor de blocos do WordPress. A <strong>Blocos org\u00e2nicos<\/strong> plugin \u00e9 necess\u00e1rio.<\/p>\n<\/div>\n\n\n\n<div class=\"wp-block-column is-vertically-aligned-center is-layout-flow wp-block-column-is-layout-flow\">\n<div id=\"obb-clipboard-id-0\" class=\"wp-block-obb-clipboard-block organic-block obb-clipboard wp-block-button obb-clipboard-button is-style-outline\" style=\"text-align:right\"><a id=\"obb-clipboard-button-0\" class=\"wp-block-button__link\" data-alert-target=\"obb-clipboard-alert-0\" data-clipboard-text=\"&lt;!-- wp:obb\/footer-block {&quot;mediaID&quot;:2528,&quot;mediaURL&quot;:&quot;https:\/\/stax.organicthemes.com\/wp-content\/uploads\/sites\/9\/2021\/12\/yoga-logo-02.png&quot;,&quot;copyrightsize&quot;:14,&quot;footermenu&quot;:&quot;Social Menu&quot;,&quot;footermenusize&quot;:24,&quot;footeralign&quot;:&quot;left&quot;,&quot;copyrightcolor&quot;:&quot;#996633&quot;,&quot;retlinkcolor&quot;:&quot;#996633&quot;,&quot;menulinkcolor&quot;:&quot;#996633&quot;,&quot;menuhovercolor&quot;:&quot;#fff&quot;,&quot;footerbgcolor&quot;:&quot;#d3bb73&quot;} \/--&gt;\" style=\"border-radius:3px;border-width:2px;border-style:solid;border-color:#ccc\"><span class=\"obb-clipboard-button-text\">Bloco de c\u00f3pias<\/span><\/a><div id=\"obb-clipboard-alert-0\" class=\"obb-clipboard-alert\">Bloco copiado para a \u00e1rea de transfer\u00eancia!<\/div><\/div>\n<\/div>\n<\/div>\n\n\n\n<hr class=\"wp-block-separator has-text-color has-medium-gray-color has-css-opacity has-medium-gray-background-color has-background is-style-wide\"\/>\n\n\n\n<div style=\"height:120px\" aria-hidden=\"true\" class=\"wp-block-spacer\"><\/div>\n<\/div>\n\n\n\n<h4 class=\"has-text-align-center wp-block-heading\" id=\"variation-2\">Varia\u00e7\u00e3o 2<\/h4>\n\n\n\n\n\n<div class=\"wp-block-group is-layout-flow wp-block-group-is-layout-flow\">\n<div class=\"wp-block-columns are-vertically-aligned-center is-layout-flex wp-container-core-columns-is-layout-28f84493 wp-block-columns-is-layout-flex\">\n<div class=\"wp-block-column is-vertically-aligned-center is-layout-flow wp-block-column-is-layout-flow\" style=\"flex-basis:50%\">\n<p class=\"has-small-font-size\">Copie esta varia\u00e7\u00e3o de bloco utilizando o bot\u00e3o e cole-a no seu editor de blocos do WordPress. A <strong>Blocos org\u00e2nicos<\/strong> plugin \u00e9 necess\u00e1rio.<\/p>\n<\/div>\n\n\n\n<div class=\"wp-block-column is-vertically-aligned-center is-layout-flow wp-block-column-is-layout-flow\">\n<div id=\"obb-clipboard-id-1\" class=\"wp-block-obb-clipboard-block organic-block obb-clipboard wp-block-button obb-clipboard-button is-style-outline\" style=\"text-align:right\"><a id=\"obb-clipboard-button-1\" class=\"wp-block-button__link\" data-alert-target=\"obb-clipboard-alert-1\" data-clipboard-text=\"&lt;!-- wp:obb\/footer-block {&quot;mediaID&quot;:2597,&quot;mediaURL&quot;:&quot;https:\/\/stax.organicthemes.com\/wp-content\/uploads\/sites\/9\/2021\/12\/photographer-logo-04.png&quot;,&quot;iconsize&quot;:160,&quot;footermenu&quot;:&quot;Social Menu&quot;,&quot;retlinkdisp&quot;:false,&quot;footermenusize&quot;:16,&quot;copyrightcolor&quot;:&quot;#ff33cc&quot;,&quot;retarrowcolor&quot;:&quot;#ff33cc&quot;,&quot;retlinkcolor&quot;:&quot;#660099&quot;,&quot;menulinkcolor&quot;:&quot;#ff33cc&quot;,&quot;menuhovercolor&quot;:&quot;#fff&quot;,&quot;footerbggradient&quot;:&quot;linear-gradient(180deg, rgb(0, 5, 80), rgb(124, 0, 163) 100%)&quot;} \/--&gt;\" style=\"border-radius:3px;border-width:2px;border-style:solid;border-color:#ccc\"><span class=\"obb-clipboard-button-text\">Bloco de c\u00f3pias<\/span><\/a><div id=\"obb-clipboard-alert-1\" class=\"obb-clipboard-alert\">Bloco copiado para a \u00e1rea de transfer\u00eancia!<\/div><\/div>\n<\/div>\n<\/div>\n\n\n\n<hr class=\"wp-block-separator has-text-color has-medium-gray-color has-css-opacity has-medium-gray-background-color has-background is-style-wide\"\/>\n\n\n\n<div style=\"height:120px\" aria-hidden=\"true\" class=\"wp-block-spacer\"><\/div>\n<\/div>\n\n\n\n<h4 class=\"has-text-align-center wp-block-heading\" id=\"variation-3\">Varia\u00e7\u00e3o 3<\/h4>\n\n\n\n\n\n<div class=\"wp-block-group is-layout-flow wp-block-group-is-layout-flow\">\n<div class=\"wp-block-columns are-vertically-aligned-center is-layout-flex wp-container-core-columns-is-layout-28f84493 wp-block-columns-is-layout-flex\">\n<div class=\"wp-block-column is-vertically-aligned-center is-layout-flow wp-block-column-is-layout-flow\" style=\"flex-basis:50%\">\n<p class=\"has-small-font-size\">Copie esta varia\u00e7\u00e3o de bloco utilizando o bot\u00e3o e cole-a no seu editor de blocos do WordPress. A <strong>Blocos org\u00e2nicos<\/strong> plugin \u00e9 necess\u00e1rio.<\/p>\n<\/div>\n\n\n\n<div class=\"wp-block-column is-vertically-aligned-center is-layout-flow wp-block-column-is-layout-flow\">\n<div id=\"obb-clipboard-id-2\" class=\"wp-block-obb-clipboard-block organic-block obb-clipboard wp-block-button obb-clipboard-button is-style-outline\" style=\"text-align:right\"><a id=\"obb-clipboard-button-2\" class=\"wp-block-button__link\" data-alert-target=\"obb-clipboard-alert-2\" data-clipboard-text=\"&lt;!-- wp:obb\/footer-block {&quot;copyright&quot;:&quot;My Awesome Website | Copyright \u00c2\u00a9 2020 | All Rights Reserved&quot;,&quot;footermenu&quot;:&quot;Example Menu&quot;,&quot;footermenulinkgap&quot;:8,&quot;footeralign&quot;:&quot;right&quot;,&quot;copyrightcolor&quot;:&quot;#bbbbbb&quot;,&quot;retlinkcolor&quot;:&quot;#99cc33&quot;,&quot;menulinkcolor&quot;:&quot;#999999&quot;,&quot;menuhovercolor&quot;:&quot;#99cc33&quot;,&quot;footerbgcolor&quot;:&quot;#eee&quot;} \/--&gt;\" style=\"border-radius:3px;border-width:2px;border-style:solid;border-color:#ccc\"><span class=\"obb-clipboard-button-text\">Bloco de c\u00f3pias<\/span><\/a><div id=\"obb-clipboard-alert-2\" class=\"obb-clipboard-alert\">Bloco copiado para a \u00e1rea de transfer\u00eancia!<\/div><\/div>\n<\/div>\n<\/div>\n\n\n\n<hr class=\"wp-block-separator has-text-color has-medium-gray-color has-css-opacity has-medium-gray-background-color has-background is-style-wide\"\/>\n\n\n\n<div style=\"height:120px\" aria-hidden=\"true\" class=\"wp-block-spacer\"><\/div>\n<\/div>","protected":false},"excerpt":{"rendered":"<p>Footer Block Examples The Footer Block is a simple block for creating your website footer. It features options to display copyright information, a custom menu with social media links, footer icon, and back-to-top button. The style and colors may be customized, and the footer elements stack on smaller mobile devices for a responsive layout. Multiple [&hellip;]<\/p>","protected":false},"author":236185298,"featured_media":0,"parent":48,"menu_order":0,"comment_status":"closed","ping_status":"closed","template":"","meta":{"_acf_changed":false,"_eb_attr":"","site-sidebar-layout":"default","site-content-layout":"","ast-site-content-layout":"default","site-content-style":"default","site-sidebar-style":"default","ast-global-header-display":"","ast-banner-title-visibility":"","ast-main-header-display":"","ast-hfb-above-header-display":"","ast-hfb-below-header-display":"","ast-hfb-mobile-header-display":"","site-post-title":"","ast-breadcrumbs-content":"","ast-featured-img":"","footer-sml-layout":"","ast-disable-related-posts":"","theme-transparent-header-meta":"","adv-header-id-meta":"","stick-header-meta":"","header-above-stick-meta":"","header-main-stick-meta":"","header-below-stick-meta":"","astra-migrate-meta-layouts":"default","ast-page-background-enabled":"default","ast-page-background-meta":{"desktop":{"background-color":"var(--ast-global-color-4)","background-image":"","background-repeat":"repeat","background-position":"center center","background-size":"auto","background-attachment":"scroll","background-type":"","background-media":"","overlay-type":"","overlay-color":"","overlay-opacity":"","overlay-gradient":""},"tablet":{"background-color":"","background-image":"","background-repeat":"repeat","background-position":"center center","background-size":"auto","background-attachment":"scroll","background-type":"","background-media":"","overlay-type":"","overlay-color":"","overlay-opacity":"","overlay-gradient":""},"mobile":{"background-color":"","background-image":"","background-repeat":"repeat","background-position":"center center","background-size":"auto","background-attachment":"scroll","background-type":"","background-media":"","overlay-type":"","overlay-color":"","overlay-opacity":"","overlay-gradient":""}},"ast-content-background-meta":{"desktop":{"background-color":"var(--ast-global-color-5)","background-image":"","background-repeat":"repeat","background-position":"center center","background-size":"auto","background-attachment":"scroll","background-type":"","background-media":"","overlay-type":"","overlay-color":"","overlay-opacity":"","overlay-gradient":""},"tablet":{"background-color":"var(--ast-global-color-5)","background-image":"","background-repeat":"repeat","background-position":"center center","background-size":"auto","background-attachment":"scroll","background-type":"","background-media":"","overlay-type":"","overlay-color":"","overlay-opacity":"","overlay-gradient":""},"mobile":{"background-color":"var(--ast-global-color-5)","background-image":"","background-repeat":"repeat","background-position":"center center","background-size":"auto","background-attachment":"scroll","background-type":"","background-media":"","overlay-type":"","overlay-color":"","overlay-opacity":"","overlay-gradient":""}},"footnotes":""},"class_list":["post-2638","page","type-page","status-publish","hentry"],"acf":[],"yoast_head":"<!-- This site is optimized with the Yoast SEO plugin v26.7 - https:\/\/yoast.com\/wordpress\/plugins\/seo\/ -->\n<title>Footer Block - ThinkSAi - LatAm<\/title>\n<meta name=\"robots\" content=\"index, follow, max-snippet:-1, max-image-preview:large, max-video-preview:-1\" \/>\n<link rel=\"canonical\" href=\"https:\/\/www.thinksai.com\/latam\/pt\/blocks\/organic-blocks\/footer-block\/\" \/>\n<meta property=\"og:locale\" content=\"pt_PT\" \/>\n<meta property=\"og:type\" content=\"article\" \/>\n<meta property=\"og:title\" content=\"Footer Block - ThinkSAi - LatAm\" \/>\n<meta property=\"og:description\" content=\"Footer Block Examples The Footer Block is a simple block for creating your website footer. It features options to display copyright information, a custom menu with social media links, footer icon, and back-to-top button. The style and colors may be customized, and the footer elements stack on smaller mobile devices for a responsive layout. Multiple [&hellip;]\" \/>\n<meta property=\"og:url\" content=\"https:\/\/www.thinksai.com\/latam\/pt\/blocks\/organic-blocks\/footer-block\/\" \/>\n<meta property=\"og:site_name\" content=\"ThinkSAi - LatAm\" \/>\n<meta name=\"twitter:card\" content=\"summary_large_image\" \/>\n<meta name=\"twitter:label1\" content=\"Tempo estimado de leitura\" \/>\n\t<meta name=\"twitter:data1\" content=\"1 minuto\" \/>\n<script type=\"application\/ld+json\" class=\"yoast-schema-graph\">{\"@context\":\"https:\/\/schema.org\",\"@graph\":[{\"@type\":\"WebPage\",\"@id\":\"https:\/\/www.thinksai.com\/latam\/blocks\/organic-blocks\/footer-block\/\",\"url\":\"https:\/\/www.thinksai.com\/latam\/blocks\/organic-blocks\/footer-block\/\",\"name\":\"Footer Block - ThinkSAi - LatAm\",\"isPartOf\":{\"@id\":\"https:\/\/www.thinksai.com\/latam\/#website\"},\"datePublished\":\"2021-12-22T13:33:41+00:00\",\"breadcrumb\":{\"@id\":\"https:\/\/www.thinksai.com\/latam\/blocks\/organic-blocks\/footer-block\/#breadcrumb\"},\"inLanguage\":\"pt-PT\",\"potentialAction\":[{\"@type\":\"ReadAction\",\"target\":[\"https:\/\/www.thinksai.com\/latam\/blocks\/organic-blocks\/footer-block\/\"]}]},{\"@type\":\"BreadcrumbList\",\"@id\":\"https:\/\/www.thinksai.com\/latam\/blocks\/organic-blocks\/footer-block\/#breadcrumb\",\"itemListElement\":[{\"@type\":\"ListItem\",\"position\":1,\"name\":\"Portada\",\"item\":\"https:\/\/www.thinksai.com\/latam\/\"},{\"@type\":\"ListItem\",\"position\":2,\"name\":\"Blocks\",\"item\":\"https:\/\/www.thinksai.com\/latam\/blocks\/\"},{\"@type\":\"ListItem\",\"position\":3,\"name\":\"Organic Blocks\",\"item\":\"https:\/\/www.thinksai.com\/latam\/blocks\/organic-blocks\/\"},{\"@type\":\"ListItem\",\"position\":4,\"name\":\"Footer Block\"}]},{\"@type\":\"WebSite\",\"@id\":\"https:\/\/www.thinksai.com\/latam\/#website\",\"url\":\"https:\/\/www.thinksai.com\/latam\/\",\"name\":\"ThinkSAi - LatAm\",\"description\":\"\",\"publisher\":{\"@id\":\"https:\/\/www.thinksai.com\/latam\/#organization\"},\"potentialAction\":[{\"@type\":\"SearchAction\",\"target\":{\"@type\":\"EntryPoint\",\"urlTemplate\":\"https:\/\/www.thinksai.com\/latam\/?s={search_term_string}\"},\"query-input\":{\"@type\":\"PropertyValueSpecification\",\"valueRequired\":true,\"valueName\":\"search_term_string\"}}],\"inLanguage\":\"pt-PT\"},{\"@type\":\"Organization\",\"@id\":\"https:\/\/www.thinksai.com\/latam\/#organization\",\"name\":\"ThinkSAi - LatAm\",\"url\":\"https:\/\/www.thinksai.com\/latam\/\",\"logo\":{\"@type\":\"ImageObject\",\"inLanguage\":\"pt-PT\",\"@id\":\"https:\/\/www.thinksai.com\/latam\/#\/schema\/logo\/image\/\",\"url\":\"https:\/\/www.thinksai.com\/latam\/wp-content\/uploads\/sites\/9\/2023\/06\/SAiPurple_Logo.png\",\"contentUrl\":\"https:\/\/www.thinksai.com\/latam\/wp-content\/uploads\/sites\/9\/2023\/06\/SAiPurple_Logo.png\",\"width\":406,\"height\":407,\"caption\":\"ThinkSAi - LatAm\"},\"image\":{\"@id\":\"https:\/\/www.thinksai.com\/latam\/#\/schema\/logo\/image\/\"}}]}<\/script>\n<!-- \/ Yoast SEO plugin. -->","yoast_head_json":{"title":"Footer Block - ThinkSAi - LatAm","robots":{"index":"index","follow":"follow","max-snippet":"max-snippet:-1","max-image-preview":"max-image-preview:large","max-video-preview":"max-video-preview:-1"},"canonical":"https:\/\/www.thinksai.com\/latam\/pt\/blocks\/organic-blocks\/footer-block\/","og_locale":"pt_PT","og_type":"article","og_title":"Footer Block - ThinkSAi - LatAm","og_description":"Footer Block Examples The Footer Block is a simple block for creating your website footer. It features options to display copyright information, a custom menu with social media links, footer icon, and back-to-top button. The style and colors may be customized, and the footer elements stack on smaller mobile devices for a responsive layout. Multiple [&hellip;]","og_url":"https:\/\/www.thinksai.com\/latam\/pt\/blocks\/organic-blocks\/footer-block\/","og_site_name":"ThinkSAi - LatAm","twitter_card":"summary_large_image","twitter_misc":{"Tempo estimado de leitura":"1 minuto"},"schema":{"@context":"https:\/\/schema.org","@graph":[{"@type":"WebPage","@id":"https:\/\/www.thinksai.com\/latam\/blocks\/organic-blocks\/footer-block\/","url":"https:\/\/www.thinksai.com\/latam\/blocks\/organic-blocks\/footer-block\/","name":"Footer Block - ThinkSAi - LatAm","isPartOf":{"@id":"https:\/\/www.thinksai.com\/latam\/#website"},"datePublished":"2021-12-22T13:33:41+00:00","breadcrumb":{"@id":"https:\/\/www.thinksai.com\/latam\/blocks\/organic-blocks\/footer-block\/#breadcrumb"},"inLanguage":"pt-PT","potentialAction":[{"@type":"ReadAction","target":["https:\/\/www.thinksai.com\/latam\/blocks\/organic-blocks\/footer-block\/"]}]},{"@type":"BreadcrumbList","@id":"https:\/\/www.thinksai.com\/latam\/blocks\/organic-blocks\/footer-block\/#breadcrumb","itemListElement":[{"@type":"ListItem","position":1,"name":"Portada","item":"https:\/\/www.thinksai.com\/latam\/"},{"@type":"ListItem","position":2,"name":"Blocks","item":"https:\/\/www.thinksai.com\/latam\/blocks\/"},{"@type":"ListItem","position":3,"name":"Organic Blocks","item":"https:\/\/www.thinksai.com\/latam\/blocks\/organic-blocks\/"},{"@type":"ListItem","position":4,"name":"Footer Block"}]},{"@type":"WebSite","@id":"https:\/\/www.thinksai.com\/latam\/#website","url":"https:\/\/www.thinksai.com\/latam\/","name":"ThinkSAi - LatAm","description":"","publisher":{"@id":"https:\/\/www.thinksai.com\/latam\/#organization"},"potentialAction":[{"@type":"SearchAction","target":{"@type":"EntryPoint","urlTemplate":"https:\/\/www.thinksai.com\/latam\/?s={search_term_string}"},"query-input":{"@type":"PropertyValueSpecification","valueRequired":true,"valueName":"search_term_string"}}],"inLanguage":"pt-PT"},{"@type":"Organization","@id":"https:\/\/www.thinksai.com\/latam\/#organization","name":"ThinkSAi - LatAm","url":"https:\/\/www.thinksai.com\/latam\/","logo":{"@type":"ImageObject","inLanguage":"pt-PT","@id":"https:\/\/www.thinksai.com\/latam\/#\/schema\/logo\/image\/","url":"https:\/\/www.thinksai.com\/latam\/wp-content\/uploads\/sites\/9\/2023\/06\/SAiPurple_Logo.png","contentUrl":"https:\/\/www.thinksai.com\/latam\/wp-content\/uploads\/sites\/9\/2023\/06\/SAiPurple_Logo.png","width":406,"height":407,"caption":"ThinkSAi - LatAm"},"image":{"@id":"https:\/\/www.thinksai.com\/latam\/#\/schema\/logo\/image\/"}}]}},"_links":{"self":[{"href":"https:\/\/www.thinksai.com\/latam\/pt\/wp-json\/wp\/v2\/pages\/2638","targetHints":{"allow":["GET"]}}],"collection":[{"href":"https:\/\/www.thinksai.com\/latam\/pt\/wp-json\/wp\/v2\/pages"}],"about":[{"href":"https:\/\/www.thinksai.com\/latam\/pt\/wp-json\/wp\/v2\/types\/page"}],"author":[{"embeddable":true,"href":"https:\/\/www.thinksai.com\/latam\/pt\/wp-json\/wp\/v2\/users\/236185298"}],"replies":[{"embeddable":true,"href":"https:\/\/www.thinksai.com\/latam\/pt\/wp-json\/wp\/v2\/comments?post=2638"}],"version-history":[{"count":0,"href":"https:\/\/www.thinksai.com\/latam\/pt\/wp-json\/wp\/v2\/pages\/2638\/revisions"}],"up":[{"embeddable":true,"href":"https:\/\/www.thinksai.com\/latam\/pt\/wp-json\/wp\/v2\/pages\/48"}],"wp:attachment":[{"href":"https:\/\/www.thinksai.com\/latam\/pt\/wp-json\/wp\/v2\/media?parent=2638"}],"curies":[{"name":"wp","href":"https:\/\/api.w.org\/{rel}","templated":true}]}}