{"id":2,"date":"2023-06-07T15:58:55","date_gmt":"2023-06-07T15:58:55","guid":{"rendered":"https:\/\/\/about-2\/"},"modified":"2024-01-05T01:56:45","modified_gmt":"2024-01-05T08:56:45","slug":"about-2","status":"publish","type":"page","link":"https:\/\/www.thinksai.com\/latam\/pt\/about-2\/","title":{"rendered":"Sobre"},"content":{"rendered":"<div data-elementor-type=\"wp-page\" data-elementor-id=\"2\" class=\"elementor elementor-2\" data-elementor-post-type=\"page\">\n\t\t\t\t<div class=\"elementor-element elementor-element-ea1a999 e-con-full e-flex e-con e-parent\" data-id=\"ea1a999\" data-element_type=\"container\" data-settings=\"{&quot;background_background&quot;:&quot;classic&quot;}\">\n\t\t<div class=\"elementor-element elementor-element-43157e7c e-con-full e-flex e-con e-child\" data-id=\"43157e7c\" data-element_type=\"container\">\n\t\t\t\t<div class=\"elementor-element elementor-element-5823802d elementor-invisible elementor-widget elementor-widget-heading\" data-id=\"5823802d\" data-element_type=\"widget\" data-settings=\"{&quot;_animation&quot;:&quot;fadeIn&quot;}\" data-widget_type=\"heading.default\">\n\t\t\t\t<div class=\"elementor-widget-container\">\n\t\t\t\t\t<h1 class=\"elementor-heading-title elementor-size-default\">SAi Internacional<\/h1>\t\t\t\t<\/div>\n\t\t\t\t<\/div>\n\t\t\t\t<div class=\"elementor-element elementor-element-7393b6e4 elementor-invisible elementor-widget elementor-widget-text-editor\" data-id=\"7393b6e4\" data-element_type=\"widget\" data-settings=\"{&quot;_animation&quot;:&quot;fadeIn&quot;,&quot;_animation_delay&quot;:200}\" data-widget_type=\"text-editor.default\">\n\t\t\t\t<div class=\"elementor-widget-container\">\n\t\t\t\t\t\t\t\t\t<p><strong>a solu\u00e7\u00e3o de software n\u00famero um do mundo<\/strong>\u00a0para\u00a0<a href=\"https:\/\/graphicartsmag.com\/news\/2019\/05\/sai-launches-more-powerful-flexi-sign-making-software\/\" target=\"_blank\" rel=\"noopener\">fabrico de sinais<\/a>, impress\u00e3o digital e\u00a0<a href=\"https:\/\/graphicartsmag.com\/news\/2019\/08\/sai-announces-major-enhancements-to-its-enroute-subscription-offering\/\" target=\"_blank\" rel=\"noopener\">Maquina\u00e7\u00e3o CNC<\/a>\u00a0sectores<\/p>\t\t\t\t\t\t\t\t<\/div>\n\t\t\t\t<\/div>\n\t\t\t\t<\/div>\n\t\t<div class=\"elementor-element elementor-element-5dabc128 e-con-full e-flex e-con e-child\" data-id=\"5dabc128\" data-element_type=\"container\" data-settings=\"{&quot;background_background&quot;:&quot;classic&quot;}\">\n\t\t\t\t<div class=\"elementor-element elementor-element-1cb7d7a7 elementor-invisible elementor-widget elementor-widget-image\" data-id=\"1cb7d7a7\" data-element_type=\"widget\" data-settings=\"{&quot;_animation&quot;:&quot;zoomIn&quot;}\" data-widget_type=\"image.default\">\n\t\t\t\t<div class=\"elementor-widget-container\">\n\t\t\t\t\t\t\t\t\t\t\t\t\t\t\t<img fetchpriority=\"high\" decoding=\"async\" width=\"406\" height=\"407\" src=\"https:\/\/www.thinksai.com\/latam\/wp-content\/uploads\/sites\/9\/2023\/06\/SAiPurple_Logo.png\" class=\"attachment-large size-large wp-image-21\" alt=\"SAi Logo\" srcset=\"https:\/\/www.thinksai.com\/latam\/wp-content\/uploads\/sites\/9\/2023\/06\/SAiPurple_Logo.png 406w, https:\/\/www.thinksai.com\/latam\/wp-content\/uploads\/sites\/9\/2023\/06\/SAiPurple_Logo-300x300.png 300w, https:\/\/www.thinksai.com\/latam\/wp-content\/uploads\/sites\/9\/2023\/06\/SAiPurple_Logo-150x150.png 150w, https:\/\/www.thinksai.com\/latam\/wp-content\/uploads\/sites\/9\/2023\/06\/SAiPurple_Logo-12x12.png 12w\" sizes=\"(max-width: 406px) 100vw, 406px\" \/>\t\t\t\t\t\t\t\t\t\t\t\t\t\t\t<\/div>\n\t\t\t\t<\/div>\n\t\t\t\t<\/div>\n\t\t\t\t<\/div>\n\t\t<div class=\"elementor-element elementor-element-6574a2eb e-con-full e-flex e-con e-parent\" data-id=\"6574a2eb\" data-element_type=\"container\" data-settings=\"{&quot;background_background&quot;:&quot;classic&quot;}\">\n\t\t<div class=\"elementor-element elementor-element-3501ea32 e-con-full e-flex e-con e-child\" data-id=\"3501ea32\" data-element_type=\"container\">\n\t\t\t\t<div class=\"elementor-element elementor-element-d84a7e3 elementor-widget__width-inherit elementor-widget-divider--view-line elementor-invisible elementor-widget elementor-widget-divider\" data-id=\"d84a7e3\" data-element_type=\"widget\" data-settings=\"{&quot;_animation&quot;:&quot;fadeInLeft&quot;}\" data-widget_type=\"divider.default\">\n\t\t\t\t<div class=\"elementor-widget-container\">\n\t\t\t\t\t\t\t<div class=\"elementor-divider\">\n\t\t\t<span class=\"elementor-divider-separator\">\n\t\t\t\t\t\t<\/span>\n\t\t<\/div>\n\t\t\t\t\t\t<\/div>\n\t\t\t\t<\/div>\n\t\t\t\t<div class=\"elementor-element elementor-element-50ce1a9d elementor-widget__width-initial elementor-widget-tablet__width-inherit elementor-widget elementor-widget-heading\" data-id=\"50ce1a9d\" data-element_type=\"widget\" data-widget_type=\"heading.default\">\n\t\t\t\t<div class=\"elementor-widget-container\">\n\t\t\t\t\t<h2 class=\"elementor-heading-title elementor-size-default\">A resposta para todos os profissionais que querem qualidade e facilidade de utiliza\u00e7\u00e3o.<\/h2>\t\t\t\t<\/div>\n\t\t\t\t<\/div>\n\t\t\t\t<div class=\"elementor-element elementor-element-65fcd065 elementor-widget__width-initial elementor-widget-tablet__width-inherit elementor-widget elementor-widget-text-editor\" data-id=\"65fcd065\" data-element_type=\"widget\" data-widget_type=\"text-editor.default\">\n\t\t\t\t<div class=\"elementor-widget-container\">\n\t\t\t\t\t\t\t\t\t<p>Transforme ideias criativas em realidade com as ferramentas de design e edi\u00e7\u00e3o de classe mundial do SAi, orientadas para a produ\u00e7\u00e3o. Temos solu\u00e7\u00f5es para\u00a0<a href=\"https:\/\/www.thinksai.com\/products\/flexi\" target=\"_blank\" rel=\"noopener\">software de impress\u00e3o e corte<\/a>\u00a0para as empresas, bem como\u00a0<a href=\"https:\/\/www.thinksai.com\/products\/enroute\" target=\"_blank\" rel=\"noopener\">Software CAD\/CAM<\/a>\u00a0para maquinagem CNC. Quer pretenda criar envelopes para ve\u00edculos, faixas, sinais tridimensionais ou outros, a SAi tem o sistema de software de impress\u00e3o e corte que se adapta \u00e0s necessidades da sua empresa.<\/p>\t\t\t\t\t\t\t\t<\/div>\n\t\t\t\t<\/div>\n\t\t\t\t<\/div>\n\t\t<div class=\"elementor-element elementor-element-307915e1 e-flex e-con-boxed e-con e-child\" data-id=\"307915e1\" data-element_type=\"container\">\n\t\t\t\t\t<div class=\"e-con-inner\">\n\t\t\t\t<div class=\"elementor-element elementor-element-2fa390f8 elementor-invisible elementor-widget elementor-widget-icon-box\" data-id=\"2fa390f8\" data-element_type=\"widget\" data-settings=\"{&quot;_animation&quot;:&quot;fadeInUp&quot;}\" data-widget_type=\"icon-box.default\">\n\t\t\t\t<div class=\"elementor-widget-container\">\n\t\t\t\t\t\t\t<div class=\"elementor-icon-box-wrapper\">\n\n\t\t\t\n\t\t\t\t\t\t<div class=\"elementor-icon-box-content\">\n\n\t\t\t\t\t\t\t\t\t<h3 class=\"elementor-icon-box-title\">\n\t\t\t\t\t\t<span  >\n\t\t\t\t\t\t\tA nossa vis\u00e3o\t\t\t\t\t\t<\/span>\n\t\t\t\t\t<\/h3>\n\t\t\t\t\n\t\t\t\t\t\t\t\t\t<p class=\"elementor-icon-box-description\">\n\t\t\t\t\t\tUma solu\u00e7\u00e3o que combina qualidade e facilidade de utiliza\u00e7\u00e3o, permitindo aos utilizadores concentrarem-se na obten\u00e7\u00e3o dos resultados desejados e na expans\u00e3o das suas possibilidades.\t\t\t\t\t<\/p>\n\t\t\t\t\n\t\t\t<\/div>\n\t\t\t\n\t\t<\/div>\n\t\t\t\t\t\t<\/div>\n\t\t\t\t<\/div>\n\t\t\t\t<div class=\"elementor-element elementor-element-54a3e50f elementor-invisible elementor-widget elementor-widget-icon-box\" data-id=\"54a3e50f\" data-element_type=\"widget\" data-settings=\"{&quot;_animation&quot;:&quot;fadeInUp&quot;,&quot;_animation_delay&quot;:100}\" data-widget_type=\"icon-box.default\">\n\t\t\t\t<div class=\"elementor-widget-container\">\n\t\t\t\t\t\t\t<div class=\"elementor-icon-box-wrapper\">\n\n\t\t\t\n\t\t\t\t\t\t<div class=\"elementor-icon-box-content\">\n\n\t\t\t\t\t\t\t\t\t<h3 class=\"elementor-icon-box-title\">\n\t\t\t\t\t\t<span  >\n\t\t\t\t\t\t\tA nossa miss\u00e3o\t\t\t\t\t\t<\/span>\n\t\t\t\t\t<\/h3>\n\t\t\t\t\n\t\t\t\t\t\t\t\t\t<p class=\"elementor-icon-box-description\">\n\t\t\t\t\t\tCapacitar os profissionais de todo o mundo com as solu\u00e7\u00f5es mais avan\u00e7adas para as suas necessidades criativas na conce\u00e7\u00e3o e produ\u00e7\u00e3o de produtos de impress\u00e3o e sinal\u00e9tica para os seus clientes.\t\t\t\t\t<\/p>\n\t\t\t\t\n\t\t\t<\/div>\n\t\t\t\n\t\t<\/div>\n\t\t\t\t\t\t<\/div>\n\t\t\t\t<\/div>\n\t\t\t\t<div class=\"elementor-element elementor-element-7225d35a elementor-invisible elementor-widget elementor-widget-icon-box\" data-id=\"7225d35a\" data-element_type=\"widget\" data-settings=\"{&quot;_animation&quot;:&quot;fadeInUp&quot;,&quot;_animation_delay&quot;:200}\" data-widget_type=\"icon-box.default\">\n\t\t\t\t<div class=\"elementor-widget-container\">\n\t\t\t\t\t\t\t<div class=\"elementor-icon-box-wrapper\">\n\n\t\t\t\n\t\t\t\t\t\t<div class=\"elementor-icon-box-content\">\n\n\t\t\t\t\t\t\t\t\t<h3 class=\"elementor-icon-box-title\">\n\t\t\t\t\t\t<span  >\n\t\t\t\t\t\t\tO nosso processo\t\t\t\t\t\t<\/span>\n\t\t\t\t\t<\/h3>\n\t\t\t\t\n\t\t\t\t\t\t\t\t\t<p class=\"elementor-icon-box-description\">\n\t\t\t\t\t\tDamos resposta \u00e0s necessidades genu\u00ednas dos profissionais, cuidando de cada etapa do nosso fluxo de trabalho com paix\u00e3o e dedica\u00e7\u00e3o, garantindo as melhores solu\u00e7\u00f5es de software poss\u00edveis.\t\t\t\t\t<\/p>\n\t\t\t\t\n\t\t\t<\/div>\n\t\t\t\n\t\t<\/div>\n\t\t\t\t\t\t<\/div>\n\t\t\t\t<\/div>\n\t\t\t\t\t<\/div>\n\t\t\t\t<\/div>\n\t\t\t\t<\/div>\n\t\t\t\t<\/div>","protected":false},"excerpt":{"rendered":"<p>SAi International the number one software solution in the world\u00c2\u00a0for\u00c2\u00a0sign making, digital printing and\u00c2\u00a0CNC machining\u00c2\u00a0industries The answer to all those professionals who want quality &#038; ease of use. Turn creative ideas into reality with SAi\u00e2\u20ac\u2122s world-class design and editing tools geared for production. We carry solutions for\u00c2\u00a0print &amp; cut software\u00c2\u00a0for business, as well as\u00c2\u00a0CAD\/CAM software\u00c2\u00a0for [&hellip;]<\/p>\n","protected":false},"author":236185292,"featured_media":0,"parent":0,"menu_order":0,"comment_status":"closed","ping_status":"closed","template":"","meta":{"_acf_changed":false,"_eb_attr":"","site-sidebar-layout":"no-sidebar","site-content-layout":"page-builder","ast-site-content-layout":"full-width-container","site-content-style":"default","site-sidebar-style":"default","ast-global-header-display":"","ast-banner-title-visibility":"","ast-main-header-display":"","ast-hfb-above-header-display":"","ast-hfb-below-header-display":"","ast-hfb-mobile-header-display":"","site-post-title":"disabled","ast-breadcrumbs-content":"","ast-featured-img":"disabled","footer-sml-layout":"","ast-disable-related-posts":"","theme-transparent-header-meta":"","adv-header-id-meta":"","stick-header-meta":"","header-above-stick-meta":"","header-main-stick-meta":"","header-below-stick-meta":"","astra-migrate-meta-layouts":"set","ast-page-background-enabled":"default","ast-page-background-meta":{"desktop":{"background-color":"var(--ast-global-color-4)","background-image":"","background-repeat":"repeat","background-position":"center center","background-size":"auto","background-attachment":"scroll","background-type":"","background-media":"","overlay-type":"","overlay-color":"","overlay-opacity":"","overlay-gradient":""},"tablet":{"background-color":"","background-image":"","background-repeat":"repeat","background-position":"center center","background-size":"auto","background-attachment":"scroll","background-type":"","background-media":"","overlay-type":"","overlay-color":"","overlay-opacity":"","overlay-gradient":""},"mobile":{"background-color":"","background-image":"","background-repeat":"repeat","background-position":"center center","background-size":"auto","background-attachment":"scroll","background-type":"","background-media":"","overlay-type":"","overlay-color":"","overlay-opacity":"","overlay-gradient":""}},"ast-content-background-meta":{"desktop":{"background-color":"var(--ast-global-color-5)","background-image":"","background-repeat":"repeat","background-position":"center center","background-size":"auto","background-attachment":"scroll","background-type":"","background-media":"","overlay-type":"","overlay-color":"","overlay-opacity":"","overlay-gradient":""},"tablet":{"background-color":"var(--ast-global-color-5)","background-image":"","background-repeat":"repeat","background-position":"center center","background-size":"auto","background-attachment":"scroll","background-type":"","background-media":"","overlay-type":"","overlay-color":"","overlay-opacity":"","overlay-gradient":""},"mobile":{"background-color":"var(--ast-global-color-5)","background-image":"","background-repeat":"repeat","background-position":"center center","background-size":"auto","background-attachment":"scroll","background-type":"","background-media":"","overlay-type":"","overlay-color":"","overlay-opacity":"","overlay-gradient":""}},"footnotes":""},"class_list":["post-2","page","type-page","status-publish","hentry"],"acf":[],"yoast_head":"<!-- This site is optimized with the Yoast SEO plugin v27.4 - https:\/\/yoast.com\/product\/yoast-seo-wordpress\/ -->\n<title>About - ThinkSAi - LatAm<\/title>\n<meta name=\"robots\" content=\"index, follow, max-snippet:-1, max-image-preview:large, max-video-preview:-1\" \/>\n<link rel=\"canonical\" href=\"https:\/\/www.thinksai.com\/latam\/pt\/about-2\/\" \/>\n<meta property=\"og:locale\" content=\"pt_PT\" \/>\n<meta property=\"og:type\" content=\"article\" \/>\n<meta property=\"og:title\" content=\"About - ThinkSAi - LatAm\" \/>\n<meta property=\"og:description\" content=\"SAi International the number one software solution in the world\u00c2\u00a0for\u00c2\u00a0sign making, digital printing and\u00c2\u00a0CNC machining\u00c2\u00a0industries The answer to all those professionals who want quality &#038; ease of use. Turn creative ideas into reality with SAi\u00e2\u20ac\u2122s world-class design and editing tools geared for production. We carry solutions for\u00c2\u00a0print &amp; cut software\u00c2\u00a0for business, as well as\u00c2\u00a0CAD\/CAM software\u00c2\u00a0for [&hellip;]\" \/>\n<meta property=\"og:url\" content=\"https:\/\/www.thinksai.com\/latam\/pt\/about-2\/\" \/>\n<meta property=\"og:site_name\" content=\"ThinkSAi - LatAm\" \/>\n<meta property=\"article:modified_time\" content=\"2024-01-05T08:56:45+00:00\" \/>\n<meta name=\"twitter:card\" content=\"summary_large_image\" \/>\n<meta name=\"twitter:label1\" content=\"Tempo estimado de leitura\" \/>\n\t<meta name=\"twitter:data1\" content=\"1 minuto\" \/>\n<script type=\"application\/ld+json\" class=\"yoast-schema-graph\">{\"@context\":\"https:\\\/\\\/schema.org\",\"@graph\":[{\"@type\":\"WebPage\",\"@id\":\"https:\\\/\\\/www.thinksai.com\\\/latam\\\/about-2\\\/\",\"url\":\"https:\\\/\\\/www.thinksai.com\\\/latam\\\/about-2\\\/\",\"name\":\"About - ThinkSAi - LatAm\",\"isPartOf\":{\"@id\":\"https:\\\/\\\/www.thinksai.com\\\/latam\\\/#website\"},\"datePublished\":\"2023-06-07T15:58:55+00:00\",\"dateModified\":\"2024-01-05T08:56:45+00:00\",\"breadcrumb\":{\"@id\":\"https:\\\/\\\/www.thinksai.com\\\/latam\\\/about-2\\\/#breadcrumb\"},\"inLanguage\":\"pt-PT\",\"potentialAction\":[{\"@type\":\"ReadAction\",\"target\":[\"https:\\\/\\\/www.thinksai.com\\\/latam\\\/about-2\\\/\"]}]},{\"@type\":\"BreadcrumbList\",\"@id\":\"https:\\\/\\\/www.thinksai.com\\\/latam\\\/about-2\\\/#breadcrumb\",\"itemListElement\":[{\"@type\":\"ListItem\",\"position\":1,\"name\":\"Portada\",\"item\":\"https:\\\/\\\/www.thinksai.com\\\/latam\\\/\"},{\"@type\":\"ListItem\",\"position\":2,\"name\":\"About\"}]},{\"@type\":\"WebSite\",\"@id\":\"https:\\\/\\\/www.thinksai.com\\\/latam\\\/#website\",\"url\":\"https:\\\/\\\/www.thinksai.com\\\/latam\\\/\",\"name\":\"ThinkSAi - LatAm\",\"description\":\"\",\"publisher\":{\"@id\":\"https:\\\/\\\/www.thinksai.com\\\/latam\\\/#organization\"},\"potentialAction\":[{\"@type\":\"SearchAction\",\"target\":{\"@type\":\"EntryPoint\",\"urlTemplate\":\"https:\\\/\\\/www.thinksai.com\\\/latam\\\/?s={search_term_string}\"},\"query-input\":{\"@type\":\"PropertyValueSpecification\",\"valueRequired\":true,\"valueName\":\"search_term_string\"}}],\"inLanguage\":\"pt-PT\"},{\"@type\":\"Organization\",\"@id\":\"https:\\\/\\\/www.thinksai.com\\\/latam\\\/#organization\",\"name\":\"ThinkSAi - LatAm\",\"url\":\"https:\\\/\\\/www.thinksai.com\\\/latam\\\/\",\"logo\":{\"@type\":\"ImageObject\",\"inLanguage\":\"pt-PT\",\"@id\":\"https:\\\/\\\/www.thinksai.com\\\/latam\\\/#\\\/schema\\\/logo\\\/image\\\/\",\"url\":\"https:\\\/\\\/www.thinksai.com\\\/latam\\\/wp-content\\\/uploads\\\/sites\\\/9\\\/2023\\\/06\\\/SAiPurple_Logo.png\",\"contentUrl\":\"https:\\\/\\\/www.thinksai.com\\\/latam\\\/wp-content\\\/uploads\\\/sites\\\/9\\\/2023\\\/06\\\/SAiPurple_Logo.png\",\"width\":406,\"height\":407,\"caption\":\"ThinkSAi - LatAm\"},\"image\":{\"@id\":\"https:\\\/\\\/www.thinksai.com\\\/latam\\\/#\\\/schema\\\/logo\\\/image\\\/\"}}]}<\/script>\n<!-- \/ Yoast SEO plugin. -->","yoast_head_json":{"title":"Sobre - ThinkSAi - LatAm","robots":{"index":"index","follow":"follow","max-snippet":"max-snippet:-1","max-image-preview":"max-image-preview:large","max-video-preview":"max-video-preview:-1"},"canonical":"https:\/\/www.thinksai.com\/latam\/pt\/about-2\/","og_locale":"pt_PT","og_type":"article","og_title":"About - ThinkSAi - LatAm","og_description":"SAi International the number one software solution in the world\u00c2\u00a0for\u00c2\u00a0sign making, digital printing and\u00c2\u00a0CNC machining\u00c2\u00a0industries The answer to all those professionals who want quality &#038; ease of use. Turn creative ideas into reality with SAi\u00e2\u20ac\u2122s world-class design and editing tools geared for production. We carry solutions for\u00c2\u00a0print &amp; cut software\u00c2\u00a0for business, as well as\u00c2\u00a0CAD\/CAM software\u00c2\u00a0for [&hellip;]","og_url":"https:\/\/www.thinksai.com\/latam\/pt\/about-2\/","og_site_name":"ThinkSAi - LatAm","article_modified_time":"2024-01-05T08:56:45+00:00","twitter_card":"summary_large_image","twitter_misc":{"Tempo estimado de leitura":"1 minuto"},"schema":{"@context":"https:\/\/schema.org","@graph":[{"@type":"WebPage","@id":"https:\/\/www.thinksai.com\/latam\/about-2\/","url":"https:\/\/www.thinksai.com\/latam\/about-2\/","name":"Sobre - ThinkSAi - LatAm","isPartOf":{"@id":"https:\/\/www.thinksai.com\/latam\/#website"},"datePublished":"2023-06-07T15:58:55+00:00","dateModified":"2024-01-05T08:56:45+00:00","breadcrumb":{"@id":"https:\/\/www.thinksai.com\/latam\/about-2\/#breadcrumb"},"inLanguage":"pt-PT","potentialAction":[{"@type":"ReadAction","target":["https:\/\/www.thinksai.com\/latam\/about-2\/"]}]},{"@type":"BreadcrumbList","@id":"https:\/\/www.thinksai.com\/latam\/about-2\/#breadcrumb","itemListElement":[{"@type":"ListItem","position":1,"name":"Portada","item":"https:\/\/www.thinksai.com\/latam\/"},{"@type":"ListItem","position":2,"name":"About"}]},{"@type":"WebSite","@id":"https:\/\/www.thinksai.com\/latam\/#website","url":"https:\/\/www.thinksai.com\/latam\/","name":"ThinkSAi - LatAm","description":"","publisher":{"@id":"https:\/\/www.thinksai.com\/latam\/#organization"},"potentialAction":[{"@type":"SearchAction","target":{"@type":"EntryPoint","urlTemplate":"https:\/\/www.thinksai.com\/latam\/?s={search_term_string}"},"query-input":{"@type":"PropertyValueSpecification","valueRequired":true,"valueName":"search_term_string"}}],"inLanguage":"pt-PT"},{"@type":"Organization","@id":"https:\/\/www.thinksai.com\/latam\/#organization","name":"ThinkSAi - LatAm","url":"https:\/\/www.thinksai.com\/latam\/","logo":{"@type":"ImageObject","inLanguage":"pt-PT","@id":"https:\/\/www.thinksai.com\/latam\/#\/schema\/logo\/image\/","url":"https:\/\/www.thinksai.com\/latam\/wp-content\/uploads\/sites\/9\/2023\/06\/SAiPurple_Logo.png","contentUrl":"https:\/\/www.thinksai.com\/latam\/wp-content\/uploads\/sites\/9\/2023\/06\/SAiPurple_Logo.png","width":406,"height":407,"caption":"ThinkSAi - LatAm"},"image":{"@id":"https:\/\/www.thinksai.com\/latam\/#\/schema\/logo\/image\/"}}]}},"_links":{"self":[{"href":"https:\/\/www.thinksai.com\/latam\/pt\/wp-json\/wp\/v2\/pages\/2","targetHints":{"allow":["GET"]}}],"collection":[{"href":"https:\/\/www.thinksai.com\/latam\/pt\/wp-json\/wp\/v2\/pages"}],"about":[{"href":"https:\/\/www.thinksai.com\/latam\/pt\/wp-json\/wp\/v2\/types\/page"}],"author":[{"embeddable":true,"href":"https:\/\/www.thinksai.com\/latam\/pt\/wp-json\/wp\/v2\/users\/236185292"}],"replies":[{"embeddable":true,"href":"https:\/\/www.thinksai.com\/latam\/pt\/wp-json\/wp\/v2\/comments?post=2"}],"version-history":[{"count":0,"href":"https:\/\/www.thinksai.com\/latam\/pt\/wp-json\/wp\/v2\/pages\/2\/revisions"}],"wp:attachment":[{"href":"https:\/\/www.thinksai.com\/latam\/pt\/wp-json\/wp\/v2\/media?parent=2"}],"curies":[{"name":"wp","href":"https:\/\/api.w.org\/{rel}","templated":true}]}}