{"id":1393,"date":"2021-11-29T19:46:39","date_gmt":"2021-11-29T19:46:39","guid":{"rendered":"https:\/\/stax.organicthemes.com\/?page_id=1393"},"modified":"2021-11-29T19:46:39","modified_gmt":"2021-11-29T19:46:39","slug":"posts-block","status":"publish","type":"page","link":"https:\/\/www.thinksai.com\/latam\/pt\/blocks\/organic-blocks\/posts-block\/","title":{"rendered":"Bloco de Mensagens"},"content":{"rendered":"<div class=\"wp-block-group is-layout-flow wp-block-group-is-layout-flow\">\n<hr class=\"wp-block-separator has-text-color has-medium-gray-color has-css-opacity has-medium-gray-background-color has-background is-style-wide\"\/>\n\n\n\n<div class=\"wp-block-columns are-vertically-aligned-center is-layout-flex wp-container-core-columns-is-layout-28f84493 wp-block-columns-is-layout-flex\">\n<div class=\"wp-block-column is-vertically-aligned-center is-layout-flow wp-block-column-is-layout-flow\">\n<h4 class=\"wp-block-heading has-medium-font-size\" id=\"content-slideshow-block-1\">Exemplos de blocos de posts<\/h4>\n<\/div>\n\n\n\n<div class=\"wp-block-column is-vertically-aligned-center is-layout-flow wp-block-column-is-layout-flow\">\n<div class=\"wp-block-buttons is-content-justification-right is-layout-flex wp-container-core-buttons-is-layout-d445cf74 wp-block-buttons-is-layout-flex\">\n<div class=\"wp-block-button has-custom-font-size is-style-outline has-extra-small-font-size is-style-outline--1\"><a class=\"wp-block-button__link wp-element-button\" href=\"https:\/\/organicthemes.com\/block\/posts-block\/\">Documenta\u00e7\u00e3o<\/a><\/div>\n\n\n\n<div class=\"wp-block-button\"><a class=\"wp-block-button__link has-subtle-teal-gradient-background has-background wp-element-button\" href=\"https:\/\/organicthemes.com\/blocks\/\">Comprar blocos<\/a><\/div>\n<\/div>\n<\/div>\n<\/div>\n\n\n\n<hr class=\"wp-block-separator has-text-color has-medium-gray-color has-css-opacity has-medium-gray-background-color has-background is-style-wide\"\/>\n\n\n\n<p class=\"has-normal-font-size\">O <strong>Bloco de Mensagens<\/strong> apresenta uma cole\u00e7\u00e3o de mensagens de um tipo de mensagem selecionado num esquema de blogue personaliz\u00e1vel. Al\u00e9m disso, o bloco inclui a op\u00e7\u00e3o de filtrar dinamicamente as mensagens por categoria ou termo de pesquisa. \u00c9 o bloco WordPress perfeito para criar artigos em destaque, sec\u00e7\u00f5es de not\u00edcias recentes e p\u00e1ginas de blogue.<\/p>\n\n\n\n<p class=\"has-small-font-size\">Abaixo s\u00e3o apresentadas v\u00e1rias varia\u00e7\u00f5es de blocos. Cada varia\u00e7\u00e3o pode ser copiada para a sua \u00e1rea de transfer\u00eancia e colada diretamente no seu editor de blocos do WordPress. No entanto, o <a rel=\"noreferrer noopener\" href=\"https:\/\/organicthemes.com\/blocks\/\" target=\"_blank\"><strong>Blocos org\u00e2nicos<\/strong><\/a> plugin \u00e9 necess\u00e1rio.<\/p>\n\n\n\n<p class=\"has-small-font-size\"><strong>Nota:<\/strong> Os blocos que apresentam conte\u00fado existente, como este, podem exigir que as defini\u00e7\u00f5es de tipo de publica\u00e7\u00e3o e categoria sejam reconfiguradas depois de colar o bloco no seu editor. Al\u00e9m disso, estas s\u00e3o varia\u00e7\u00f5es de estilo de exemplo criadas para mostrar a flexibilidade do bloco. Qualquer varia\u00e7\u00e3o pode ser modificada a seu gosto, e varia\u00e7\u00f5es totalmente novas podem ser criadas usando as configura\u00e7\u00f5es do bloco.<\/p>\n\n\n\n<div style=\"height:40px\" aria-hidden=\"true\" class=\"wp-block-spacer\"><\/div>\n<\/div>\n\n\n\n<h4 class=\"wp-block-heading has-text-align-center\" id=\"variation-1\">Varia\u00e7\u00e3o 1<\/h4>\n\n\n\n\n\n<div class=\"wp-block-group is-layout-flow wp-block-group-is-layout-flow\">\n<div class=\"wp-block-columns are-vertically-aligned-center is-layout-flex wp-container-core-columns-is-layout-28f84493 wp-block-columns-is-layout-flex\">\n<div class=\"wp-block-column is-vertically-aligned-center is-layout-flow wp-block-column-is-layout-flow\" style=\"flex-basis:60%\">\n<p class=\"has-small-font-size\">Copie esta varia\u00e7\u00e3o de bloco utilizando o bot\u00e3o e cole-a no seu editor de blocos do WordPress. A <strong>Blocos org\u00e2nicos<\/strong> plugin \u00e9 necess\u00e1rio.<\/p>\n<\/div>\n\n\n\n<div class=\"wp-block-column is-vertically-aligned-center is-layout-flow wp-block-column-is-layout-flow\">\n<div id=\"obb-clipboard-id-0\" class=\"wp-block-obb-clipboard-block organic-block obb-clipboard wp-block-button obb-clipboard-button is-style-outline\" style=\"text-align:right\"><a id=\"obb-clipboard-button-0\" class=\"wp-block-button__link\" data-alert-target=\"obb-clipboard-alert-0\" data-clipboard-text=\"&lt;!-- wp:obb\/post-block {&quot;editMode&quot;:false,&quot;postcategory&quot;:[&quot;Featured&quot;],&quot;posttype&quot;:&quot;post&quot;,&quot;posttaxonomy&quot;:&quot;category&quot;,&quot;poststyle&quot;:&quot;angular&quot;,&quot;postheading&quot;:&quot;h3&quot;,&quot;postheadingsize&quot;:&quot;32px&quot;,&quot;postauthor&quot;:false,&quot;postexcerpt&quot;:false,&quot;masonrylayout&quot;:false,&quot;maxposts&quot;:&quot;3&quot;,&quot;posttitlecolor&quot;:&quot;#fff&quot;,&quot;posttextcolor&quot;:&quot;#fff&quot;,&quot;postlinkcolor&quot;:&quot;#fff&quot;,&quot;btntextcolor&quot;:&quot;#f00&quot;,&quot;postbggradient&quot;:&quot;linear-gradient(135deg, rgb(244, 182, 0), rgb(200, 0, 0) 100%)&quot;,&quot;buttoncolor&quot;:&quot;#fff&quot;,&quot;align&quot;:&quot;wide&quot;} \/--&gt;\" style=\"border-radius:3px;border-width:2px;border-style:solid;border-color:#ccc\"><span class=\"obb-clipboard-button-text\">Bloco de c\u00f3pias<\/span><\/a><div id=\"obb-clipboard-alert-0\" class=\"obb-clipboard-alert\">Bloco copiado para a \u00e1rea de transfer\u00eancia!<\/div><\/div>\n<\/div>\n<\/div>\n\n\n\n<hr class=\"wp-block-separator has-text-color has-medium-gray-color has-css-opacity has-medium-gray-background-color has-background is-style-wide\"\/>\n\n\n\n<div style=\"height:80px\" aria-hidden=\"true\" class=\"wp-block-spacer\"><\/div>\n<\/div>\n\n\n\n<h4 class=\"wp-block-heading has-text-align-center\" id=\"variation-2\">Varia\u00e7\u00e3o 2<\/h4>\n\n\n\n\n\n<div class=\"wp-block-group is-layout-flow wp-block-group-is-layout-flow\">\n<div class=\"wp-block-columns are-vertically-aligned-center is-layout-flex wp-container-core-columns-is-layout-28f84493 wp-block-columns-is-layout-flex\">\n<div class=\"wp-block-column is-vertically-aligned-center is-layout-flow wp-block-column-is-layout-flow\" style=\"flex-basis:60%\">\n<p class=\"has-small-font-size\">Copie esta varia\u00e7\u00e3o de bloco utilizando o bot\u00e3o e cole-a no seu editor de blocos do WordPress. A <strong>Blocos org\u00e2nicos<\/strong> plugin \u00e9 necess\u00e1rio.<\/p>\n<\/div>\n\n\n\n<div class=\"wp-block-column is-vertically-aligned-center is-layout-flow wp-block-column-is-layout-flow\">\n<div id=\"obb-clipboard-id-1\" class=\"wp-block-obb-clipboard-block organic-block obb-clipboard wp-block-button obb-clipboard-button is-style-outline\" style=\"text-align:right\"><a id=\"obb-clipboard-button-1\" class=\"wp-block-button__link\" data-alert-target=\"obb-clipboard-alert-1\" data-clipboard-text=\"&lt;!-- wp:obb\/post-block {&quot;editMode&quot;:false,&quot;className&quot;:&quot;is-style-obb-post-layout-secondary&quot;,&quot;textalignment&quot;:&quot;left&quot;,&quot;postcategory&quot;:[&quot;Featured&quot;],&quot;posttype&quot;:&quot;post&quot;,&quot;posttaxonomy&quot;:&quot;category&quot;,&quot;poststyle&quot;:&quot;modern&quot;,&quot;postorientation&quot;:&quot;horizontal&quot;,&quot;postheading&quot;:&quot;h5&quot;,&quot;postlink&quot;:false,&quot;postpagination&quot;:false,&quot;postcolumns&quot;:1,&quot;maxposts&quot;:&quot;3&quot;,&quot;posttitlecolor&quot;:&quot;#fff&quot;,&quot;posttextcolor&quot;:&quot;#e1c8ec&quot;,&quot;postlinkcolor&quot;:&quot;#ff33cc&quot;,&quot;postbggradient&quot;:&quot;linear-gradient(229deg,rgb(0,5,80) 0%,rgb(124,0,163) 100%)&quot;,&quot;align&quot;:&quot;wide&quot;} \/--&gt;\" style=\"border-radius:3px;border-width:2px;border-style:solid;border-color:#ccc\"><span class=\"obb-clipboard-button-text\">Bloco de c\u00f3pias<\/span><\/a><div id=\"obb-clipboard-alert-1\" class=\"obb-clipboard-alert\">Bloco copiado para a \u00e1rea de transfer\u00eancia!<\/div><\/div>\n<\/div>\n<\/div>\n\n\n\n<hr class=\"wp-block-separator has-text-color has-medium-gray-color has-css-opacity has-medium-gray-background-color has-background is-style-wide\"\/>\n\n\n\n<div style=\"height:80px\" aria-hidden=\"true\" class=\"wp-block-spacer\"><\/div>\n<\/div>\n\n\n\n<h4 class=\"wp-block-heading has-text-align-center\" id=\"variation-3\">Varia\u00e7\u00e3o 3<\/h4>\n\n\n\n\n\n<div class=\"wp-block-group is-layout-flow wp-block-group-is-layout-flow\">\n<div class=\"wp-block-columns are-vertically-aligned-center is-layout-flex wp-container-core-columns-is-layout-28f84493 wp-block-columns-is-layout-flex\">\n<div class=\"wp-block-column is-vertically-aligned-center is-layout-flow wp-block-column-is-layout-flow\" style=\"flex-basis:60%\">\n<p class=\"has-small-font-size\">Copie esta varia\u00e7\u00e3o de bloco utilizando o bot\u00e3o e cole-a no seu editor de blocos do WordPress. A <strong>Blocos org\u00e2nicos<\/strong> plugin \u00e9 necess\u00e1rio.<\/p>\n<\/div>\n\n\n\n<div class=\"wp-block-column is-vertically-aligned-center is-layout-flow wp-block-column-is-layout-flow\">\n<div id=\"obb-clipboard-id-2\" class=\"wp-block-obb-clipboard-block organic-block obb-clipboard wp-block-button obb-clipboard-button is-style-outline\" style=\"text-align:right\"><a id=\"obb-clipboard-button-2\" class=\"wp-block-button__link\" data-alert-target=\"obb-clipboard-alert-2\" data-clipboard-text=\"&lt;!-- wp:obb\/post-block {&quot;editMode&quot;:false,&quot;postcategory&quot;:[&quot;Branding&quot;,&quot;Packaging&quot;,&quot;Product Design&quot;,&quot;Web Design&quot;],&quot;posttype&quot;:&quot;jetpack-portfolio&quot;,&quot;posttaxonomy&quot;:&quot;jetpack-portfolio-type&quot;,&quot;poststyle&quot;:&quot;modern&quot;,&quot;postheading&quot;:&quot;h6&quot;,&quot;postheadingsize&quot;:&quot;18px&quot;,&quot;postbodysize&quot;:&quot;14px&quot;,&quot;postdate&quot;:false,&quot;postauthor&quot;:false,&quot;postcat&quot;:false,&quot;postexcerpt&quot;:false,&quot;filternav&quot;:true,&quot;postcolumns&quot;:4,&quot;posttitlecolor&quot;:&quot;#cc9900&quot;,&quot;postlinkcolor&quot;:&quot;#cc9900&quot;,&quot;postbgcolor&quot;:&quot;#fff&quot;,&quot;buttoncolor&quot;:&quot;#cc9900&quot;,&quot;align&quot;:&quot;full&quot;} \/--&gt;\" style=\"border-radius:3px;border-width:2px;border-style:solid;border-color:#ccc\"><span class=\"obb-clipboard-button-text\">Bloco de c\u00f3pias<\/span><\/a><div id=\"obb-clipboard-alert-2\" class=\"obb-clipboard-alert\">Bloco copiado para a \u00e1rea de transfer\u00eancia!<\/div><\/div>\n<\/div>\n<\/div>\n\n\n\n<hr class=\"wp-block-separator has-text-color has-medium-gray-color has-css-opacity has-medium-gray-background-color has-background is-style-wide\"\/>\n\n\n\n<div style=\"height:80px\" aria-hidden=\"true\" class=\"wp-block-spacer\"><\/div>\n<\/div>\n\n\n\n<h4 class=\"wp-block-heading has-text-align-center\" id=\"variation-4\">Varia\u00e7\u00e3o 4<\/h4>\n\n\n\n\n\n<div class=\"wp-block-group is-layout-flow wp-block-group-is-layout-flow\">\n<div class=\"wp-block-columns are-vertically-aligned-center is-layout-flex wp-container-core-columns-is-layout-28f84493 wp-block-columns-is-layout-flex\">\n<div class=\"wp-block-column is-vertically-aligned-center is-layout-flow wp-block-column-is-layout-flow\" style=\"flex-basis:60%\">\n<p class=\"has-small-font-size\">Copie esta varia\u00e7\u00e3o de bloco utilizando o bot\u00e3o e cole-a no seu editor de blocos do WordPress. A <strong>Blocos org\u00e2nicos<\/strong> plugin \u00e9 necess\u00e1rio.<\/p>\n<\/div>\n\n\n\n<div class=\"wp-block-column is-vertically-aligned-center is-layout-flow wp-block-column-is-layout-flow\">\n<div id=\"obb-clipboard-id-3\" class=\"wp-block-obb-clipboard-block organic-block obb-clipboard wp-block-button obb-clipboard-button is-style-outline\" style=\"text-align:right\"><a id=\"obb-clipboard-button-3\" class=\"wp-block-button__link\" data-alert-target=\"obb-clipboard-alert-3\" data-clipboard-text=\"&lt;!-- wp:obb\/post-block {&quot;editMode&quot;:false,&quot;className&quot;:&quot;is-style-obb-post-layout-secondary&quot;,&quot;textalignment&quot;:&quot;left&quot;,&quot;postcategory&quot;:[&quot;Featured&quot;],&quot;posttype&quot;:&quot;post&quot;,&quot;posttaxonomy&quot;:&quot;category&quot;,&quot;poststyle&quot;:&quot;rounded&quot;,&quot;postexcerpt&quot;:false,&quot;postpagination&quot;:false,&quot;masonrylayout&quot;:false,&quot;maxposts&quot;:&quot;3&quot;,&quot;postbgcolor&quot;:&quot;#f4f4f4&quot;,&quot;align&quot;:&quot;wide&quot;} \/--&gt;\" style=\"border-radius:3px;border-width:2px;border-style:solid;border-color:#ccc\"><span class=\"obb-clipboard-button-text\">Bloco de c\u00f3pias<\/span><\/a><div id=\"obb-clipboard-alert-3\" class=\"obb-clipboard-alert\">Bloco copiado para a \u00e1rea de transfer\u00eancia!<\/div><\/div>\n<\/div>\n<\/div>\n\n\n\n<hr class=\"wp-block-separator has-text-color has-medium-gray-color has-css-opacity has-medium-gray-background-color has-background is-style-wide\"\/>\n\n\n\n<div style=\"height:80px\" aria-hidden=\"true\" class=\"wp-block-spacer\"><\/div>\n<\/div>\n\n\n\n<h4 class=\"wp-block-heading has-text-align-center\" id=\"variation-5\">Varia\u00e7\u00e3o 5<\/h4>\n\n\n\n\n\n<div class=\"wp-block-group is-layout-flow wp-block-group-is-layout-flow\">\n<div class=\"wp-block-columns are-vertically-aligned-center is-layout-flex wp-container-core-columns-is-layout-28f84493 wp-block-columns-is-layout-flex\">\n<div class=\"wp-block-column is-vertically-aligned-center is-layout-flow wp-block-column-is-layout-flow\" style=\"flex-basis:60%\">\n<p class=\"has-small-font-size\">Copie esta varia\u00e7\u00e3o de bloco utilizando o bot\u00e3o e cole-a no seu editor de blocos do WordPress. A <strong>Blocos org\u00e2nicos<\/strong> plugin \u00e9 necess\u00e1rio.<\/p>\n<\/div>\n\n\n\n<div class=\"wp-block-column is-vertically-aligned-center is-layout-flow wp-block-column-is-layout-flow\">\n<div id=\"obb-clipboard-id-4\" class=\"wp-block-obb-clipboard-block organic-block obb-clipboard wp-block-button obb-clipboard-button is-style-outline\" style=\"text-align:right\"><a id=\"obb-clipboard-button-4\" class=\"wp-block-button__link\" data-alert-target=\"obb-clipboard-alert-4\" data-clipboard-text=\"&lt;!-- wp:obb\/post-block {&quot;editMode&quot;:false,&quot;className&quot;:&quot;is-style-obb-post-layout-secondary&quot;,&quot;textalignment&quot;:&quot;left&quot;,&quot;postcategory&quot;:[&quot;Blog&quot;],&quot;posttype&quot;:&quot;post&quot;,&quot;posttaxonomy&quot;:&quot;category&quot;,&quot;poststyle&quot;:&quot;bordered&quot;,&quot;postheading&quot;:&quot;h2&quot;,&quot;postheadingsize&quot;:&quot;42px&quot;,&quot;masonrylayout&quot;:false,&quot;postcolumns&quot;:1,&quot;maxposts&quot;:&quot;3&quot;,&quot;posttitlecolor&quot;:&quot;#000&quot;,&quot;postlinkcolor&quot;:&quot;#808080&quot;} \/--&gt;\" style=\"border-radius:3px;border-width:2px;border-style:solid;border-color:#ccc\"><span class=\"obb-clipboard-button-text\">Bloco de c\u00f3pias<\/span><\/a><div id=\"obb-clipboard-alert-4\" class=\"obb-clipboard-alert\">Bloco copiado para a \u00e1rea de transfer\u00eancia!<\/div><\/div>\n<\/div>\n<\/div>\n\n\n\n<hr class=\"wp-block-separator has-text-color has-medium-gray-color has-css-opacity has-medium-gray-background-color has-background is-style-wide\"\/>\n\n\n\n<div style=\"height:80px\" aria-hidden=\"true\" class=\"wp-block-spacer\"><\/div>\n<\/div>","protected":false},"excerpt":{"rendered":"<p>Exemplos de blocos de posts O bloco de posts exibe uma cole\u00e7\u00e3o de posts de um tipo de post selecionado dentro de um layout de blog personaliz\u00e1vel. Al\u00e9m disso, o bloco inclui a op\u00e7\u00e3o de filtrar posts dinamicamente por categoria ou termo de pesquisa. \u00c9 o bloco WordPress perfeito para criar artigos em destaque, sec\u00e7\u00f5es de not\u00edcias recentes e p\u00e1ginas de blogue. M\u00faltiplas varia\u00e7\u00f5es de blocos [...]<\/p>","protected":false},"author":236185298,"featured_media":0,"parent":48,"menu_order":0,"comment_status":"closed","ping_status":"closed","template":"","meta":{"_acf_changed":false,"_eb_attr":"","site-sidebar-layout":"default","site-content-layout":"","ast-site-content-layout":"default","site-content-style":"default","site-sidebar-style":"default","ast-global-header-display":"","ast-banner-title-visibility":"","ast-main-header-display":"","ast-hfb-above-header-display":"","ast-hfb-below-header-display":"","ast-hfb-mobile-header-display":"","site-post-title":"","ast-breadcrumbs-content":"","ast-featured-img":"","footer-sml-layout":"","ast-disable-related-posts":"","theme-transparent-header-meta":"","adv-header-id-meta":"","stick-header-meta":"","header-above-stick-meta":"","header-main-stick-meta":"","header-below-stick-meta":"","astra-migrate-meta-layouts":"default","ast-page-background-enabled":"default","ast-page-background-meta":{"desktop":{"background-color":"var(--ast-global-color-4)","background-image":"","background-repeat":"repeat","background-position":"center center","background-size":"auto","background-attachment":"scroll","background-type":"","background-media":"","overlay-type":"","overlay-color":"","overlay-opacity":"","overlay-gradient":""},"tablet":{"background-color":"","background-image":"","background-repeat":"repeat","background-position":"center center","background-size":"auto","background-attachment":"scroll","background-type":"","background-media":"","overlay-type":"","overlay-color":"","overlay-opacity":"","overlay-gradient":""},"mobile":{"background-color":"","background-image":"","background-repeat":"repeat","background-position":"center center","background-size":"auto","background-attachment":"scroll","background-type":"","background-media":"","overlay-type":"","overlay-color":"","overlay-opacity":"","overlay-gradient":""}},"ast-content-background-meta":{"desktop":{"background-color":"var(--ast-global-color-5)","background-image":"","background-repeat":"repeat","background-position":"center center","background-size":"auto","background-attachment":"scroll","background-type":"","background-media":"","overlay-type":"","overlay-color":"","overlay-opacity":"","overlay-gradient":""},"tablet":{"background-color":"var(--ast-global-color-5)","background-image":"","background-repeat":"repeat","background-position":"center center","background-size":"auto","background-attachment":"scroll","background-type":"","background-media":"","overlay-type":"","overlay-color":"","overlay-opacity":"","overlay-gradient":""},"mobile":{"background-color":"var(--ast-global-color-5)","background-image":"","background-repeat":"repeat","background-position":"center center","background-size":"auto","background-attachment":"scroll","background-type":"","background-media":"","overlay-type":"","overlay-color":"","overlay-opacity":"","overlay-gradient":""}},"footnotes":""},"class_list":["post-1393","page","type-page","status-publish","hentry"],"acf":[],"yoast_head":"<!-- This site is optimized with the Yoast SEO plugin v26.7 - https:\/\/yoast.com\/wordpress\/plugins\/seo\/ -->\n<title>Posts Block - ThinkSAi - LatAm<\/title>\n<meta name=\"robots\" content=\"index, follow, max-snippet:-1, max-image-preview:large, max-video-preview:-1\" \/>\n<link rel=\"canonical\" href=\"https:\/\/www.thinksai.com\/latam\/pt\/blocks\/organic-blocks\/posts-block\/\" \/>\n<meta property=\"og:locale\" content=\"pt_PT\" \/>\n<meta property=\"og:type\" content=\"article\" \/>\n<meta property=\"og:title\" content=\"Posts Block - ThinkSAi - LatAm\" \/>\n<meta property=\"og:description\" content=\"Posts Block Examples The Posts Block displays a collection of posts from a selected post type within a customizable blog layout. Additionally, the block includes the option to filter posts dynamically by the category or search term. It&#8217;s the perfect WordPress block for created featured articles, recent news sections, and blog pages. Multiple block variations [&hellip;]\" \/>\n<meta property=\"og:url\" content=\"https:\/\/www.thinksai.com\/latam\/pt\/blocks\/organic-blocks\/posts-block\/\" \/>\n<meta property=\"og:site_name\" content=\"ThinkSAi - LatAm\" \/>\n<meta name=\"twitter:card\" content=\"summary_large_image\" \/>\n<meta name=\"twitter:label1\" content=\"Tempo estimado de leitura\" \/>\n\t<meta name=\"twitter:data1\" content=\"2 minutos\" \/>\n<script type=\"application\/ld+json\" class=\"yoast-schema-graph\">{\"@context\":\"https:\/\/schema.org\",\"@graph\":[{\"@type\":\"WebPage\",\"@id\":\"https:\/\/www.thinksai.com\/latam\/blocks\/organic-blocks\/posts-block\/\",\"url\":\"https:\/\/www.thinksai.com\/latam\/blocks\/organic-blocks\/posts-block\/\",\"name\":\"Posts Block - ThinkSAi - LatAm\",\"isPartOf\":{\"@id\":\"https:\/\/www.thinksai.com\/latam\/#website\"},\"datePublished\":\"2021-11-29T19:46:39+00:00\",\"breadcrumb\":{\"@id\":\"https:\/\/www.thinksai.com\/latam\/blocks\/organic-blocks\/posts-block\/#breadcrumb\"},\"inLanguage\":\"pt-PT\",\"potentialAction\":[{\"@type\":\"ReadAction\",\"target\":[\"https:\/\/www.thinksai.com\/latam\/blocks\/organic-blocks\/posts-block\/\"]}]},{\"@type\":\"BreadcrumbList\",\"@id\":\"https:\/\/www.thinksai.com\/latam\/blocks\/organic-blocks\/posts-block\/#breadcrumb\",\"itemListElement\":[{\"@type\":\"ListItem\",\"position\":1,\"name\":\"Portada\",\"item\":\"https:\/\/www.thinksai.com\/latam\/\"},{\"@type\":\"ListItem\",\"position\":2,\"name\":\"Blocks\",\"item\":\"https:\/\/www.thinksai.com\/latam\/blocks\/\"},{\"@type\":\"ListItem\",\"position\":3,\"name\":\"Organic Blocks\",\"item\":\"https:\/\/www.thinksai.com\/latam\/blocks\/organic-blocks\/\"},{\"@type\":\"ListItem\",\"position\":4,\"name\":\"Posts Block\"}]},{\"@type\":\"WebSite\",\"@id\":\"https:\/\/www.thinksai.com\/latam\/#website\",\"url\":\"https:\/\/www.thinksai.com\/latam\/\",\"name\":\"ThinkSAi - LatAm\",\"description\":\"\",\"publisher\":{\"@id\":\"https:\/\/www.thinksai.com\/latam\/#organization\"},\"potentialAction\":[{\"@type\":\"SearchAction\",\"target\":{\"@type\":\"EntryPoint\",\"urlTemplate\":\"https:\/\/www.thinksai.com\/latam\/?s={search_term_string}\"},\"query-input\":{\"@type\":\"PropertyValueSpecification\",\"valueRequired\":true,\"valueName\":\"search_term_string\"}}],\"inLanguage\":\"pt-PT\"},{\"@type\":\"Organization\",\"@id\":\"https:\/\/www.thinksai.com\/latam\/#organization\",\"name\":\"ThinkSAi - LatAm\",\"url\":\"https:\/\/www.thinksai.com\/latam\/\",\"logo\":{\"@type\":\"ImageObject\",\"inLanguage\":\"pt-PT\",\"@id\":\"https:\/\/www.thinksai.com\/latam\/#\/schema\/logo\/image\/\",\"url\":\"https:\/\/www.thinksai.com\/latam\/wp-content\/uploads\/sites\/9\/2023\/06\/SAiPurple_Logo.png\",\"contentUrl\":\"https:\/\/www.thinksai.com\/latam\/wp-content\/uploads\/sites\/9\/2023\/06\/SAiPurple_Logo.png\",\"width\":406,\"height\":407,\"caption\":\"ThinkSAi - LatAm\"},\"image\":{\"@id\":\"https:\/\/www.thinksai.com\/latam\/#\/schema\/logo\/image\/\"}}]}<\/script>\n<!-- \/ Yoast SEO plugin. -->","yoast_head_json":{"title":"Bloco de Posts - ThinkSAi - LatAm","robots":{"index":"index","follow":"follow","max-snippet":"max-snippet:-1","max-image-preview":"max-image-preview:large","max-video-preview":"max-video-preview:-1"},"canonical":"https:\/\/www.thinksai.com\/latam\/pt\/blocks\/organic-blocks\/posts-block\/","og_locale":"pt_PT","og_type":"article","og_title":"Posts Block - ThinkSAi - LatAm","og_description":"Posts Block Examples The Posts Block displays a collection of posts from a selected post type within a customizable blog layout. Additionally, the block includes the option to filter posts dynamically by the category or search term. It&#8217;s the perfect WordPress block for created featured articles, recent news sections, and blog pages. Multiple block variations [&hellip;]","og_url":"https:\/\/www.thinksai.com\/latam\/pt\/blocks\/organic-blocks\/posts-block\/","og_site_name":"ThinkSAi - LatAm","twitter_card":"summary_large_image","twitter_misc":{"Tempo estimado de leitura":"2 minutos"},"schema":{"@context":"https:\/\/schema.org","@graph":[{"@type":"WebPage","@id":"https:\/\/www.thinksai.com\/latam\/blocks\/organic-blocks\/posts-block\/","url":"https:\/\/www.thinksai.com\/latam\/blocks\/organic-blocks\/posts-block\/","name":"Bloco de Posts - ThinkSAi - LatAm","isPartOf":{"@id":"https:\/\/www.thinksai.com\/latam\/#website"},"datePublished":"2021-11-29T19:46:39+00:00","breadcrumb":{"@id":"https:\/\/www.thinksai.com\/latam\/blocks\/organic-blocks\/posts-block\/#breadcrumb"},"inLanguage":"pt-PT","potentialAction":[{"@type":"ReadAction","target":["https:\/\/www.thinksai.com\/latam\/blocks\/organic-blocks\/posts-block\/"]}]},{"@type":"BreadcrumbList","@id":"https:\/\/www.thinksai.com\/latam\/blocks\/organic-blocks\/posts-block\/#breadcrumb","itemListElement":[{"@type":"ListItem","position":1,"name":"Portada","item":"https:\/\/www.thinksai.com\/latam\/"},{"@type":"ListItem","position":2,"name":"Blocks","item":"https:\/\/www.thinksai.com\/latam\/blocks\/"},{"@type":"ListItem","position":3,"name":"Organic Blocks","item":"https:\/\/www.thinksai.com\/latam\/blocks\/organic-blocks\/"},{"@type":"ListItem","position":4,"name":"Posts Block"}]},{"@type":"WebSite","@id":"https:\/\/www.thinksai.com\/latam\/#website","url":"https:\/\/www.thinksai.com\/latam\/","name":"ThinkSAi - LatAm","description":"","publisher":{"@id":"https:\/\/www.thinksai.com\/latam\/#organization"},"potentialAction":[{"@type":"SearchAction","target":{"@type":"EntryPoint","urlTemplate":"https:\/\/www.thinksai.com\/latam\/?s={search_term_string}"},"query-input":{"@type":"PropertyValueSpecification","valueRequired":true,"valueName":"search_term_string"}}],"inLanguage":"pt-PT"},{"@type":"Organization","@id":"https:\/\/www.thinksai.com\/latam\/#organization","name":"ThinkSAi - LatAm","url":"https:\/\/www.thinksai.com\/latam\/","logo":{"@type":"ImageObject","inLanguage":"pt-PT","@id":"https:\/\/www.thinksai.com\/latam\/#\/schema\/logo\/image\/","url":"https:\/\/www.thinksai.com\/latam\/wp-content\/uploads\/sites\/9\/2023\/06\/SAiPurple_Logo.png","contentUrl":"https:\/\/www.thinksai.com\/latam\/wp-content\/uploads\/sites\/9\/2023\/06\/SAiPurple_Logo.png","width":406,"height":407,"caption":"ThinkSAi - LatAm"},"image":{"@id":"https:\/\/www.thinksai.com\/latam\/#\/schema\/logo\/image\/"}}]}},"_links":{"self":[{"href":"https:\/\/www.thinksai.com\/latam\/pt\/wp-json\/wp\/v2\/pages\/1393","targetHints":{"allow":["GET"]}}],"collection":[{"href":"https:\/\/www.thinksai.com\/latam\/pt\/wp-json\/wp\/v2\/pages"}],"about":[{"href":"https:\/\/www.thinksai.com\/latam\/pt\/wp-json\/wp\/v2\/types\/page"}],"author":[{"embeddable":true,"href":"https:\/\/www.thinksai.com\/latam\/pt\/wp-json\/wp\/v2\/users\/236185298"}],"replies":[{"embeddable":true,"href":"https:\/\/www.thinksai.com\/latam\/pt\/wp-json\/wp\/v2\/comments?post=1393"}],"version-history":[{"count":0,"href":"https:\/\/www.thinksai.com\/latam\/pt\/wp-json\/wp\/v2\/pages\/1393\/revisions"}],"up":[{"embeddable":true,"href":"https:\/\/www.thinksai.com\/latam\/pt\/wp-json\/wp\/v2\/pages\/48"}],"wp:attachment":[{"href":"https:\/\/www.thinksai.com\/latam\/pt\/wp-json\/wp\/v2\/media?parent=1393"}],"curies":[{"name":"wp","href":"https:\/\/api.w.org\/{rel}","templated":true}]}}