{"id":6197,"date":"2023-11-08T03:47:40","date_gmt":"2023-11-08T10:47:40","guid":{"rendered":"https:\/\/\/register\/"},"modified":"2024-06-13T03:35:46","modified_gmt":"2024-06-13T09:35:46","slug":"register","status":"publish","type":"page","link":"https:\/\/www.thinksai.com\/latam\/es\/register\/","title":{"rendered":"Reg\u00edstrese en"},"content":{"rendered":"<div data-elementor-type=\"wp-page\" data-elementor-id=\"6197\" class=\"elementor elementor-6197\" data-elementor-post-type=\"page\">\n\t\t\t\t<div class=\"elementor-element elementor-element-267bef0e e-flex e-con-boxed e-con e-parent\" data-id=\"267bef0e\" data-element_type=\"container\" data-e-type=\"container\">\n\t\t\t\t\t<div class=\"e-con-inner\">\n\t\t\t\t<div class=\"elementor-element elementor-element-75fe1795 elementor-widget elementor-widget-text-editor\" data-id=\"75fe1795\" data-element_type=\"widget\" data-e-type=\"widget\" data-widget_type=\"text-editor.default\">\n\t\t\t\t<div class=\"elementor-widget-container\">\n\t\t\t\t\t\t\t\t\t\n<p class=\"has-text-align-center\"><strong>Gracias por su inter\u00e9s en formar parte de la comunidad de usuarios registrados de ThinkSAi. Al crear una cuenta en ThinkSAi.com tendr\u00e1 acceso a las \u00faltimas noticias e iniciativas. Para comprar nuestros productos, visite las p\u00e1ginas de productos de este sitio web, y si ya es usuario del software SAi y desea gestionar sus suscripciones, vaya a <a href=\"https:\/\/www.saicloud.com\/\">SAiCloud.com<\/a><\/strong><\/p>\n\t\t\t\t\t\t\t\t<\/div>\n\t\t\t\t<\/div>\n\t\t\t\t<div class=\"elementor-element elementor-element-dcc656b elementor-widget elementor-widget-text-editor\" data-id=\"dcc656b\" data-element_type=\"widget\" data-e-type=\"widget\" data-widget_type=\"text-editor.default\">\n\t\t\t\t<div class=\"elementor-widget-container\">\n\t\t\t\t\t\t\t\t\t<p>El registro de nuevos usuarios est\u00e1 moment\u00e1neamente deshabilitado. Disculpen las molestias.<\/p>\n<p>Si desea gestionar su software SAi y su cuenta, dir\u00edjase a <a href=\"https:\/\/www.saicloud.com\" target=\"_blank\" rel=\"noopener\">Nube SAi.<\/a><\/p>\t\t\t\t\t\t\t\t<\/div>\n\t\t\t\t<\/div>\n\t\t\t\t\t<\/div>\n\t\t\t\t<\/div>\n\t\t<div class=\"elementor-element elementor-element-d6a7351 elementor-hidden-desktop elementor-hidden-tablet elementor-hidden-mobile e-flex e-con-boxed e-con e-parent\" data-id=\"d6a7351\" data-element_type=\"container\" data-e-type=\"container\">\n\t\t\t\t\t<div class=\"e-con-inner\">\n\t\t\t\t<div class=\"elementor-element elementor-element-a3af37e elementor-widget elementor-widget-text-editor\" data-id=\"a3af37e\" data-element_type=\"widget\" data-e-type=\"widget\" data-widget_type=\"text-editor.default\">\n\t\t\t\t<div class=\"elementor-widget-container\">\n\t\t\t\t\t\t\t\t\t<p style=\"text-align: center;\">\n<div class=\"um um-register um-6191\">\n\t<div class=\"um-form\" data-mode=\"register\">\n\t\t<form method=\"post\" action=\"\" data-trp-original-action=\"\">\n\t\t\t<div class=\"um-row _um_row_1\" style=\"margin: 0 0 30px 0;\"><div class=\"um-col-1\"><div  id=\"um_field_6191_user_login\" class=\"um-field um-field-text  um-field-user_login um-field-text um-field-type_text\" data-key=\"user_login\"><div class=\"um-field-label\"><label for=\"user_login-6191\">Nombre de usuario<\/label><div class=\"um-clear\"><\/div><\/div><div class=\"um-field-area\"><input  autocomplete=\"off\" class=\"um-form-field valid\" type=\"text\" name=\"user_login-6191\" id=\"user_login-6191\" value=\"\" placeholder=\"\" data-validate=\"unique_username\" data-key=\"user_login\"  aria-invalid=\"false\" \/>\n\n\t\t\t\t\t\t<\/div><\/div><div  id=\"um_field_6191_first_name\" class=\"um-field um-field-text  um-field-first_name um-field-text um-field-type_text\" data-key=\"first_name\"><div class=\"um-field-label\"><label for=\"first_name-6191\">Nombre<\/label><div class=\"um-clear\"><\/div><\/div><div class=\"um-field-area\"><input  autocomplete=\"off\" class=\"um-form-field valid\" type=\"text\" name=\"first_name-6191\" id=\"first_name-6191\" value=\"\" placeholder=\"\" data-validate=\"\" data-key=\"first_name\"  aria-invalid=\"false\" \/>\n\n\t\t\t\t\t\t<\/div><\/div><div  id=\"um_field_6191_last_name\" class=\"um-field um-field-text  um-field-last_name um-field-text um-field-type_text\" data-key=\"last_name\"><div class=\"um-field-label\"><label for=\"last_name-6191\">Apellidos<\/label><div class=\"um-clear\"><\/div><\/div><div class=\"um-field-area\"><input  autocomplete=\"off\" class=\"um-form-field valid\" type=\"text\" name=\"last_name-6191\" id=\"last_name-6191\" value=\"\" placeholder=\"\" data-validate=\"\" data-key=\"last_name\"  aria-invalid=\"false\" \/>\n\n\t\t\t\t\t\t<\/div><\/div><div  id=\"um_field_6191_user_email\" class=\"um-field um-field-text  um-field-user_email um-field-text um-field-type_text\" data-key=\"user_email\"><div class=\"um-field-label\"><label for=\"user_email-6191\">Direcci\u00f3n de correo electr\u00f3nico<\/label><div class=\"um-clear\"><\/div><\/div><div class=\"um-field-area\"><input  autocomplete=\"off\" class=\"um-form-field valid\" type=\"text\" name=\"user_email-6191\" id=\"user_email-6191\" value=\"\" placeholder=\"\" data-validate=\"unique_email\" data-key=\"user_email\"  aria-invalid=\"false\" \/>\n\n\t\t\t\t\t\t<\/div><\/div><div  id=\"um_field_6191_user_password\" class=\"um-field um-field-password  um-field-user_password um-field-password um-field-type_password\" data-key=\"user_password\"><div class=\"um-field-label\"><label for=\"user_password-6191\">Contrase\u00f1a<\/label><div class=\"um-clear\"><\/div><\/div><div class=\"um-field-area\"><input class=\"um-form-field valid\" type=\"password\" name=\"user_password-6191\" id=\"user_password-6191\" value=\"\" placeholder=\"\" data-validate=\"\" data-key=\"user_password\"  aria-invalid=\"false\" \/>\n\n\t\t\t\t\t\t\t<\/div><\/div><div  id=\"um_field_6191_confirm_user_password\" class=\"um-field um-field-password  um-field-user_password um-field-password um-field-type_password\" data-key=\"confirm_user_password\"><div class=\"um-field-label\"><label for=\"confirm_user_password-6191\">Confirmar Contrase\u00f1a<\/label><div class=\"um-clear\"><\/div><\/div><div class=\"um-field-area\"><input class=\"um-form-field valid\" type=\"password\" name=\"confirm_user_password-6191\" id=\"confirm_user_password-6191\" value=\"\" placeholder=\"Confirmar Contrase\u00f1a\" data-validate=\"\" data-key=\"confirm_user_password\"  aria-invalid=\"false\" \/><\/div><\/div><\/div><\/div>\t<input type=\"hidden\" name=\"form_id\" id=\"form_id_6191\" value=\"6191\" \/>\n\t\t<p class=\"um_request_name\">\n\t\t<label for=\"um_request_6191\">Rellene s\u00f3lo si no es humano<\/label>\n\t\t<input type=\"hidden\" name=\"um_request\" id=\"um_request_6191\" class=\"input\" value=\"\" size=\"25\" autocomplete=\"off\" \/>\n\t<\/p>\n\t<input type=\"hidden\" id=\"_wpnonce\" name=\"_wpnonce\" value=\"a4aa12f993\" \/><input type=\"hidden\" name=\"_wp_http_referer\" value=\"\/latam\/es\/wp-json\/wp\/v2\/pages\/6197\" \/>\n\t<div class=\"um-col-alt\">\n\n\t\t\n\t\t\t<div class=\"um-left um-half\">\n\t\t\t\t<input type=\"submit\" value=\"Registro\" class=\"um-button\" id=\"um-submit-btn\" \/>\n\t\t\t<\/div>\n\t\t\t<div class=\"um-right um-half\">\n\t\t\t\t<a href=\"https:\/\/www.thinksai.com\/latam\/es\/login\/\" class=\"um-button um-alt\">\n\t\t\t\t\tAcceder\t\t\t\t<\/a>\n\t\t\t<\/div>\n\n\t\t\n\t\t<div class=\"um-clear\"><\/div>\n\n\t<\/div>\n\n\t\t\t<input type=\"hidden\" name=\"trp-form-language\" value=\"es\"\/><\/form>\n\t<\/div>\n<\/div>\n<style>\n\t\t\t.um-6191.um {\n\t\t\tmax-width: 450px;\n\t\t}\n\t\t<\/style>\n<\/p>\t\t\t\t\t\t\t\t<\/div>\n\t\t\t\t<\/div>\n\t\t\t\t\t<\/div>\n\t\t\t\t<\/div>\n\t\t\t\t<\/div>","protected":false},"excerpt":{"rendered":"<p>Thanks for your interest in becoming part of the ThinkSAi community of registered user. By creating an account on ThinkSAi.com you will have access to all latest news and initiatives. To buy our products please visits the product pages on this website, and if you are already a SAi software user and you want to [&hellip;]<\/p>\n","protected":false},"author":236185298,"featured_media":0,"parent":0,"menu_order":0,"comment_status":"closed","ping_status":"closed","template":"","meta":{"_acf_changed":false,"_eb_attr":"","site-sidebar-layout":"default","site-content-layout":"","ast-site-content-layout":"default","site-content-style":"default","site-sidebar-style":"default","ast-global-header-display":"","ast-banner-title-visibility":"","ast-main-header-display":"","ast-hfb-above-header-display":"","ast-hfb-below-header-display":"","ast-hfb-mobile-header-display":"","site-post-title":"","ast-breadcrumbs-content":"","ast-featured-img":"","footer-sml-layout":"","ast-disable-related-posts":"","theme-transparent-header-meta":"","adv-header-id-meta":"","stick-header-meta":"","header-above-stick-meta":"","header-main-stick-meta":"","header-below-stick-meta":"","astra-migrate-meta-layouts":"set","ast-page-background-enabled":"default","ast-page-background-meta":{"desktop":{"background-color":"var(--ast-global-color-4)","background-image":"","background-repeat":"repeat","background-position":"center center","background-size":"auto","background-attachment":"scroll","background-type":"","background-media":"","overlay-type":"","overlay-color":"","overlay-opacity":"","overlay-gradient":""},"tablet":{"background-color":"","background-image":"","background-repeat":"repeat","background-position":"center center","background-size":"auto","background-attachment":"scroll","background-type":"","background-media":"","overlay-type":"","overlay-color":"","overlay-opacity":"","overlay-gradient":""},"mobile":{"background-color":"","background-image":"","background-repeat":"repeat","background-position":"center center","background-size":"auto","background-attachment":"scroll","background-type":"","background-media":"","overlay-type":"","overlay-color":"","overlay-opacity":"","overlay-gradient":""}},"ast-content-background-meta":{"desktop":{"background-color":"var(--ast-global-color-5)","background-image":"","background-repeat":"repeat","background-position":"center center","background-size":"auto","background-attachment":"scroll","background-type":"","background-media":"","overlay-type":"","overlay-color":"","overlay-opacity":"","overlay-gradient":""},"tablet":{"background-color":"var(--ast-global-color-5)","background-image":"","background-repeat":"repeat","background-position":"center center","background-size":"auto","background-attachment":"scroll","background-type":"","background-media":"","overlay-type":"","overlay-color":"","overlay-opacity":"","overlay-gradient":""},"mobile":{"background-color":"var(--ast-global-color-5)","background-image":"","background-repeat":"repeat","background-position":"center center","background-size":"auto","background-attachment":"scroll","background-type":"","background-media":"","overlay-type":"","overlay-color":"","overlay-opacity":"","overlay-gradient":""}},"footnotes":""},"class_list":["post-6197","page","type-page","status-publish","hentry"],"acf":[],"yoast_head":"<!-- This site is optimized with the Yoast SEO plugin v27.5 - https:\/\/yoast.com\/product\/yoast-seo-wordpress\/ -->\n<title>Register - ThinkSAi - LatAm<\/title>\n<meta name=\"robots\" content=\"index, follow, max-snippet:-1, max-image-preview:large, max-video-preview:-1\" \/>\n<link rel=\"canonical\" href=\"https:\/\/www.thinksai.com\/latam\/es\/register\/\" \/>\n<meta property=\"og:locale\" content=\"es_ES\" \/>\n<meta property=\"og:type\" content=\"article\" \/>\n<meta property=\"og:title\" content=\"Register - ThinkSAi - LatAm\" \/>\n<meta property=\"og:description\" content=\"Thanks for your interest in becoming part of the ThinkSAi community of registered user. By creating an account on ThinkSAi.com you will have access to all latest news and initiatives. To buy our products please visits the product pages on this website, and if you are already a SAi software user and you want to [&hellip;]\" \/>\n<meta property=\"og:url\" content=\"https:\/\/www.thinksai.com\/latam\/es\/register\/\" \/>\n<meta property=\"og:site_name\" content=\"ThinkSAi - LatAm\" \/>\n<meta property=\"article:modified_time\" content=\"2024-06-13T09:35:46+00:00\" \/>\n<meta name=\"twitter:card\" content=\"summary_large_image\" \/>\n<meta name=\"twitter:label1\" content=\"Tiempo de lectura\" \/>\n\t<meta name=\"twitter:data1\" content=\"1 minuto\" \/>\n<script type=\"application\/ld+json\" class=\"yoast-schema-graph\">{\"@context\":\"https:\\\/\\\/schema.org\",\"@graph\":[{\"@type\":\"WebPage\",\"@id\":\"https:\\\/\\\/www.thinksai.com\\\/latam\\\/register\\\/\",\"url\":\"https:\\\/\\\/www.thinksai.com\\\/latam\\\/register\\\/\",\"name\":\"Register - ThinkSAi - LatAm\",\"isPartOf\":{\"@id\":\"https:\\\/\\\/www.thinksai.com\\\/latam\\\/#website\"},\"datePublished\":\"2023-11-08T10:47:40+00:00\",\"dateModified\":\"2024-06-13T09:35:46+00:00\",\"breadcrumb\":{\"@id\":\"https:\\\/\\\/www.thinksai.com\\\/latam\\\/register\\\/#breadcrumb\"},\"inLanguage\":\"es\",\"potentialAction\":[{\"@type\":\"ReadAction\",\"target\":[\"https:\\\/\\\/www.thinksai.com\\\/latam\\\/register\\\/\"]}]},{\"@type\":\"BreadcrumbList\",\"@id\":\"https:\\\/\\\/www.thinksai.com\\\/latam\\\/register\\\/#breadcrumb\",\"itemListElement\":[{\"@type\":\"ListItem\",\"position\":1,\"name\":\"Portada\",\"item\":\"https:\\\/\\\/www.thinksai.com\\\/latam\\\/\"},{\"@type\":\"ListItem\",\"position\":2,\"name\":\"Register\"}]},{\"@type\":\"WebSite\",\"@id\":\"https:\\\/\\\/www.thinksai.com\\\/latam\\\/#website\",\"url\":\"https:\\\/\\\/www.thinksai.com\\\/latam\\\/\",\"name\":\"ThinkSAi - LatAm\",\"description\":\"\",\"publisher\":{\"@id\":\"https:\\\/\\\/www.thinksai.com\\\/latam\\\/#organization\"},\"potentialAction\":[{\"@type\":\"SearchAction\",\"target\":{\"@type\":\"EntryPoint\",\"urlTemplate\":\"https:\\\/\\\/www.thinksai.com\\\/latam\\\/?s={search_term_string}\"},\"query-input\":{\"@type\":\"PropertyValueSpecification\",\"valueRequired\":true,\"valueName\":\"search_term_string\"}}],\"inLanguage\":\"es\"},{\"@type\":\"Organization\",\"@id\":\"https:\\\/\\\/www.thinksai.com\\\/latam\\\/#organization\",\"name\":\"ThinkSAi - LatAm\",\"url\":\"https:\\\/\\\/www.thinksai.com\\\/latam\\\/\",\"logo\":{\"@type\":\"ImageObject\",\"inLanguage\":\"es\",\"@id\":\"https:\\\/\\\/www.thinksai.com\\\/latam\\\/#\\\/schema\\\/logo\\\/image\\\/\",\"url\":\"https:\\\/\\\/www.thinksai.com\\\/latam\\\/wp-content\\\/uploads\\\/sites\\\/9\\\/2023\\\/06\\\/SAiPurple_Logo.png\",\"contentUrl\":\"https:\\\/\\\/www.thinksai.com\\\/latam\\\/wp-content\\\/uploads\\\/sites\\\/9\\\/2023\\\/06\\\/SAiPurple_Logo.png\",\"width\":406,\"height\":407,\"caption\":\"ThinkSAi - LatAm\"},\"image\":{\"@id\":\"https:\\\/\\\/www.thinksai.com\\\/latam\\\/#\\\/schema\\\/logo\\\/image\\\/\"}}]}<\/script>\n<!-- \/ Yoast SEO plugin. -->","yoast_head_json":{"title":"Registro - ThinkSAi - LatAm","robots":{"index":"index","follow":"follow","max-snippet":"max-snippet:-1","max-image-preview":"max-image-preview:large","max-video-preview":"max-video-preview:-1"},"canonical":"https:\/\/www.thinksai.com\/latam\/es\/register\/","og_locale":"es_ES","og_type":"article","og_title":"Register - ThinkSAi - LatAm","og_description":"Thanks for your interest in becoming part of the ThinkSAi community of registered user. By creating an account on ThinkSAi.com you will have access to all latest news and initiatives. To buy our products please visits the product pages on this website, and if you are already a SAi software user and you want to [&hellip;]","og_url":"https:\/\/www.thinksai.com\/latam\/es\/register\/","og_site_name":"ThinkSAi - LatAm","article_modified_time":"2024-06-13T09:35:46+00:00","twitter_card":"summary_large_image","twitter_misc":{"Tiempo de lectura":"1 minuto"},"schema":{"@context":"https:\/\/schema.org","@graph":[{"@type":"WebPage","@id":"https:\/\/www.thinksai.com\/latam\/register\/","url":"https:\/\/www.thinksai.com\/latam\/register\/","name":"Registro - ThinkSAi - LatAm","isPartOf":{"@id":"https:\/\/www.thinksai.com\/latam\/#website"},"datePublished":"2023-11-08T10:47:40+00:00","dateModified":"2024-06-13T09:35:46+00:00","breadcrumb":{"@id":"https:\/\/www.thinksai.com\/latam\/register\/#breadcrumb"},"inLanguage":"es","potentialAction":[{"@type":"ReadAction","target":["https:\/\/www.thinksai.com\/latam\/register\/"]}]},{"@type":"BreadcrumbList","@id":"https:\/\/www.thinksai.com\/latam\/register\/#breadcrumb","itemListElement":[{"@type":"ListItem","position":1,"name":"Portada","item":"https:\/\/www.thinksai.com\/latam\/"},{"@type":"ListItem","position":2,"name":"Register"}]},{"@type":"WebSite","@id":"https:\/\/www.thinksai.com\/latam\/#website","url":"https:\/\/www.thinksai.com\/latam\/","name":"ThinkSAi - Latinoam\u00e9rica","description":"","publisher":{"@id":"https:\/\/www.thinksai.com\/latam\/#organization"},"potentialAction":[{"@type":"SearchAction","target":{"@type":"EntryPoint","urlTemplate":"https:\/\/www.thinksai.com\/latam\/?s={search_term_string}"},"query-input":{"@type":"PropertyValueSpecification","valueRequired":true,"valueName":"search_term_string"}}],"inLanguage":"es"},{"@type":"Organization","@id":"https:\/\/www.thinksai.com\/latam\/#organization","name":"ThinkSAi - Latinoam\u00e9rica","url":"https:\/\/www.thinksai.com\/latam\/","logo":{"@type":"ImageObject","inLanguage":"es","@id":"https:\/\/www.thinksai.com\/latam\/#\/schema\/logo\/image\/","url":"https:\/\/www.thinksai.com\/latam\/wp-content\/uploads\/sites\/9\/2023\/06\/SAiPurple_Logo.png","contentUrl":"https:\/\/www.thinksai.com\/latam\/wp-content\/uploads\/sites\/9\/2023\/06\/SAiPurple_Logo.png","width":406,"height":407,"caption":"ThinkSAi - LatAm"},"image":{"@id":"https:\/\/www.thinksai.com\/latam\/#\/schema\/logo\/image\/"}}]}},"_links":{"self":[{"href":"https:\/\/www.thinksai.com\/latam\/es\/wp-json\/wp\/v2\/pages\/6197","targetHints":{"allow":["GET"]}}],"collection":[{"href":"https:\/\/www.thinksai.com\/latam\/es\/wp-json\/wp\/v2\/pages"}],"about":[{"href":"https:\/\/www.thinksai.com\/latam\/es\/wp-json\/wp\/v2\/types\/page"}],"author":[{"embeddable":true,"href":"https:\/\/www.thinksai.com\/latam\/es\/wp-json\/wp\/v2\/users\/236185298"}],"replies":[{"embeddable":true,"href":"https:\/\/www.thinksai.com\/latam\/es\/wp-json\/wp\/v2\/comments?post=6197"}],"version-history":[{"count":0,"href":"https:\/\/www.thinksai.com\/latam\/es\/wp-json\/wp\/v2\/pages\/6197\/revisions"}],"wp:attachment":[{"href":"https:\/\/www.thinksai.com\/latam\/es\/wp-json\/wp\/v2\/media?parent=6197"}],"curies":[{"name":"wp","href":"https:\/\/api.w.org\/{rel}","templated":true}]}}