{"id":3011,"date":"2022-03-25T23:57:27","date_gmt":"2022-03-25T23:57:27","guid":{"rendered":"https:\/\/stax.organicthemes.com\/?page_id=3011"},"modified":"2022-03-25T23:57:27","modified_gmt":"2022-03-25T23:57:27","slug":"templates","status":"publish","type":"page","link":"https:\/\/www.thinksai.com\/latam\/es\/templates\/","title":{"rendered":"Plantillas"},"content":{"rendered":"<p><strong>STAX<\/strong> cuenta con varias plantillas de p\u00e1gina para mostrar tipos de contenido dentro de una variedad de dise\u00f1os. Adem\u00e1s, las plantillas existentes se pueden modificar y se pueden crear m\u00e1s plantillas en el editor de sitios completos de WordPress.<\/p>\n\n\n\n<div class=\"wp-block-columns is-layout-flex wp-container-core-columns-is-layout-28f84493 wp-block-columns-is-layout-flex\">\n<div class=\"wp-block-column is-layout-flow wp-block-column-is-layout-flow\">\n<div class=\"wp-block-obb-content-block organic-block obb-featured obb-mobile-reset\" style=\"z-index:4;background-color:#fff;border-radius:6px;border-width:2px;border-style:solid;border-color:#E5EEED\">\n<div class=\"wp-block-group obb-featured-content is-layout-flow wp-block-group-is-layout-flow\">\n<h5 class=\"wp-block-heading has-text-align-center\">Por defecto<\/h5>\n\n\n\n<p class=\"has-text-align-center\">La plantilla de p\u00e1gina predeterminada para el <strong>STAX<\/strong> tema.<\/p>\n\n\n\n<div class=\"wp-block-buttons is-layout-flex wp-block-buttons-is-layout-flex\">\n<div class=\"wp-block-button has-custom-width wp-block-button__width-100\"><a class=\"wp-block-button__link wp-element-button\" href=\"\/blocks\/organic-blocks\/\">Ver plantilla<\/a><\/div>\n<\/div>\n<\/div>\n<\/div>\n\n\n\n<div class=\"wp-block-obb-content-block organic-block obb-featured obb-mobile-reset\" style=\"z-index:4;background-color:#fff;border-radius:6px;border-width:2px;border-style:solid;border-color:#E5EEED\">\n<div class=\"wp-block-group obb-featured-content is-layout-flow wp-block-group-is-layout-flow\">\n<h5 class=\"wp-block-heading has-text-align-center\">Sin imagen destacada<\/h5>\n\n\n\n<p class=\"has-text-align-center\">Un post sin imagen destacada aplicada.<\/p>\n\n\n\n<div class=\"wp-block-buttons is-layout-flex wp-block-buttons-is-layout-flex\">\n<div class=\"wp-block-button has-custom-width wp-block-button__width-100\"><a class=\"wp-block-button__link wp-element-button\" href=\"\/blog\/we-designed-this-gin-brand-like-it-came-from-an-apothecary\/\">Ver plantilla<\/a><\/div>\n<\/div>\n<\/div>\n<\/div>\n\n\n\n<div class=\"wp-block-obb-content-block organic-block obb-featured obb-mobile-reset\" style=\"z-index:4;background-color:#fff;border-radius:6px;border-width:2px;border-style:solid;border-color:#E5EEED\">\n<div class=\"wp-block-group obb-featured-content is-layout-flow wp-block-group-is-layout-flow\">\n<h5 class=\"wp-block-heading has-text-align-center\">Categor\u00eda de puestos<\/h5>\n\n\n\n<p class=\"has-text-align-center\">El dise\u00f1o de la plantilla de la p\u00e1gina de archivo de categor\u00edas.<\/p>\n\n\n\n<div class=\"wp-block-buttons is-layout-flex wp-block-buttons-is-layout-flex\">\n<div class=\"wp-block-button has-custom-width wp-block-button__width-100\"><a class=\"wp-block-button__link wp-element-button\" href=\"\/blog\/category\/blog\/\">Ver plantilla<\/a><\/div>\n<\/div>\n<\/div>\n<\/div>\n<\/div>\n\n\n\n<div class=\"wp-block-column is-layout-flow wp-block-column-is-layout-flow\">\n<div class=\"wp-block-obb-content-block organic-block obb-featured obb-mobile-reset\" style=\"z-index:4;background-color:#fff;border-radius:6px;border-width:2px;border-style:solid;border-color:#E5EEED\">\n<div class=\"wp-block-group obb-featured-content is-layout-flow wp-block-group-is-layout-flow\">\n<h5 class=\"wp-block-heading has-text-align-center\">Sin t\u00edtulo<\/h5>\n\n\n\n<p class=\"has-text-align-center\">Una p\u00e1gina de lienzo en blanco para a\u00f1adir bloques.<\/p>\n\n\n\n<div class=\"wp-block-buttons is-layout-flex wp-block-buttons-is-layout-flex\">\n<div class=\"wp-block-button has-custom-width wp-block-button__width-100\"><a class=\"wp-block-button__link wp-element-button\" href=\"\/no-title\/\">Ver plantilla<\/a><\/div>\n<\/div>\n<\/div>\n<\/div>\n\n\n\n<div class=\"wp-block-obb-content-block organic-block obb-featured obb-mobile-reset\" style=\"z-index:4;background-color:#fff;border-radius:6px;border-width:2px;border-style:solid;border-color:#E5EEED\">\n<div class=\"wp-block-group obb-featured-content is-layout-flow wp-block-group-is-layout-flow\">\n<h5 class=\"wp-block-heading has-text-align-center\">Blog<\/h5>\n\n\n\n<p class=\"has-text-align-center\">El dise\u00f1o predeterminado del blog <strong>STAX<\/strong> tema.<\/p>\n\n\n\n<div class=\"wp-block-buttons is-layout-flex wp-block-buttons-is-layout-flex\">\n<div class=\"wp-block-button has-custom-width wp-block-button__width-100\"><a class=\"wp-block-button__link wp-element-button\" href=\"\/blog\/\">Ver plantilla<\/a><\/div>\n<\/div>\n<\/div>\n<\/div>\n\n\n\n<div class=\"wp-block-obb-content-block organic-block obb-featured obb-mobile-reset\" style=\"z-index:4;background-color:#fff;border-radius:6px;border-width:2px;border-style:solid;border-color:#E5EEED\">\n<div class=\"wp-block-group obb-featured-content is-layout-flow wp-block-group-is-layout-flow\">\n<h5 class=\"wp-block-heading has-text-align-center\">Producto \u00fanico<\/h5>\n\n\n\n<p class=\"has-text-align-center\">El dise\u00f1o de p\u00e1gina para productos individuales de WooCommerce.<\/p>\n\n\n\n<div class=\"wp-block-buttons is-layout-flex wp-block-buttons-is-layout-flex\">\n<div class=\"wp-block-button has-custom-width wp-block-button__width-100\"><a class=\"wp-block-button__link wp-element-button\" href=\"\/product\/earthen-collection\/\">Ver plantilla<\/a><\/div>\n<\/div>\n<\/div>\n<\/div>\n<\/div>\n\n\n\n<div class=\"wp-block-column is-layout-flow wp-block-column-is-layout-flow\">\n<div class=\"wp-block-obb-content-block organic-block obb-featured obb-mobile-reset\" style=\"z-index:4;background-color:#fff;border-radius:6px;border-width:2px;border-style:solid;border-color:#E5EEED\">\n<div class=\"wp-block-group obb-featured-content is-layout-flow wp-block-group-is-layout-flow\">\n<h5 class=\"wp-block-heading has-text-align-center\">Imagen destacada<\/h5>\n\n\n\n<p class=\"has-text-align-center\">Una p\u00e1gina con una imagen destacada aplicada.<\/p>\n\n\n\n<div class=\"wp-block-buttons is-layout-flex wp-block-buttons-is-layout-flex\">\n<div class=\"wp-block-button has-custom-width wp-block-button__width-100\"><a class=\"wp-block-button__link wp-element-button\" href=\"\/featured-image\/\">Ver plantilla<\/a><\/div>\n<\/div>\n<\/div>\n<\/div>\n\n\n\n<div class=\"wp-block-obb-content-block organic-block obb-featured obb-mobile-reset\" style=\"z-index:4;background-color:#fff;border-radius:6px;border-width:2px;border-style:solid;border-color:#E5EEED\">\n<div class=\"wp-block-group obb-featured-content is-layout-flow wp-block-group-is-layout-flow\">\n<h5 class=\"wp-block-heading has-text-align-center\">Barra lateral<\/h5>\n\n\n\n<p class=\"has-text-align-center\">Una p\u00e1gina con widgets de barra lateral en la columna derecha.<\/p>\n\n\n\n<div class=\"wp-block-buttons is-layout-flex wp-block-buttons-is-layout-flex\">\n<div class=\"wp-block-button has-custom-width wp-block-button__width-100\"><a class=\"wp-block-button__link wp-element-button\" href=\"\/sidebar-page\/\">Ver plantilla<\/a><\/div>\n<\/div>\n<\/div>\n<\/div>\n\n\n\n<div class=\"wp-block-obb-content-block organic-block obb-featured obb-mobile-reset\" style=\"z-index:4;background-color:#fff;border-radius:6px;border-width:2px;border-style:solid;border-color:#E5EEED\">\n<div class=\"wp-block-group obb-featured-content is-layout-flow wp-block-group-is-layout-flow\">\n<h5 class=\"wp-block-heading has-text-align-center\">Categor\u00eda de productos<\/h5>\n\n\n\n<p class=\"has-text-align-center\">La plantilla de categor\u00eda de producto de WooCommerce.<\/p>\n\n\n\n<div class=\"wp-block-buttons is-layout-flex wp-block-buttons-is-layout-flex\">\n<div class=\"wp-block-button has-custom-width wp-block-button__width-100\"><a class=\"wp-block-button__link wp-element-button\" href=\"\/product-category\/pottery\/\">Ver plantilla<\/a><\/div>\n<\/div>\n<\/div>\n<\/div>\n<\/div>\n<\/div>","protected":false},"excerpt":{"rendered":"<p>STAX dispone de varias plantillas de p\u00e1gina para mostrar tipos de contenido dentro de una variedad de dise\u00f1os. Adem\u00e1s, las plantillas existentes se pueden modificar y se pueden crear m\u00e1s plantillas en el Editor de sitios completos de WordPress.<\/p>","protected":false},"author":236185298,"featured_media":0,"parent":0,"menu_order":0,"comment_status":"closed","ping_status":"closed","template":"","meta":{"_acf_changed":false,"_eb_attr":"","site-sidebar-layout":"default","site-content-layout":"","ast-site-content-layout":"default","site-content-style":"default","site-sidebar-style":"default","ast-global-header-display":"","ast-banner-title-visibility":"","ast-main-header-display":"","ast-hfb-above-header-display":"","ast-hfb-below-header-display":"","ast-hfb-mobile-header-display":"","site-post-title":"","ast-breadcrumbs-content":"","ast-featured-img":"","footer-sml-layout":"","ast-disable-related-posts":"","theme-transparent-header-meta":"","adv-header-id-meta":"","stick-header-meta":"","header-above-stick-meta":"","header-main-stick-meta":"","header-below-stick-meta":"","astra-migrate-meta-layouts":"default","ast-page-background-enabled":"default","ast-page-background-meta":{"desktop":{"background-color":"var(--ast-global-color-4)","background-image":"","background-repeat":"repeat","background-position":"center center","background-size":"auto","background-attachment":"scroll","background-type":"","background-media":"","overlay-type":"","overlay-color":"","overlay-opacity":"","overlay-gradient":""},"tablet":{"background-color":"","background-image":"","background-repeat":"repeat","background-position":"center center","background-size":"auto","background-attachment":"scroll","background-type":"","background-media":"","overlay-type":"","overlay-color":"","overlay-opacity":"","overlay-gradient":""},"mobile":{"background-color":"","background-image":"","background-repeat":"repeat","background-position":"center center","background-size":"auto","background-attachment":"scroll","background-type":"","background-media":"","overlay-type":"","overlay-color":"","overlay-opacity":"","overlay-gradient":""}},"ast-content-background-meta":{"desktop":{"background-color":"var(--ast-global-color-5)","background-image":"","background-repeat":"repeat","background-position":"center center","background-size":"auto","background-attachment":"scroll","background-type":"","background-media":"","overlay-type":"","overlay-color":"","overlay-opacity":"","overlay-gradient":""},"tablet":{"background-color":"var(--ast-global-color-5)","background-image":"","background-repeat":"repeat","background-position":"center center","background-size":"auto","background-attachment":"scroll","background-type":"","background-media":"","overlay-type":"","overlay-color":"","overlay-opacity":"","overlay-gradient":""},"mobile":{"background-color":"var(--ast-global-color-5)","background-image":"","background-repeat":"repeat","background-position":"center center","background-size":"auto","background-attachment":"scroll","background-type":"","background-media":"","overlay-type":"","overlay-color":"","overlay-opacity":"","overlay-gradient":""}},"footnotes":""},"class_list":["post-3011","page","type-page","status-publish","hentry"],"acf":[],"yoast_head":"<!-- This site is optimized with the Yoast SEO plugin v27.6 - https:\/\/yoast.com\/product\/yoast-seo-wordpress\/ -->\n<title>Templates - ThinkSAi - LatAm<\/title>\n<meta name=\"robots\" content=\"index, follow, max-snippet:-1, max-image-preview:large, max-video-preview:-1\" \/>\n<link rel=\"canonical\" href=\"https:\/\/www.thinksai.com\/latam\/es\/templates\/\" \/>\n<meta property=\"og:locale\" content=\"es_ES\" \/>\n<meta property=\"og:type\" content=\"article\" \/>\n<meta property=\"og:title\" content=\"Templates - ThinkSAi - LatAm\" \/>\n<meta property=\"og:description\" content=\"STAX features several page templates for displaying content types within a variety of layouts. Additionally, existing templates can be modified, and more templates can be created within the WordPress Full-Site Editor.\" \/>\n<meta property=\"og:url\" content=\"https:\/\/www.thinksai.com\/latam\/es\/templates\/\" \/>\n<meta property=\"og:site_name\" content=\"ThinkSAi - LatAm\" \/>\n<meta name=\"twitter:card\" content=\"summary_large_image\" \/>\n<meta name=\"twitter:label1\" content=\"Tiempo de lectura\" \/>\n\t<meta name=\"twitter:data1\" content=\"1 minuto\" \/>\n<script type=\"application\/ld+json\" class=\"yoast-schema-graph\">{\"@context\":\"https:\\\/\\\/schema.org\",\"@graph\":[{\"@type\":\"WebPage\",\"@id\":\"https:\\\/\\\/www.thinksai.com\\\/latam\\\/templates\\\/\",\"url\":\"https:\\\/\\\/www.thinksai.com\\\/latam\\\/templates\\\/\",\"name\":\"Templates - ThinkSAi - LatAm\",\"isPartOf\":{\"@id\":\"https:\\\/\\\/www.thinksai.com\\\/latam\\\/#website\"},\"datePublished\":\"2022-03-25T23:57:27+00:00\",\"breadcrumb\":{\"@id\":\"https:\\\/\\\/www.thinksai.com\\\/latam\\\/templates\\\/#breadcrumb\"},\"inLanguage\":\"es\",\"potentialAction\":[{\"@type\":\"ReadAction\",\"target\":[\"https:\\\/\\\/www.thinksai.com\\\/latam\\\/templates\\\/\"]}]},{\"@type\":\"BreadcrumbList\",\"@id\":\"https:\\\/\\\/www.thinksai.com\\\/latam\\\/templates\\\/#breadcrumb\",\"itemListElement\":[{\"@type\":\"ListItem\",\"position\":1,\"name\":\"Portada\",\"item\":\"https:\\\/\\\/www.thinksai.com\\\/latam\\\/\"},{\"@type\":\"ListItem\",\"position\":2,\"name\":\"Templates\"}]},{\"@type\":\"WebSite\",\"@id\":\"https:\\\/\\\/www.thinksai.com\\\/latam\\\/#website\",\"url\":\"https:\\\/\\\/www.thinksai.com\\\/latam\\\/\",\"name\":\"ThinkSAi - LatAm\",\"description\":\"\",\"publisher\":{\"@id\":\"https:\\\/\\\/www.thinksai.com\\\/latam\\\/#organization\"},\"potentialAction\":[{\"@type\":\"SearchAction\",\"target\":{\"@type\":\"EntryPoint\",\"urlTemplate\":\"https:\\\/\\\/www.thinksai.com\\\/latam\\\/?s={search_term_string}\"},\"query-input\":{\"@type\":\"PropertyValueSpecification\",\"valueRequired\":true,\"valueName\":\"search_term_string\"}}],\"inLanguage\":\"es\"},{\"@type\":\"Organization\",\"@id\":\"https:\\\/\\\/www.thinksai.com\\\/latam\\\/#organization\",\"name\":\"ThinkSAi - LatAm\",\"url\":\"https:\\\/\\\/www.thinksai.com\\\/latam\\\/\",\"logo\":{\"@type\":\"ImageObject\",\"inLanguage\":\"es\",\"@id\":\"https:\\\/\\\/www.thinksai.com\\\/latam\\\/#\\\/schema\\\/logo\\\/image\\\/\",\"url\":\"https:\\\/\\\/www.thinksai.com\\\/latam\\\/wp-content\\\/uploads\\\/sites\\\/9\\\/2023\\\/06\\\/SAiPurple_Logo.png\",\"contentUrl\":\"https:\\\/\\\/www.thinksai.com\\\/latam\\\/wp-content\\\/uploads\\\/sites\\\/9\\\/2023\\\/06\\\/SAiPurple_Logo.png\",\"width\":406,\"height\":407,\"caption\":\"ThinkSAi - LatAm\"},\"image\":{\"@id\":\"https:\\\/\\\/www.thinksai.com\\\/latam\\\/#\\\/schema\\\/logo\\\/image\\\/\"}}]}<\/script>\n<!-- \/ Yoast SEO plugin. -->","yoast_head_json":{"title":"Plantillas - ThinkSAi - LatAm","robots":{"index":"index","follow":"follow","max-snippet":"max-snippet:-1","max-image-preview":"max-image-preview:large","max-video-preview":"max-video-preview:-1"},"canonical":"https:\/\/www.thinksai.com\/latam\/es\/templates\/","og_locale":"es_ES","og_type":"article","og_title":"Templates - ThinkSAi - LatAm","og_description":"STAX features several page templates for displaying content types within a variety of layouts. Additionally, existing templates can be modified, and more templates can be created within the WordPress Full-Site Editor.","og_url":"https:\/\/www.thinksai.com\/latam\/es\/templates\/","og_site_name":"ThinkSAi - LatAm","twitter_card":"summary_large_image","twitter_misc":{"Tiempo de lectura":"1 minuto"},"schema":{"@context":"https:\/\/schema.org","@graph":[{"@type":"WebPage","@id":"https:\/\/www.thinksai.com\/latam\/templates\/","url":"https:\/\/www.thinksai.com\/latam\/templates\/","name":"Plantillas - ThinkSAi - LatAm","isPartOf":{"@id":"https:\/\/www.thinksai.com\/latam\/#website"},"datePublished":"2022-03-25T23:57:27+00:00","breadcrumb":{"@id":"https:\/\/www.thinksai.com\/latam\/templates\/#breadcrumb"},"inLanguage":"es","potentialAction":[{"@type":"ReadAction","target":["https:\/\/www.thinksai.com\/latam\/templates\/"]}]},{"@type":"BreadcrumbList","@id":"https:\/\/www.thinksai.com\/latam\/templates\/#breadcrumb","itemListElement":[{"@type":"ListItem","position":1,"name":"Portada","item":"https:\/\/www.thinksai.com\/latam\/"},{"@type":"ListItem","position":2,"name":"Templates"}]},{"@type":"WebSite","@id":"https:\/\/www.thinksai.com\/latam\/#website","url":"https:\/\/www.thinksai.com\/latam\/","name":"ThinkSAi - Latinoam\u00e9rica","description":"","publisher":{"@id":"https:\/\/www.thinksai.com\/latam\/#organization"},"potentialAction":[{"@type":"SearchAction","target":{"@type":"EntryPoint","urlTemplate":"https:\/\/www.thinksai.com\/latam\/?s={search_term_string}"},"query-input":{"@type":"PropertyValueSpecification","valueRequired":true,"valueName":"search_term_string"}}],"inLanguage":"es"},{"@type":"Organization","@id":"https:\/\/www.thinksai.com\/latam\/#organization","name":"ThinkSAi - Latinoam\u00e9rica","url":"https:\/\/www.thinksai.com\/latam\/","logo":{"@type":"ImageObject","inLanguage":"es","@id":"https:\/\/www.thinksai.com\/latam\/#\/schema\/logo\/image\/","url":"https:\/\/www.thinksai.com\/latam\/wp-content\/uploads\/sites\/9\/2023\/06\/SAiPurple_Logo.png","contentUrl":"https:\/\/www.thinksai.com\/latam\/wp-content\/uploads\/sites\/9\/2023\/06\/SAiPurple_Logo.png","width":406,"height":407,"caption":"ThinkSAi - LatAm"},"image":{"@id":"https:\/\/www.thinksai.com\/latam\/#\/schema\/logo\/image\/"}}]}},"_links":{"self":[{"href":"https:\/\/www.thinksai.com\/latam\/es\/wp-json\/wp\/v2\/pages\/3011","targetHints":{"allow":["GET"]}}],"collection":[{"href":"https:\/\/www.thinksai.com\/latam\/es\/wp-json\/wp\/v2\/pages"}],"about":[{"href":"https:\/\/www.thinksai.com\/latam\/es\/wp-json\/wp\/v2\/types\/page"}],"author":[{"embeddable":true,"href":"https:\/\/www.thinksai.com\/latam\/es\/wp-json\/wp\/v2\/users\/236185298"}],"replies":[{"embeddable":true,"href":"https:\/\/www.thinksai.com\/latam\/es\/wp-json\/wp\/v2\/comments?post=3011"}],"version-history":[{"count":0,"href":"https:\/\/www.thinksai.com\/latam\/es\/wp-json\/wp\/v2\/pages\/3011\/revisions"}],"wp:attachment":[{"href":"https:\/\/www.thinksai.com\/latam\/es\/wp-json\/wp\/v2\/media?parent=3011"}],"curies":[{"name":"wp","href":"https:\/\/api.w.org\/{rel}","templated":true}]}}