{"id":2947,"date":"2022-02-03T16:01:53","date_gmt":"2022-02-03T16:01:53","guid":{"rendered":"https:\/\/stax.organicthemes.com\/?page_id=2947"},"modified":"2023-06-07T13:00:33","modified_gmt":"2023-06-07T19:00:33","slug":"no-title","status":"publish","type":"page","link":"https:\/\/www.thinksai.com\/latam\/es\/no-title\/","title":{"rendered":"Sin t\u00edtulo"},"content":{"rendered":"<p class=\"has-medium-font-size\">La plantilla \"Sin t\u00edtulo\" muestra el contenido de tu p\u00e1gina o entrada sin t\u00edtulo. Es una p\u00e1gina de lienzo en blanco que se puede construir con cualquier <a href=\"\/blocks\/\">bloquea<\/a> y <a href=\"\/patterns\/\">patrones<\/a> que desees.<\/p>\n\n\n\n<figure class=\"wp-block-image size-full\"><img fetchpriority=\"high\" decoding=\"async\" width=\"2400\" height=\"1600\" src=\"https:\/\/\/wp-content\/uploads\/sites\/9\/2022\/02\/island-01.jpg\" alt=\"\" class=\"wp-image-2948\" srcset=\"https:\/\/www.thinksai.com\/latam\/wp-content\/uploads\/sites\/9\/2022\/02\/island-01.jpg 2400w, https:\/\/www.thinksai.com\/latam\/wp-content\/uploads\/sites\/9\/2022\/02\/island-01-300x200.jpg 300w, https:\/\/www.thinksai.com\/latam\/wp-content\/uploads\/sites\/9\/2022\/02\/island-01-1024x683.jpg 1024w, https:\/\/www.thinksai.com\/latam\/wp-content\/uploads\/sites\/9\/2022\/02\/island-01-768x512.jpg 768w, https:\/\/www.thinksai.com\/latam\/wp-content\/uploads\/sites\/9\/2022\/02\/island-01-1536x1024.jpg 1536w, https:\/\/www.thinksai.com\/latam\/wp-content\/uploads\/sites\/9\/2022\/02\/island-01-2048x1365.jpg 2048w, https:\/\/www.thinksai.com\/latam\/wp-content\/uploads\/sites\/9\/2022\/02\/island-01-18x12.jpg 18w, https:\/\/www.thinksai.com\/latam\/wp-content\/uploads\/sites\/9\/2022\/02\/island-01-1200x800.jpg 1200w, https:\/\/www.thinksai.com\/latam\/wp-content\/uploads\/sites\/9\/2022\/02\/island-01-980x653.jpg 980w\" sizes=\"(max-width: 2400px) 100vw, 2400px\" \/><\/figure>\n\n\n\n<p>\u00a1Qu\u00e9 luz se dispar\u00f3 en mi mente! La Atl\u00e1ntida de Plat\u00f3n, ese continente negado por Or\u00edgenes y Humbolt, que situaron su desaparici\u00f3n entre los relatos legendarios. Lo ten\u00eda ahora ante mis ojos, llevando sobre s\u00ed el testimonio intachable de su cat\u00e1strofe. La regi\u00f3n as\u00ed engullida estaba m\u00e1s all\u00e1 de Europa, Asia y Libia, m\u00e1s all\u00e1 de las columnas de H\u00e9rcules, donde viv\u00edan aquellos poderosos pueblos, los atlantes, contra los que se libraron las primeras guerras de los antiguos griegos.<\/p>\n\n\n\n<p>As\u00ed, guiado por el m\u00e1s extra\u00f1o destino, hollaba bajo mis pies las monta\u00f1as de este continente, tocando con la mano aquellas ruinas milenarias y contempor\u00e1neas de las \u00e9pocas geol\u00f3gicas. Caminaba por el mismo lugar por donde hab\u00edan caminado los contempor\u00e1neos del primer hombre.<\/p>\n\n\n\n<p>Mientras yo intentaba fijar en mi mente cada detalle de este grandioso paisaje, el capit\u00e1n Nemo permanec\u00eda inm\u00f3vil, como petrificado en mudo \u00e9xtasis, apoyado en una piedra musgosa. \u00bfSo\u00f1aba con aquellas generaciones ya desaparecidas? \u00bfLes preguntaba el secreto del destino humano? \u00bfHab\u00eda venido aqu\u00ed este extra\u00f1o hombre para empaparse de recuerdos hist\u00f3ricos y vivir de nuevo esta antigua vida, \u00e9l que no quer\u00eda ninguna vida moderna? \u00c2\u00a1Qu\u00c3\u00a9 no hubiera dado yo por conocer sus pensamientos, por compartirlos, por comprenderlos! Permanecimos una hora en este lugar, contemplando las vastas llanuras bajo el resplandor de la lava, que a veces era maravillosamente intenso. R\u00e1pidos temblores corr\u00edan a lo largo de la monta\u00f1a causados por burbujas internas, ruidos profundos, n\u00edtidamente transmitidos a trav\u00e9s del medio l\u00edquido resonaban con majestuosa grandeza. En ese momento la luna apareci\u00f3 a trav\u00e9s de la masa de aguas y arroj\u00f3 sus p\u00e1lidos rayos sobre el continente sepultado. No fue m\u00e1s que un destello, pero \u00a1qu\u00e9 efecto tan indescriptible! El capit\u00e1n se levant\u00f3, ech\u00f3 una \u00faltima mirada a la inmensa llanura y me orden\u00f3 que le siguiera.<\/p>\n\n\n\n<p>Descendimos r\u00e1pidamente la monta\u00f1a y, una vez pasado el bosque mineral, vi brillar como una estrella la linterna del Nautilus. El capit\u00e1n se dirigi\u00f3 directamente hacia ella, y subimos a bordo cuando los primeros rayos de luz blanqueaban la superficie del oc\u00e9ano.<\/p>","protected":false},"excerpt":{"rendered":"<p>The &#8220;No Title&#8221; template displays your page or post content without a title. It&#8217;s a blank canvas page that you can build upon with whatever blocks and patterns you desire. What a light shot through my mind! Atlantis! the Atlantis of Plato, that continent denied by Origen and Humbolt, who placed its disappearance amongst the [&hellip;]<\/p>","protected":false},"author":236185298,"featured_media":0,"parent":0,"menu_order":0,"comment_status":"closed","ping_status":"closed","template":"template-no-title","meta":{"_acf_changed":false,"_eb_attr":"","site-sidebar-layout":"default","site-content-layout":"","ast-site-content-layout":"default","site-content-style":"default","site-sidebar-style":"default","ast-global-header-display":"","ast-banner-title-visibility":"","ast-main-header-display":"","ast-hfb-above-header-display":"","ast-hfb-below-header-display":"","ast-hfb-mobile-header-display":"","site-post-title":"","ast-breadcrumbs-content":"","ast-featured-img":"","footer-sml-layout":"","ast-disable-related-posts":"","theme-transparent-header-meta":"","adv-header-id-meta":"","stick-header-meta":"","header-above-stick-meta":"","header-main-stick-meta":"","header-below-stick-meta":"","astra-migrate-meta-layouts":"default","ast-page-background-enabled":"default","ast-page-background-meta":{"desktop":{"background-color":"var(--ast-global-color-4)","background-image":"","background-repeat":"repeat","background-position":"center center","background-size":"auto","background-attachment":"scroll","background-type":"","background-media":"","overlay-type":"","overlay-color":"","overlay-opacity":"","overlay-gradient":""},"tablet":{"background-color":"","background-image":"","background-repeat":"repeat","background-position":"center center","background-size":"auto","background-attachment":"scroll","background-type":"","background-media":"","overlay-type":"","overlay-color":"","overlay-opacity":"","overlay-gradient":""},"mobile":{"background-color":"","background-image":"","background-repeat":"repeat","background-position":"center center","background-size":"auto","background-attachment":"scroll","background-type":"","background-media":"","overlay-type":"","overlay-color":"","overlay-opacity":"","overlay-gradient":""}},"ast-content-background-meta":{"desktop":{"background-color":"var(--ast-global-color-5)","background-image":"","background-repeat":"repeat","background-position":"center center","background-size":"auto","background-attachment":"scroll","background-type":"","background-media":"","overlay-type":"","overlay-color":"","overlay-opacity":"","overlay-gradient":""},"tablet":{"background-color":"var(--ast-global-color-5)","background-image":"","background-repeat":"repeat","background-position":"center center","background-size":"auto","background-attachment":"scroll","background-type":"","background-media":"","overlay-type":"","overlay-color":"","overlay-opacity":"","overlay-gradient":""},"mobile":{"background-color":"var(--ast-global-color-5)","background-image":"","background-repeat":"repeat","background-position":"center center","background-size":"auto","background-attachment":"scroll","background-type":"","background-media":"","overlay-type":"","overlay-color":"","overlay-opacity":"","overlay-gradient":""}},"footnotes":""},"class_list":["post-2947","page","type-page","status-publish","hentry"],"acf":[],"yoast_head":"<!-- This site is optimized with the Yoast SEO plugin v26.7 - https:\/\/yoast.com\/wordpress\/plugins\/seo\/ -->\n<title>No Title - ThinkSAi - LatAm<\/title>\n<meta name=\"robots\" content=\"index, follow, max-snippet:-1, max-image-preview:large, max-video-preview:-1\" \/>\n<link rel=\"canonical\" href=\"https:\/\/www.thinksai.com\/latam\/es\/no-title\/\" \/>\n<meta property=\"og:locale\" content=\"es_ES\" \/>\n<meta property=\"og:type\" content=\"article\" \/>\n<meta property=\"og:title\" content=\"No Title - ThinkSAi - LatAm\" \/>\n<meta property=\"og:description\" content=\"The &#8220;No Title&#8221; template displays your page or post content without a title. It&#8217;s a blank canvas page that you can build upon with whatever blocks and patterns you desire. What a light shot through my mind! Atlantis! the Atlantis of Plato, that continent denied by Origen and Humbolt, who placed its disappearance amongst the [&hellip;]\" \/>\n<meta property=\"og:url\" content=\"https:\/\/www.thinksai.com\/latam\/es\/no-title\/\" \/>\n<meta property=\"og:site_name\" content=\"ThinkSAi - LatAm\" \/>\n<meta property=\"article:modified_time\" content=\"2023-06-07T19:00:33+00:00\" \/>\n<meta name=\"twitter:card\" content=\"summary_large_image\" \/>\n<meta name=\"twitter:label1\" content=\"Tiempo de lectura\" \/>\n\t<meta name=\"twitter:data1\" content=\"2 minutos\" \/>\n<script type=\"application\/ld+json\" class=\"yoast-schema-graph\">{\"@context\":\"https:\/\/schema.org\",\"@graph\":[{\"@type\":\"WebPage\",\"@id\":\"https:\/\/www.thinksai.com\/latam\/no-title\/\",\"url\":\"https:\/\/www.thinksai.com\/latam\/no-title\/\",\"name\":\"No Title - ThinkSAi - LatAm\",\"isPartOf\":{\"@id\":\"https:\/\/www.thinksai.com\/latam\/#website\"},\"datePublished\":\"2022-02-03T16:01:53+00:00\",\"dateModified\":\"2023-06-07T19:00:33+00:00\",\"breadcrumb\":{\"@id\":\"https:\/\/www.thinksai.com\/latam\/no-title\/#breadcrumb\"},\"inLanguage\":\"es\",\"potentialAction\":[{\"@type\":\"ReadAction\",\"target\":[\"https:\/\/www.thinksai.com\/latam\/no-title\/\"]}]},{\"@type\":\"BreadcrumbList\",\"@id\":\"https:\/\/www.thinksai.com\/latam\/no-title\/#breadcrumb\",\"itemListElement\":[{\"@type\":\"ListItem\",\"position\":1,\"name\":\"Portada\",\"item\":\"https:\/\/www.thinksai.com\/latam\/\"},{\"@type\":\"ListItem\",\"position\":2,\"name\":\"No Title\"}]},{\"@type\":\"WebSite\",\"@id\":\"https:\/\/www.thinksai.com\/latam\/#website\",\"url\":\"https:\/\/www.thinksai.com\/latam\/\",\"name\":\"ThinkSAi - LatAm\",\"description\":\"\",\"publisher\":{\"@id\":\"https:\/\/www.thinksai.com\/latam\/#organization\"},\"potentialAction\":[{\"@type\":\"SearchAction\",\"target\":{\"@type\":\"EntryPoint\",\"urlTemplate\":\"https:\/\/www.thinksai.com\/latam\/?s={search_term_string}\"},\"query-input\":{\"@type\":\"PropertyValueSpecification\",\"valueRequired\":true,\"valueName\":\"search_term_string\"}}],\"inLanguage\":\"es\"},{\"@type\":\"Organization\",\"@id\":\"https:\/\/www.thinksai.com\/latam\/#organization\",\"name\":\"ThinkSAi - LatAm\",\"url\":\"https:\/\/www.thinksai.com\/latam\/\",\"logo\":{\"@type\":\"ImageObject\",\"inLanguage\":\"es\",\"@id\":\"https:\/\/www.thinksai.com\/latam\/#\/schema\/logo\/image\/\",\"url\":\"https:\/\/www.thinksai.com\/latam\/wp-content\/uploads\/sites\/9\/2023\/06\/SAiPurple_Logo.png\",\"contentUrl\":\"https:\/\/www.thinksai.com\/latam\/wp-content\/uploads\/sites\/9\/2023\/06\/SAiPurple_Logo.png\",\"width\":406,\"height\":407,\"caption\":\"ThinkSAi - LatAm\"},\"image\":{\"@id\":\"https:\/\/www.thinksai.com\/latam\/#\/schema\/logo\/image\/\"}}]}<\/script>\n<!-- \/ Yoast SEO plugin. -->","yoast_head_json":{"title":"No Title - ThinkSAi - LatAm","robots":{"index":"index","follow":"follow","max-snippet":"max-snippet:-1","max-image-preview":"max-image-preview:large","max-video-preview":"max-video-preview:-1"},"canonical":"https:\/\/www.thinksai.com\/latam\/es\/no-title\/","og_locale":"es_ES","og_type":"article","og_title":"No Title - ThinkSAi - LatAm","og_description":"The &#8220;No Title&#8221; template displays your page or post content without a title. It&#8217;s a blank canvas page that you can build upon with whatever blocks and patterns you desire. What a light shot through my mind! Atlantis! the Atlantis of Plato, that continent denied by Origen and Humbolt, who placed its disappearance amongst the [&hellip;]","og_url":"https:\/\/www.thinksai.com\/latam\/es\/no-title\/","og_site_name":"ThinkSAi - LatAm","article_modified_time":"2023-06-07T19:00:33+00:00","twitter_card":"summary_large_image","twitter_misc":{"Tiempo de lectura":"2 minutos"},"schema":{"@context":"https:\/\/schema.org","@graph":[{"@type":"WebPage","@id":"https:\/\/www.thinksai.com\/latam\/no-title\/","url":"https:\/\/www.thinksai.com\/latam\/no-title\/","name":"No Title - ThinkSAi - LatAm","isPartOf":{"@id":"https:\/\/www.thinksai.com\/latam\/#website"},"datePublished":"2022-02-03T16:01:53+00:00","dateModified":"2023-06-07T19:00:33+00:00","breadcrumb":{"@id":"https:\/\/www.thinksai.com\/latam\/no-title\/#breadcrumb"},"inLanguage":"es","potentialAction":[{"@type":"ReadAction","target":["https:\/\/www.thinksai.com\/latam\/no-title\/"]}]},{"@type":"BreadcrumbList","@id":"https:\/\/www.thinksai.com\/latam\/no-title\/#breadcrumb","itemListElement":[{"@type":"ListItem","position":1,"name":"Portada","item":"https:\/\/www.thinksai.com\/latam\/"},{"@type":"ListItem","position":2,"name":"No Title"}]},{"@type":"WebSite","@id":"https:\/\/www.thinksai.com\/latam\/#website","url":"https:\/\/www.thinksai.com\/latam\/","name":"ThinkSAi - Latinoam\u00e9rica","description":"","publisher":{"@id":"https:\/\/www.thinksai.com\/latam\/#organization"},"potentialAction":[{"@type":"SearchAction","target":{"@type":"EntryPoint","urlTemplate":"https:\/\/www.thinksai.com\/latam\/?s={search_term_string}"},"query-input":{"@type":"PropertyValueSpecification","valueRequired":true,"valueName":"search_term_string"}}],"inLanguage":"es"},{"@type":"Organization","@id":"https:\/\/www.thinksai.com\/latam\/#organization","name":"ThinkSAi - Latinoam\u00e9rica","url":"https:\/\/www.thinksai.com\/latam\/","logo":{"@type":"ImageObject","inLanguage":"es","@id":"https:\/\/www.thinksai.com\/latam\/#\/schema\/logo\/image\/","url":"https:\/\/www.thinksai.com\/latam\/wp-content\/uploads\/sites\/9\/2023\/06\/SAiPurple_Logo.png","contentUrl":"https:\/\/www.thinksai.com\/latam\/wp-content\/uploads\/sites\/9\/2023\/06\/SAiPurple_Logo.png","width":406,"height":407,"caption":"ThinkSAi - LatAm"},"image":{"@id":"https:\/\/www.thinksai.com\/latam\/#\/schema\/logo\/image\/"}}]}},"_links":{"self":[{"href":"https:\/\/www.thinksai.com\/latam\/es\/wp-json\/wp\/v2\/pages\/2947","targetHints":{"allow":["GET"]}}],"collection":[{"href":"https:\/\/www.thinksai.com\/latam\/es\/wp-json\/wp\/v2\/pages"}],"about":[{"href":"https:\/\/www.thinksai.com\/latam\/es\/wp-json\/wp\/v2\/types\/page"}],"author":[{"embeddable":true,"href":"https:\/\/www.thinksai.com\/latam\/es\/wp-json\/wp\/v2\/users\/236185298"}],"replies":[{"embeddable":true,"href":"https:\/\/www.thinksai.com\/latam\/es\/wp-json\/wp\/v2\/comments?post=2947"}],"version-history":[{"count":0,"href":"https:\/\/www.thinksai.com\/latam\/es\/wp-json\/wp\/v2\/pages\/2947\/revisions"}],"wp:attachment":[{"href":"https:\/\/www.thinksai.com\/latam\/es\/wp-json\/wp\/v2\/media?parent=2947"}],"curies":[{"name":"wp","href":"https:\/\/api.w.org\/{rel}","templated":true}]}}