{"id":2679,"date":"2021-12-27T16:27:15","date_gmt":"2021-12-27T16:27:15","guid":{"rendered":"https:\/\/stax.organicthemes.com\/?page_id=2679"},"modified":"2021-12-27T16:27:15","modified_gmt":"2021-12-27T16:27:15","slug":"widget-area-block","status":"publish","type":"page","link":"https:\/\/www.thinksai.com\/latam\/es\/blocks\/organic-blocks\/widget-area-block\/","title":{"rendered":"Bloque de \u00e1rea de widgets"},"content":{"rendered":"<div class=\"wp-block-group is-layout-flow wp-block-group-is-layout-flow\">\n<hr class=\"wp-block-separator has-text-color has-background has-medium-gray-background-color has-medium-gray-color is-style-wide\"\/>\n\n\n\n<div class=\"wp-block-columns are-vertically-aligned-center is-layout-flex wp-container-core-columns-is-layout-28f84493 wp-block-columns-is-layout-flex\">\n<div class=\"wp-block-column is-vertically-aligned-center is-layout-flow wp-block-column-is-layout-flow\">\n<h4 class=\"has-medium-font-size wp-block-heading\" id=\"content-slideshow-block-1\">Ejemplo de bloque de \u00e1rea de widgets<\/h4>\n<\/div>\n\n\n\n<div class=\"wp-block-column is-vertically-aligned-center is-layout-flow wp-block-column-is-layout-flow\">\n<div class=\"wp-block-buttons is-content-justification-right is-layout-flex wp-container-core-buttons-is-layout-d445cf74 wp-block-buttons-is-layout-flex\">\n<div class=\"wp-block-button has-custom-font-size is-style-outline has-extra-small-font-size is-style-outline--1\"><a class=\"wp-block-button__link\" href=\"https:\/\/organicthemes.com\/block\/widget-area-block\/\">Documentaci\u00f3n<\/a><\/div>\n\n\n\n<div class=\"wp-block-button\"><a class=\"wp-block-button__link has-subtle-teal-gradient-background has-background\" href=\"https:\/\/organicthemes.com\/blocks\/\">Comprar bloques<\/a><\/div>\n<\/div>\n<\/div>\n<\/div>\n\n\n\n<hr class=\"wp-block-separator has-text-color has-background has-medium-gray-background-color has-medium-gray-color is-style-wide\"\/>\n\n\n\n<p class=\"has-normal-font-size\">En <strong>Bloque de \u00e1rea de widgets<\/strong> registra un \u00e1rea de widgets personalizados en cualquier lugar de tu contenido para a\u00f1adir widgets tradicionales. Es una herramienta incre\u00edblemente \u00fatil para a\u00f1adir widgets tradicionales dentro del editor de bloques. Por ejemplo, cualquier <a href=\"https:\/\/organicthemes.com\/builder\/\" target=\"_blank\" rel=\"noreferrer noopener\">Widget Constructor<\/a> puede a\u00f1adirse a su p\u00e1gina utilizando el bloque de \u00e1rea de widgets.<\/p>\n\n\n\n<p class=\"has-small-font-size\">El siguiente ejemplo muestra un widget de galer\u00eda dentro del bloque de \u00e1rea de widgets. Sin embargo, se pueden a\u00f1adir m\u00faltiples widgets de cualquier tipo de widget, tradicional o de bloque, dentro del \u00e1rea de widgets. Esto es particularmente \u00fatil si su sitio todav\u00eda est\u00e1 utilizando widgets tradicionales de WordPress que no se han convertido a los bloques.<\/p>\n\n\n\n<div style=\"height:40px\" aria-hidden=\"true\" class=\"wp-block-spacer\"><\/div>\n<\/div>","protected":false},"excerpt":{"rendered":"<p>Ejemplo de bloque de \u00e1rea de widgets El bloque de \u00e1rea de widgets registra un \u00e1rea de widgets personalizada en cualquier lugar de tu contenido para a\u00f1adir widgets tradicionales. Es una herramienta incre\u00edblemente \u00fatil para a\u00f1adir widgets tradicionales dentro del editor de bloques. Por ejemplo, se puede a\u00f1adir cualquier widget constructor a la p\u00e1gina mediante el bloque de \u00e1rea de widgets. El siguiente ejemplo muestra un [...]<\/p>","protected":false},"author":236185298,"featured_media":0,"parent":48,"menu_order":0,"comment_status":"closed","ping_status":"closed","template":"","meta":{"_acf_changed":false,"_eb_attr":"","site-sidebar-layout":"default","site-content-layout":"","ast-site-content-layout":"default","site-content-style":"default","site-sidebar-style":"default","ast-global-header-display":"","ast-banner-title-visibility":"","ast-main-header-display":"","ast-hfb-above-header-display":"","ast-hfb-below-header-display":"","ast-hfb-mobile-header-display":"","site-post-title":"","ast-breadcrumbs-content":"","ast-featured-img":"","footer-sml-layout":"","ast-disable-related-posts":"","theme-transparent-header-meta":"","adv-header-id-meta":"","stick-header-meta":"","header-above-stick-meta":"","header-main-stick-meta":"","header-below-stick-meta":"","astra-migrate-meta-layouts":"default","ast-page-background-enabled":"default","ast-page-background-meta":{"desktop":{"background-color":"var(--ast-global-color-4)","background-image":"","background-repeat":"repeat","background-position":"center center","background-size":"auto","background-attachment":"scroll","background-type":"","background-media":"","overlay-type":"","overlay-color":"","overlay-opacity":"","overlay-gradient":""},"tablet":{"background-color":"","background-image":"","background-repeat":"repeat","background-position":"center center","background-size":"auto","background-attachment":"scroll","background-type":"","background-media":"","overlay-type":"","overlay-color":"","overlay-opacity":"","overlay-gradient":""},"mobile":{"background-color":"","background-image":"","background-repeat":"repeat","background-position":"center center","background-size":"auto","background-attachment":"scroll","background-type":"","background-media":"","overlay-type":"","overlay-color":"","overlay-opacity":"","overlay-gradient":""}},"ast-content-background-meta":{"desktop":{"background-color":"var(--ast-global-color-5)","background-image":"","background-repeat":"repeat","background-position":"center center","background-size":"auto","background-attachment":"scroll","background-type":"","background-media":"","overlay-type":"","overlay-color":"","overlay-opacity":"","overlay-gradient":""},"tablet":{"background-color":"var(--ast-global-color-5)","background-image":"","background-repeat":"repeat","background-position":"center center","background-size":"auto","background-attachment":"scroll","background-type":"","background-media":"","overlay-type":"","overlay-color":"","overlay-opacity":"","overlay-gradient":""},"mobile":{"background-color":"var(--ast-global-color-5)","background-image":"","background-repeat":"repeat","background-position":"center center","background-size":"auto","background-attachment":"scroll","background-type":"","background-media":"","overlay-type":"","overlay-color":"","overlay-opacity":"","overlay-gradient":""}},"footnotes":""},"class_list":["post-2679","page","type-page","status-publish","hentry"],"acf":[],"yoast_head":"<!-- This site is optimized with the Yoast SEO plugin v26.7 - https:\/\/yoast.com\/wordpress\/plugins\/seo\/ -->\n<title>Widget Area Block - ThinkSAi - LatAm<\/title>\n<meta name=\"robots\" content=\"index, follow, max-snippet:-1, max-image-preview:large, max-video-preview:-1\" \/>\n<link rel=\"canonical\" href=\"https:\/\/www.thinksai.com\/latam\/es\/blocks\/organic-blocks\/widget-area-block\/\" \/>\n<meta property=\"og:locale\" content=\"es_ES\" \/>\n<meta property=\"og:type\" content=\"article\" \/>\n<meta property=\"og:title\" content=\"Widget Area Block - ThinkSAi - LatAm\" \/>\n<meta property=\"og:description\" content=\"Widget Area Block Example The Widget Area Block registers a custom widget area anywhere in your content for adding traditional widgets. It&#8217;s an incredibly useful tool for adding traditional widgets within the block editor. For instance, any Builder Widget can be added to your page using the Widget Area Block. The example below features a [&hellip;]\" \/>\n<meta property=\"og:url\" content=\"https:\/\/www.thinksai.com\/latam\/es\/blocks\/organic-blocks\/widget-area-block\/\" \/>\n<meta property=\"og:site_name\" content=\"ThinkSAi - LatAm\" \/>\n<meta name=\"twitter:card\" content=\"summary_large_image\" \/>\n<meta name=\"twitter:label1\" content=\"Tiempo de lectura\" \/>\n\t<meta name=\"twitter:data1\" content=\"1 minuto\" \/>\n<script type=\"application\/ld+json\" class=\"yoast-schema-graph\">{\"@context\":\"https:\/\/schema.org\",\"@graph\":[{\"@type\":\"WebPage\",\"@id\":\"https:\/\/www.thinksai.com\/latam\/blocks\/organic-blocks\/widget-area-block\/\",\"url\":\"https:\/\/www.thinksai.com\/latam\/blocks\/organic-blocks\/widget-area-block\/\",\"name\":\"Widget Area Block - ThinkSAi - LatAm\",\"isPartOf\":{\"@id\":\"https:\/\/www.thinksai.com\/latam\/#website\"},\"datePublished\":\"2021-12-27T16:27:15+00:00\",\"breadcrumb\":{\"@id\":\"https:\/\/www.thinksai.com\/latam\/blocks\/organic-blocks\/widget-area-block\/#breadcrumb\"},\"inLanguage\":\"es\",\"potentialAction\":[{\"@type\":\"ReadAction\",\"target\":[\"https:\/\/www.thinksai.com\/latam\/blocks\/organic-blocks\/widget-area-block\/\"]}]},{\"@type\":\"BreadcrumbList\",\"@id\":\"https:\/\/www.thinksai.com\/latam\/blocks\/organic-blocks\/widget-area-block\/#breadcrumb\",\"itemListElement\":[{\"@type\":\"ListItem\",\"position\":1,\"name\":\"Portada\",\"item\":\"https:\/\/www.thinksai.com\/latam\/\"},{\"@type\":\"ListItem\",\"position\":2,\"name\":\"Blocks\",\"item\":\"https:\/\/www.thinksai.com\/latam\/blocks\/\"},{\"@type\":\"ListItem\",\"position\":3,\"name\":\"Organic Blocks\",\"item\":\"https:\/\/www.thinksai.com\/latam\/blocks\/organic-blocks\/\"},{\"@type\":\"ListItem\",\"position\":4,\"name\":\"Widget Area Block\"}]},{\"@type\":\"WebSite\",\"@id\":\"https:\/\/www.thinksai.com\/latam\/#website\",\"url\":\"https:\/\/www.thinksai.com\/latam\/\",\"name\":\"ThinkSAi - LatAm\",\"description\":\"\",\"publisher\":{\"@id\":\"https:\/\/www.thinksai.com\/latam\/#organization\"},\"potentialAction\":[{\"@type\":\"SearchAction\",\"target\":{\"@type\":\"EntryPoint\",\"urlTemplate\":\"https:\/\/www.thinksai.com\/latam\/?s={search_term_string}\"},\"query-input\":{\"@type\":\"PropertyValueSpecification\",\"valueRequired\":true,\"valueName\":\"search_term_string\"}}],\"inLanguage\":\"es\"},{\"@type\":\"Organization\",\"@id\":\"https:\/\/www.thinksai.com\/latam\/#organization\",\"name\":\"ThinkSAi - LatAm\",\"url\":\"https:\/\/www.thinksai.com\/latam\/\",\"logo\":{\"@type\":\"ImageObject\",\"inLanguage\":\"es\",\"@id\":\"https:\/\/www.thinksai.com\/latam\/#\/schema\/logo\/image\/\",\"url\":\"https:\/\/www.thinksai.com\/latam\/wp-content\/uploads\/sites\/9\/2023\/06\/SAiPurple_Logo.png\",\"contentUrl\":\"https:\/\/www.thinksai.com\/latam\/wp-content\/uploads\/sites\/9\/2023\/06\/SAiPurple_Logo.png\",\"width\":406,\"height\":407,\"caption\":\"ThinkSAi - LatAm\"},\"image\":{\"@id\":\"https:\/\/www.thinksai.com\/latam\/#\/schema\/logo\/image\/\"}}]}<\/script>\n<!-- \/ Yoast SEO plugin. -->","yoast_head_json":{"title":"Widget Area Block - ThinkSAi - LatAm","robots":{"index":"index","follow":"follow","max-snippet":"max-snippet:-1","max-image-preview":"max-image-preview:large","max-video-preview":"max-video-preview:-1"},"canonical":"https:\/\/www.thinksai.com\/latam\/es\/blocks\/organic-blocks\/widget-area-block\/","og_locale":"es_ES","og_type":"article","og_title":"Widget Area Block - ThinkSAi - LatAm","og_description":"Widget Area Block Example The Widget Area Block registers a custom widget area anywhere in your content for adding traditional widgets. It&#8217;s an incredibly useful tool for adding traditional widgets within the block editor. For instance, any Builder Widget can be added to your page using the Widget Area Block. The example below features a [&hellip;]","og_url":"https:\/\/www.thinksai.com\/latam\/es\/blocks\/organic-blocks\/widget-area-block\/","og_site_name":"ThinkSAi - LatAm","twitter_card":"summary_large_image","twitter_misc":{"Tiempo de lectura":"1 minuto"},"schema":{"@context":"https:\/\/schema.org","@graph":[{"@type":"WebPage","@id":"https:\/\/www.thinksai.com\/latam\/blocks\/organic-blocks\/widget-area-block\/","url":"https:\/\/www.thinksai.com\/latam\/blocks\/organic-blocks\/widget-area-block\/","name":"Widget Area Block - ThinkSAi - LatAm","isPartOf":{"@id":"https:\/\/www.thinksai.com\/latam\/#website"},"datePublished":"2021-12-27T16:27:15+00:00","breadcrumb":{"@id":"https:\/\/www.thinksai.com\/latam\/blocks\/organic-blocks\/widget-area-block\/#breadcrumb"},"inLanguage":"es","potentialAction":[{"@type":"ReadAction","target":["https:\/\/www.thinksai.com\/latam\/blocks\/organic-blocks\/widget-area-block\/"]}]},{"@type":"BreadcrumbList","@id":"https:\/\/www.thinksai.com\/latam\/blocks\/organic-blocks\/widget-area-block\/#breadcrumb","itemListElement":[{"@type":"ListItem","position":1,"name":"Portada","item":"https:\/\/www.thinksai.com\/latam\/"},{"@type":"ListItem","position":2,"name":"Blocks","item":"https:\/\/www.thinksai.com\/latam\/blocks\/"},{"@type":"ListItem","position":3,"name":"Organic Blocks","item":"https:\/\/www.thinksai.com\/latam\/blocks\/organic-blocks\/"},{"@type":"ListItem","position":4,"name":"Widget Area Block"}]},{"@type":"WebSite","@id":"https:\/\/www.thinksai.com\/latam\/#website","url":"https:\/\/www.thinksai.com\/latam\/","name":"ThinkSAi - Latinoam\u00e9rica","description":"","publisher":{"@id":"https:\/\/www.thinksai.com\/latam\/#organization"},"potentialAction":[{"@type":"SearchAction","target":{"@type":"EntryPoint","urlTemplate":"https:\/\/www.thinksai.com\/latam\/?s={search_term_string}"},"query-input":{"@type":"PropertyValueSpecification","valueRequired":true,"valueName":"search_term_string"}}],"inLanguage":"es"},{"@type":"Organization","@id":"https:\/\/www.thinksai.com\/latam\/#organization","name":"ThinkSAi - Latinoam\u00e9rica","url":"https:\/\/www.thinksai.com\/latam\/","logo":{"@type":"ImageObject","inLanguage":"es","@id":"https:\/\/www.thinksai.com\/latam\/#\/schema\/logo\/image\/","url":"https:\/\/www.thinksai.com\/latam\/wp-content\/uploads\/sites\/9\/2023\/06\/SAiPurple_Logo.png","contentUrl":"https:\/\/www.thinksai.com\/latam\/wp-content\/uploads\/sites\/9\/2023\/06\/SAiPurple_Logo.png","width":406,"height":407,"caption":"ThinkSAi - LatAm"},"image":{"@id":"https:\/\/www.thinksai.com\/latam\/#\/schema\/logo\/image\/"}}]}},"_links":{"self":[{"href":"https:\/\/www.thinksai.com\/latam\/es\/wp-json\/wp\/v2\/pages\/2679","targetHints":{"allow":["GET"]}}],"collection":[{"href":"https:\/\/www.thinksai.com\/latam\/es\/wp-json\/wp\/v2\/pages"}],"about":[{"href":"https:\/\/www.thinksai.com\/latam\/es\/wp-json\/wp\/v2\/types\/page"}],"author":[{"embeddable":true,"href":"https:\/\/www.thinksai.com\/latam\/es\/wp-json\/wp\/v2\/users\/236185298"}],"replies":[{"embeddable":true,"href":"https:\/\/www.thinksai.com\/latam\/es\/wp-json\/wp\/v2\/comments?post=2679"}],"version-history":[{"count":0,"href":"https:\/\/www.thinksai.com\/latam\/es\/wp-json\/wp\/v2\/pages\/2679\/revisions"}],"up":[{"embeddable":true,"href":"https:\/\/www.thinksai.com\/latam\/es\/wp-json\/wp\/v2\/pages\/48"}],"wp:attachment":[{"href":"https:\/\/www.thinksai.com\/latam\/es\/wp-json\/wp\/v2\/media?parent=2679"}],"curies":[{"name":"wp","href":"https:\/\/api.w.org\/{rel}","templated":true}]}}