{"id":1829,"date":"2021-12-03T12:58:18","date_gmt":"2021-12-03T12:58:18","guid":{"rendered":"https:\/\/stax.organicthemes.com\/?page_id=1829"},"modified":"2023-06-07T13:00:32","modified_gmt":"2023-06-07T19:00:32","slug":"woocommerce-blocks","status":"publish","type":"page","link":"https:\/\/www.thinksai.com\/latam\/es\/blocks\/woocommerce-blocks\/","title":{"rendered":"Bloques WooCommerce"},"content":{"rendered":"<figure class=\"wp-block-image size-full has-custom-border\"><img fetchpriority=\"high\" decoding=\"async\" width=\"1800\" height=\"583\" src=\"https:\/\/\/wp-content\/uploads\/sites\/9\/2022\/01\/woocommerce-banner-01.jpg\" alt=\"WooCommerce Banner\" class=\"wp-image-2932\" style=\"border-radius:6px\" srcset=\"https:\/\/www.thinksai.com\/latam\/wp-content\/uploads\/sites\/9\/2022\/01\/woocommerce-banner-01.jpg 1800w, https:\/\/www.thinksai.com\/latam\/wp-content\/uploads\/sites\/9\/2022\/01\/woocommerce-banner-01-300x97.jpg 300w, https:\/\/www.thinksai.com\/latam\/wp-content\/uploads\/sites\/9\/2022\/01\/woocommerce-banner-01-1024x332.jpg 1024w, https:\/\/www.thinksai.com\/latam\/wp-content\/uploads\/sites\/9\/2022\/01\/woocommerce-banner-01-768x249.jpg 768w, https:\/\/www.thinksai.com\/latam\/wp-content\/uploads\/sites\/9\/2022\/01\/woocommerce-banner-01-1536x497.jpg 1536w, https:\/\/www.thinksai.com\/latam\/wp-content\/uploads\/sites\/9\/2022\/01\/woocommerce-banner-01-18x6.jpg 18w, https:\/\/www.thinksai.com\/latam\/wp-content\/uploads\/sites\/9\/2022\/01\/woocommerce-banner-01-1200x389.jpg 1200w, https:\/\/www.thinksai.com\/latam\/wp-content\/uploads\/sites\/9\/2022\/01\/woocommerce-banner-01-980x317.jpg 980w\" sizes=\"(max-width: 1800px) 100vw, 1800px\" \/><\/figure>\n\n\n\n<p class=\"has-medium-font-size\">Los bloques de esta p\u00e1gina est\u00e1n incluidos en el <a href=\"https:\/\/woocommerce.com\/\" target=\"_blank\" rel=\"noreferrer noopener\">WooCommerce<\/a> plugin. Los bloques de WooCommerce est\u00e1n dise\u00f1ados para a\u00f1adir productos y funcionalidad de comercio electr\u00f3nico a su sitio web WordPress.<\/p>\n\n\n\n<p><strong>Tenga en cuenta lo siguiente:<\/strong> Estos bloques han sido desarrollados por WooCommerce, no por Organic Themes. Hemos proporcionado estilos para los bloques dentro de la <strong>STAX<\/strong> tema. Sin embargo, las opciones de bloque y la funcionalidad son gestionadas por el equipo de desarrollo de WooCommerce.<\/p>\n\n\n\n<div class=\"wp-block-columns alignwide is-layout-flex wp-container-core-columns-is-layout-28f84493 wp-block-columns-is-layout-flex\">\n<div class=\"wp-block-column is-layout-flow wp-block-column-is-layout-flow\" style=\"flex-basis:70%\">\n<div class=\"wp-block-group is-layout-flow wp-block-group-is-layout-flow\">\n<div style=\"height:60px\" aria-hidden=\"true\" class=\"wp-block-spacer\"><\/div>\n\n\n\n<h3 class=\"wp-block-heading\" id=\"all-products-block\">Todos los productos Bloque<\/h3>\n\n\n\n<hr class=\"wp-block-separator has-text-color has-medium-gray-color has-css-opacity has-medium-gray-background-color has-background is-style-wide\"\/>\n<\/div>\n\n\n\n<div class=\"wp-block-woocommerce-all-products wc-block-all-products\" data-attributes=\"{&quot;alignButtons&quot;:false,&quot;columns&quot;:3,&quot;contentVisibility&quot;:{&quot;orderBy&quot;:true},&quot;isPreview&quot;:false,&quot;layoutConfig&quot;:[[&quot;woocommerce\/product-image&quot;,{&quot;imageSizing&quot;:&quot;cropped&quot;}],[&quot;woocommerce\/product-title&quot;],[&quot;woocommerce\/product-price&quot;],[&quot;woocommerce\/product-rating&quot;],[&quot;woocommerce\/product-button&quot;]],&quot;orderby&quot;:&quot;date&quot;,&quot;rows&quot;:2}\"><\/div>\n\n\n\n<div class=\"wp-block-group is-layout-flow wp-block-group-is-layout-flow\">\n<div style=\"height:80px\" aria-hidden=\"true\" class=\"wp-block-spacer\"><\/div>\n\n\n\n<h3 class=\"wp-block-heading\" id=\"featured-product-block\">Bloque de productos destacados<\/h3>\n\n\n\n<hr class=\"wp-block-separator has-text-color has-medium-gray-color has-css-opacity has-medium-gray-background-color has-background is-style-wide\"\/>\n<\/div>\n\n\n\n\n<div class=\"wp-block-buttons is-content-justification-center is-layout-flex wp-container-core-buttons-is-layout-a89b3969 wp-block-buttons-is-layout-flex\">\n<div class=\"wp-block-button\"><a class=\"wp-block-button__link wp-element-button\" href=\"https:\/\/stax.organicthemes.com\/product\/earthen-bowl\/\">Comprar ahora<\/a><\/div>\n<\/div>\n\n\n\n\n<div class=\"wp-block-group is-layout-flow wp-block-group-is-layout-flow\">\n<div style=\"height:80px\" aria-hidden=\"true\" class=\"wp-block-spacer\"><\/div>\n\n\n\n<h3 class=\"wp-block-heading\" id=\"hand-picked-block\">Bloque de productos seleccionados a mano<\/h3>\n\n\n\n<hr class=\"wp-block-separator has-text-color has-medium-gray-color has-css-opacity has-medium-gray-background-color has-background is-style-wide\"\/>\n<\/div>\n\n\n\n\n\n<div class=\"wp-block-group is-layout-flow wp-block-group-is-layout-flow\">\n<div style=\"height:80px\" aria-hidden=\"true\" class=\"wp-block-spacer\"><\/div>\n\n\n\n<h3 class=\"wp-block-heading\" id=\"best-selling-block\">Productos m\u00e1s vendidos Bloque<\/h3>\n\n\n\n<hr class=\"wp-block-separator has-text-color has-medium-gray-color has-css-opacity has-medium-gray-background-color has-background is-style-wide\"\/>\n<\/div>\n\n\n\n\n\n<div class=\"wp-block-group is-layout-flow wp-block-group-is-layout-flow\">\n<div style=\"height:80px\" aria-hidden=\"true\" class=\"wp-block-spacer\"><\/div>\n\n\n\n<h3 class=\"wp-block-heading\" id=\"products-category-block\">Productos por categor\u00eda Bloque<\/h3>\n\n\n\n<hr class=\"wp-block-separator has-text-color has-medium-gray-color has-css-opacity has-medium-gray-background-color has-background is-style-wide\"\/>\n<\/div>\n\n\n\n\n\n<div class=\"wp-block-group is-layout-flow wp-block-group-is-layout-flow\">\n<div style=\"height:80px\" aria-hidden=\"true\" class=\"wp-block-spacer\"><\/div>\n\n\n\n<h3 class=\"wp-block-heading\" id=\"newest-products-block\">Bloque de productos m\u00e1s nuevos<\/h3>\n\n\n\n<hr class=\"wp-block-separator has-text-color has-medium-gray-color has-css-opacity has-medium-gray-background-color has-background is-style-wide\"\/>\n<\/div>\n\n\n<\/div>\n\n\n\n<div class=\"wp-block-column is-layout-flow wp-block-column-is-layout-flow\">\n<div class=\"wp-block-group is-layout-flow wp-block-group-is-layout-flow\">\n<div style=\"height:80px\" aria-hidden=\"true\" class=\"wp-block-spacer\"><\/div>\n\n\n\n<h6 class=\"wp-block-heading\" id=\"cart-block\">Bloque de carro<\/h6>\n\n\n\n<hr class=\"wp-block-separator has-text-color has-medium-gray-color has-css-opacity has-medium-gray-background-color has-background is-style-wide\"\/>\n<\/div>\n\n\n\n<div class=\"wp-block-woocommerce-cart alignwide is-loading\">\n<div class=\"wp-block-woocommerce-filled-cart-block alignwide\">\n<div class=\"wp-block-woocommerce-cart-items-block\">\n<div class=\"wp-block-woocommerce-cart-line-items-block\"><\/div>\n<\/div>\n\n\n\n<div class=\"wp-block-woocommerce-cart-totals-block\">\n<div class=\"wp-block-woocommerce-cart-order-summary-block\">\n<div class=\"wp-block-woocommerce-cart-order-summary-heading-block\"><\/div>\n\n\n\n<div class=\"wp-block-woocommerce-cart-order-summary-coupon-form-block\"><\/div>\n\n\n\n<div class=\"wp-block-woocommerce-cart-order-summary-subtotal-block\"><\/div>\n\n\n\n<div class=\"wp-block-woocommerce-cart-order-summary-fee-block\"><\/div>\n\n\n\n<div class=\"wp-block-woocommerce-cart-order-summary-discount-block\"><\/div>\n\n\n\n<div class=\"wp-block-woocommerce-cart-order-summary-shipping-block\"><\/div>\n\n\n\n<div class=\"wp-block-woocommerce-cart-order-summary-taxes-block\"><\/div>\n<\/div>\n\n\n\n<div class=\"wp-block-woocommerce-cart-express-payment-block\"><\/div>\n\n\n\n<div class=\"wp-block-woocommerce-proceed-to-checkout-block\"><\/div>\n\n\n\n<div class=\"wp-block-woocommerce-cart-accepted-payment-methods-block\"><\/div>\n<\/div>\n<\/div>\n\n\n\n<div class=\"wp-block-woocommerce-empty-cart-block alignwide\">\n<div class=\"wp-block-woocommerce-filled-cart-block\">\n<div class=\"wp-block-woocommerce-cart-items-block\">\n<div class=\"wp-block-woocommerce-cart-line-items-block\"><\/div>\n<\/div>\n\n\n\n<div class=\"wp-block-woocommerce-cart-totals-block\">\n<div class=\"wp-block-woocommerce-cart-order-summary-block\">\n<div class=\"wp-block-woocommerce-cart-order-summary-heading-block\"><\/div>\n\n\n\n<div class=\"wp-block-woocommerce-cart-order-summary-subtotal-block\"><\/div>\n\n\n\n<div class=\"wp-block-woocommerce-cart-order-summary-fee-block\"><\/div>\n\n\n\n<div class=\"wp-block-woocommerce-cart-order-summary-discount-block\"><\/div>\n\n\n\n<div class=\"wp-block-woocommerce-cart-order-summary-coupon-form-block\"><\/div>\n\n\n\n<div class=\"wp-block-woocommerce-cart-order-summary-shipping-block\"><\/div>\n\n\n\n<div class=\"wp-block-woocommerce-cart-order-summary-taxes-block\"><\/div>\n<\/div>\n\n\n\n<div class=\"wp-block-woocommerce-cart-express-payment-block\"><\/div>\n\n\n\n<div class=\"wp-block-woocommerce-proceed-to-checkout-block\"><\/div>\n\n\n\n<div class=\"wp-block-woocommerce-cart-accepted-payment-methods-block\"><\/div>\n<\/div>\n<\/div>\n\n\n\n<div class=\"wp-block-woocommerce-empty-cart-block\">\n<figure class=\"wp-block-image aligncenter size-small\"><img decoding=\"async\" src=\"data:image\/svg+xml;base64,PHN2ZyB3aWR0aD0iMzgiIGhlaWdodD0iMzgiIHZpZXdCb3g9IjAgMCAzOCAzOCIgZmlsbD0ibm9uZSIgeG1sbnM9Imh0dHA6Ly93d3cudzMub3JnLzIwMDAvc3ZnIj4KPHBhdGggZD0iTTE5IDBDOC41MDQwMyAwIDAgOC41MDQwMyAwIDE5QzAgMjkuNDk2IDguNTA0MDMgMzggMTkgMzhDMjkuNDk2IDM4IDM4IDI5LjQ5NiAzOCAxOUMzOCA4LjUwNDAzIDI5LjQ5NiAwIDE5IDBaTTI1LjEyOSAxMi44NzFDMjYuNDg1MSAxMi44NzEgMjcuNTgwNiAxMy45NjY1IDI3LjU4MDYgMTUuMzIyNkMyNy41ODA2IDE2LjY3ODYgMjYuNDg1MSAxNy43NzQyIDI1LjEyOSAxNy43NzQyQzIzLjc3MyAxNy43NzQyIDIyLjY3NzQgMTYuNjc4NiAyMi42Nzc0IDE1LjMyMjZDMjIuNjc3NCAxMy45NjY1IDIzLjc3MyAxMi44NzEgMjUuMTI5IDEyLjg3MVpNMTEuNjQ1MiAzMS4yNTgxQzkuNjE0OTIgMzEuMjU4MSA3Ljk2Nzc0IDI5LjY0OTIgNy45Njc3NCAyNy42NTczQzcuOTY3NzQgMjYuMTI1IDEwLjE1MTIgMjMuMDI5OCAxMS4xNTQ4IDIxLjY5NjhDMTEuNCAyMS4zNjczIDExLjg5MDMgMjEuMzY3MyAxMi4xMzU1IDIxLjY5NjhDMTMuMTM5MSAyMy4wMjk4IDE1LjMyMjYgMjYuMTI1IDE1LjMyMjYgMjcuNjU3M0MxNS4zMjI2IDI5LjY0OTIgMTMuNjc1NCAzMS4yNTgxIDExLjY0NTIgMzEuMjU4MVpNMTIuODcxIDE3Ljc3NDJDMTEuNTE0OSAxNy43NzQyIDEwLjQxOTQgMTYuNjc4NiAxMC40MTk0IDE1LjMyMjZDMTAuNDE5NCAxMy45NjY1IDExLjUxNDkgMTIuODcxIDEyLjg3MSAxMi44NzFDMTQuMjI3IDEyLjg3MSAxNS4zMjI2IDEzLjk2NjUgMTUuMzIyNiAxNS4zMjI2QzE1LjMyMjYgMTYuNjc4NiAxNC4yMjcgMTcuNzc0MiAxMi44NzEgMTcuNzc0MlpNMjUuOTEwNSAyOS41ODc5QzI0LjE5NDQgMjcuNTM0NyAyMS42NzM4IDI2LjM1NDggMTkgMjYuMzU0OEMxNy4zNzU4IDI2LjM1NDggMTcuMzc1OCAyMy45MDMyIDE5IDIzLjkwMzJDMjIuNDAxNiAyMy45MDMyIDI1LjYxMTcgMjUuNDA0OCAyNy43ODc1IDI4LjAyNUMyOC44NDQ4IDI5LjI4MTUgMjYuOTI5NCAzMC44MjE0IDI1LjkxMDUgMjkuNTg3OVoiIGZpbGw9ImJsYWNrIi8+Cjwvc3ZnPgo=\" alt=\"\"\/><\/figure>\n\n\n\n<h2 class=\"wp-block-heading has-text-align-center wc-block-cart__empty-cart__title\" id=\"your-cart-is-currently-empty\">Su cesta est\u00e1 vac\u00eda.<\/h2>\n\n\n\n<p class=\"has-text-align-center\"><a href=\"https:\/\/stax.organicthemes.com\/shop\/\">Buscar en la tienda<\/a>.<\/p>\n\n\n\n<hr class=\"wp-block-separator has-css-opacity is-style-dots\"\/>\n\n\n\n<h2 class=\"wp-block-heading has-text-align-center\" id=\"new-in-store\">Nuevo en la tienda<\/h2>\n\n\n<\/div>\n<\/div>\n<\/div>\n\n\n\n<div class=\"wp-block-group is-layout-flow wp-block-group-is-layout-flow\">\n<div style=\"height:80px\" aria-hidden=\"true\" class=\"wp-block-spacer\"><\/div>\n\n\n\n<h6 class=\"wp-block-heading\" id=\"checkout-block\">Bloque de caja<\/h6>\n\n\n\n<hr class=\"wp-block-separator has-text-color has-medium-gray-color has-css-opacity has-medium-gray-background-color has-background is-style-wide\"\/>\n<\/div>\n\n\n\n<div class=\"wp-block-woocommerce-checkout alignwide wc-block-checkout is-loading\">\n<div class=\"wp-block-woocommerce-checkout-fields-block\">\n<div class=\"wp-block-woocommerce-checkout-express-payment-block\"><\/div>\n\n\n\n<div class=\"wp-block-woocommerce-checkout-contact-information-block\"><\/div>\n\n\n\n<div class=\"wp-block-woocommerce-checkout-shipping-method-block\"><\/div>\n\n\n\n<div class=\"wp-block-woocommerce-checkout-pickup-options-block\"><\/div>\n\n\n\n<div class=\"wp-block-woocommerce-checkout-shipping-address-block\"><\/div>\n\n\n\n<div class=\"wp-block-woocommerce-checkout-billing-address-block\"><\/div>\n\n\n\n<div class=\"wp-block-woocommerce-checkout-shipping-methods-block\"><\/div>\n\n\n\n<div class=\"wp-block-woocommerce-checkout-payment-block\"><\/div>\n\n\n\n<div class=\"wp-block-woocommerce-checkout-order-note-block\"><\/div>\n\n\n\n<div class=\"wp-block-woocommerce-checkout-terms-block\"><\/div>\n\n\n\n<div class=\"wp-block-woocommerce-checkout-actions-block\"><\/div>\n<\/div>\n\n\n\n<div class=\"wp-block-woocommerce-checkout-totals-block\">\n<div class=\"wp-block-woocommerce-checkout-order-summary-block\">\n<div class=\"wp-block-woocommerce-checkout-order-summary-cart-items-block\"><\/div>\n\n\n\n<div class=\"wp-block-woocommerce-checkout-order-summary-coupon-form-block\"><\/div>\n\n\n\n<div class=\"wp-block-woocommerce-checkout-order-summary-subtotal-block\"><\/div>\n\n\n\n<div class=\"wp-block-woocommerce-checkout-order-summary-fee-block\"><\/div>\n\n\n\n<div class=\"wp-block-woocommerce-checkout-order-summary-discount-block\"><\/div>\n\n\n\n<div class=\"wp-block-woocommerce-checkout-order-summary-shipping-block\"><\/div>\n\n\n\n<div class=\"wp-block-woocommerce-checkout-order-summary-taxes-block\"><\/div>\n<\/div>\n<\/div>\n<\/div>\n\n\n\n<div class=\"wp-block-group is-layout-flow wp-block-group-is-layout-flow\">\n<div style=\"height:80px\" aria-hidden=\"true\" class=\"wp-block-spacer\"><\/div>\n\n\n\n<h6 class=\"wp-block-heading\" id=\"filter-blocks\">Bloques filtrantes<\/h6>\n\n\n\n<p><strong>Tenga en cuenta lo siguiente:<\/strong> Estos bloques de filtro est\u00e1n todav\u00eda en desarrollo por el equipo de WooCommerce, y pueden no funcionar como se pretende en este momento.<\/p>\n\n\n\n<hr class=\"wp-block-separator has-text-color has-medium-gray-color has-css-opacity has-medium-gray-background-color has-background is-style-wide\"\/>\n<\/div>\n\n\n\n<div class=\"wp-block-woocommerce-filter-wrapper\">\n<h6 class=\"wp-block-heading\">Filtros activos<\/h6>\n\n\n\n<div class=\"wp-block-woocommerce-price-filter is-loading\" data-showinputfields=\"true\" data-showfilterbutton=\"false\" data-heading=\"\" data-heading-level=\"6\"><span aria-hidden=\"true\" class=\"wc-block-product-categories__placeholder\"><\/span><\/div>\n<\/div>\n\n\n\n<div class=\"wp-block-woocommerce-filter-wrapper\">\n<h6 class=\"wp-block-heading\">Filtrar por esmalte<\/h6>\n\n\n\n<div class=\"wp-block-woocommerce-attribute-filter is-loading\" data-attribute-id=\"6\" data-show-counts=\"true\" data-query-type=\"or\" data-heading=\"\" data-heading-level=\"6\"><span aria-hidden=\"true\" class=\"wc-block-product-attribute-filter__placeholder\"><\/span><\/div>\n<\/div>\n\n\n\n<div class=\"wp-block-woocommerce-filter-wrapper\">\n<h6 class=\"wp-block-heading\">Filtrar por estado de las existencias<\/h6>\n\n\n\n<div class=\"wp-block-woocommerce-stock-filter is-loading\" data-show-counts=\"true\" data-heading=\"\" data-heading-level=\"6\"><span aria-hidden=\"true\" class=\"wc-block-product-stock-filter__placeholder\"><\/span><\/div>\n<\/div>\n\n\n\n<div class=\"wp-block-group is-layout-flow wp-block-group-is-layout-flow\">\n<h6 class=\"wp-block-heading\" id=\"category-list-block\">Bloque de lista de categor\u00edas<\/h6>\n\n\n\n<hr class=\"wp-block-separator has-text-color has-medium-gray-color has-css-opacity has-medium-gray-background-color has-background is-style-wide\"\/>\n<\/div>\n\n\n<\/div>\n<\/div>","protected":false},"excerpt":{"rendered":"<p>Los bloques de esta p\u00e1gina est\u00e1n incluidos en el plugin WooCommerce. Los bloques de WooCommerce est\u00e1n dise\u00f1ados para a\u00f1adir productos y funcionalidad de comercio electr\u00f3nico a su sitio web WordPress. Nota: Estos bloques han sido desarrollados por WooCommerce, no por Organic Themes. Hemos proporcionado estilos para los bloques dentro del tema STAX. Sin embargo, las opciones y funcionalidades de los bloques se gestionan [...]<\/p>","protected":false},"author":236185298,"featured_media":0,"parent":46,"menu_order":0,"comment_status":"closed","ping_status":"closed","template":"","meta":{"_acf_changed":false,"_eb_attr":"","site-sidebar-layout":"default","site-content-layout":"","ast-site-content-layout":"default","site-content-style":"default","site-sidebar-style":"default","ast-global-header-display":"","ast-banner-title-visibility":"","ast-main-header-display":"","ast-hfb-above-header-display":"","ast-hfb-below-header-display":"","ast-hfb-mobile-header-display":"","site-post-title":"","ast-breadcrumbs-content":"","ast-featured-img":"","footer-sml-layout":"","ast-disable-related-posts":"","theme-transparent-header-meta":"","adv-header-id-meta":"","stick-header-meta":"","header-above-stick-meta":"","header-main-stick-meta":"","header-below-stick-meta":"","astra-migrate-meta-layouts":"default","ast-page-background-enabled":"default","ast-page-background-meta":{"desktop":{"background-color":"var(--ast-global-color-4)","background-image":"","background-repeat":"repeat","background-position":"center center","background-size":"auto","background-attachment":"scroll","background-type":"","background-media":"","overlay-type":"","overlay-color":"","overlay-opacity":"","overlay-gradient":""},"tablet":{"background-color":"","background-image":"","background-repeat":"repeat","background-position":"center center","background-size":"auto","background-attachment":"scroll","background-type":"","background-media":"","overlay-type":"","overlay-color":"","overlay-opacity":"","overlay-gradient":""},"mobile":{"background-color":"","background-image":"","background-repeat":"repeat","background-position":"center center","background-size":"auto","background-attachment":"scroll","background-type":"","background-media":"","overlay-type":"","overlay-color":"","overlay-opacity":"","overlay-gradient":""}},"ast-content-background-meta":{"desktop":{"background-color":"var(--ast-global-color-5)","background-image":"","background-repeat":"repeat","background-position":"center center","background-size":"auto","background-attachment":"scroll","background-type":"","background-media":"","overlay-type":"","overlay-color":"","overlay-opacity":"","overlay-gradient":""},"tablet":{"background-color":"var(--ast-global-color-5)","background-image":"","background-repeat":"repeat","background-position":"center center","background-size":"auto","background-attachment":"scroll","background-type":"","background-media":"","overlay-type":"","overlay-color":"","overlay-opacity":"","overlay-gradient":""},"mobile":{"background-color":"var(--ast-global-color-5)","background-image":"","background-repeat":"repeat","background-position":"center center","background-size":"auto","background-attachment":"scroll","background-type":"","background-media":"","overlay-type":"","overlay-color":"","overlay-opacity":"","overlay-gradient":""}},"footnotes":""},"class_list":["post-1829","page","type-page","status-publish","hentry"],"acf":[],"yoast_head":"<!-- This site is optimized with the Yoast SEO plugin v26.7 - https:\/\/yoast.com\/wordpress\/plugins\/seo\/ -->\n<title>WooCommerce Blocks - ThinkSAi - LatAm<\/title>\n<meta name=\"robots\" content=\"index, follow, max-snippet:-1, max-image-preview:large, max-video-preview:-1\" \/>\n<link rel=\"canonical\" href=\"https:\/\/www.thinksai.com\/latam\/es\/blocks\/woocommerce-blocks\/\" \/>\n<meta property=\"og:locale\" content=\"es_ES\" \/>\n<meta property=\"og:type\" content=\"article\" \/>\n<meta property=\"og:title\" content=\"WooCommerce Blocks - ThinkSAi - LatAm\" \/>\n<meta property=\"og:description\" content=\"The blocks on this page are included within the WooCommerce plugin. WooCommerce blocks are designed for adding products and eCommerce functionality to your WordPress website. Please Note: These blocks are developed by WooCommerce, not Organic Themes. We have provided styles for the blocks within the STAX theme. However, the block options and functionality are managed [&hellip;]\" \/>\n<meta property=\"og:url\" content=\"https:\/\/www.thinksai.com\/latam\/es\/blocks\/woocommerce-blocks\/\" \/>\n<meta property=\"og:site_name\" content=\"ThinkSAi - LatAm\" \/>\n<meta property=\"article:modified_time\" content=\"2023-06-07T19:00:32+00:00\" \/>\n<meta name=\"twitter:card\" content=\"summary_large_image\" \/>\n<meta name=\"twitter:label1\" content=\"Tiempo de lectura\" \/>\n\t<meta name=\"twitter:data1\" content=\"1 minuto\" \/>\n<script type=\"application\/ld+json\" class=\"yoast-schema-graph\">{\"@context\":\"https:\/\/schema.org\",\"@graph\":[{\"@type\":\"WebPage\",\"@id\":\"https:\/\/www.thinksai.com\/latam\/blocks\/woocommerce-blocks\/\",\"url\":\"https:\/\/www.thinksai.com\/latam\/blocks\/woocommerce-blocks\/\",\"name\":\"WooCommerce Blocks - ThinkSAi - LatAm\",\"isPartOf\":{\"@id\":\"https:\/\/www.thinksai.com\/latam\/#website\"},\"datePublished\":\"2021-12-03T12:58:18+00:00\",\"dateModified\":\"2023-06-07T19:00:32+00:00\",\"breadcrumb\":{\"@id\":\"https:\/\/www.thinksai.com\/latam\/blocks\/woocommerce-blocks\/#breadcrumb\"},\"inLanguage\":\"es\",\"potentialAction\":[{\"@type\":\"ReadAction\",\"target\":[\"https:\/\/www.thinksai.com\/latam\/blocks\/woocommerce-blocks\/\"]}]},{\"@type\":\"BreadcrumbList\",\"@id\":\"https:\/\/www.thinksai.com\/latam\/blocks\/woocommerce-blocks\/#breadcrumb\",\"itemListElement\":[{\"@type\":\"ListItem\",\"position\":1,\"name\":\"Portada\",\"item\":\"https:\/\/www.thinksai.com\/latam\/\"},{\"@type\":\"ListItem\",\"position\":2,\"name\":\"Blocks\",\"item\":\"https:\/\/www.thinksai.com\/latam\/blocks\/\"},{\"@type\":\"ListItem\",\"position\":3,\"name\":\"WooCommerce Blocks\"}]},{\"@type\":\"WebSite\",\"@id\":\"https:\/\/www.thinksai.com\/latam\/#website\",\"url\":\"https:\/\/www.thinksai.com\/latam\/\",\"name\":\"ThinkSAi - LatAm\",\"description\":\"\",\"publisher\":{\"@id\":\"https:\/\/www.thinksai.com\/latam\/#organization\"},\"potentialAction\":[{\"@type\":\"SearchAction\",\"target\":{\"@type\":\"EntryPoint\",\"urlTemplate\":\"https:\/\/www.thinksai.com\/latam\/?s={search_term_string}\"},\"query-input\":{\"@type\":\"PropertyValueSpecification\",\"valueRequired\":true,\"valueName\":\"search_term_string\"}}],\"inLanguage\":\"es\"},{\"@type\":\"Organization\",\"@id\":\"https:\/\/www.thinksai.com\/latam\/#organization\",\"name\":\"ThinkSAi - LatAm\",\"url\":\"https:\/\/www.thinksai.com\/latam\/\",\"logo\":{\"@type\":\"ImageObject\",\"inLanguage\":\"es\",\"@id\":\"https:\/\/www.thinksai.com\/latam\/#\/schema\/logo\/image\/\",\"url\":\"https:\/\/www.thinksai.com\/latam\/wp-content\/uploads\/sites\/9\/2023\/06\/SAiPurple_Logo.png\",\"contentUrl\":\"https:\/\/www.thinksai.com\/latam\/wp-content\/uploads\/sites\/9\/2023\/06\/SAiPurple_Logo.png\",\"width\":406,\"height\":407,\"caption\":\"ThinkSAi - LatAm\"},\"image\":{\"@id\":\"https:\/\/www.thinksai.com\/latam\/#\/schema\/logo\/image\/\"}}]}<\/script>\n<!-- \/ Yoast SEO plugin. -->","yoast_head_json":{"title":"WooCommerce Bloques - ThinkSAi - LatAm","robots":{"index":"index","follow":"follow","max-snippet":"max-snippet:-1","max-image-preview":"max-image-preview:large","max-video-preview":"max-video-preview:-1"},"canonical":"https:\/\/www.thinksai.com\/latam\/es\/blocks\/woocommerce-blocks\/","og_locale":"es_ES","og_type":"article","og_title":"WooCommerce Blocks - ThinkSAi - LatAm","og_description":"The blocks on this page are included within the WooCommerce plugin. WooCommerce blocks are designed for adding products and eCommerce functionality to your WordPress website. Please Note: These blocks are developed by WooCommerce, not Organic Themes. We have provided styles for the blocks within the STAX theme. However, the block options and functionality are managed [&hellip;]","og_url":"https:\/\/www.thinksai.com\/latam\/es\/blocks\/woocommerce-blocks\/","og_site_name":"ThinkSAi - LatAm","article_modified_time":"2023-06-07T19:00:32+00:00","twitter_card":"summary_large_image","twitter_misc":{"Tiempo de lectura":"1 minuto"},"schema":{"@context":"https:\/\/schema.org","@graph":[{"@type":"WebPage","@id":"https:\/\/www.thinksai.com\/latam\/blocks\/woocommerce-blocks\/","url":"https:\/\/www.thinksai.com\/latam\/blocks\/woocommerce-blocks\/","name":"WooCommerce Bloques - ThinkSAi - LatAm","isPartOf":{"@id":"https:\/\/www.thinksai.com\/latam\/#website"},"datePublished":"2021-12-03T12:58:18+00:00","dateModified":"2023-06-07T19:00:32+00:00","breadcrumb":{"@id":"https:\/\/www.thinksai.com\/latam\/blocks\/woocommerce-blocks\/#breadcrumb"},"inLanguage":"es","potentialAction":[{"@type":"ReadAction","target":["https:\/\/www.thinksai.com\/latam\/blocks\/woocommerce-blocks\/"]}]},{"@type":"BreadcrumbList","@id":"https:\/\/www.thinksai.com\/latam\/blocks\/woocommerce-blocks\/#breadcrumb","itemListElement":[{"@type":"ListItem","position":1,"name":"Portada","item":"https:\/\/www.thinksai.com\/latam\/"},{"@type":"ListItem","position":2,"name":"Blocks","item":"https:\/\/www.thinksai.com\/latam\/blocks\/"},{"@type":"ListItem","position":3,"name":"WooCommerce Blocks"}]},{"@type":"WebSite","@id":"https:\/\/www.thinksai.com\/latam\/#website","url":"https:\/\/www.thinksai.com\/latam\/","name":"ThinkSAi - Latinoam\u00e9rica","description":"","publisher":{"@id":"https:\/\/www.thinksai.com\/latam\/#organization"},"potentialAction":[{"@type":"SearchAction","target":{"@type":"EntryPoint","urlTemplate":"https:\/\/www.thinksai.com\/latam\/?s={search_term_string}"},"query-input":{"@type":"PropertyValueSpecification","valueRequired":true,"valueName":"search_term_string"}}],"inLanguage":"es"},{"@type":"Organization","@id":"https:\/\/www.thinksai.com\/latam\/#organization","name":"ThinkSAi - Latinoam\u00e9rica","url":"https:\/\/www.thinksai.com\/latam\/","logo":{"@type":"ImageObject","inLanguage":"es","@id":"https:\/\/www.thinksai.com\/latam\/#\/schema\/logo\/image\/","url":"https:\/\/www.thinksai.com\/latam\/wp-content\/uploads\/sites\/9\/2023\/06\/SAiPurple_Logo.png","contentUrl":"https:\/\/www.thinksai.com\/latam\/wp-content\/uploads\/sites\/9\/2023\/06\/SAiPurple_Logo.png","width":406,"height":407,"caption":"ThinkSAi - LatAm"},"image":{"@id":"https:\/\/www.thinksai.com\/latam\/#\/schema\/logo\/image\/"}}]}},"_links":{"self":[{"href":"https:\/\/www.thinksai.com\/latam\/es\/wp-json\/wp\/v2\/pages\/1829","targetHints":{"allow":["GET"]}}],"collection":[{"href":"https:\/\/www.thinksai.com\/latam\/es\/wp-json\/wp\/v2\/pages"}],"about":[{"href":"https:\/\/www.thinksai.com\/latam\/es\/wp-json\/wp\/v2\/types\/page"}],"author":[{"embeddable":true,"href":"https:\/\/www.thinksai.com\/latam\/es\/wp-json\/wp\/v2\/users\/236185298"}],"replies":[{"embeddable":true,"href":"https:\/\/www.thinksai.com\/latam\/es\/wp-json\/wp\/v2\/comments?post=1829"}],"version-history":[{"count":0,"href":"https:\/\/www.thinksai.com\/latam\/es\/wp-json\/wp\/v2\/pages\/1829\/revisions"}],"up":[{"embeddable":true,"href":"https:\/\/www.thinksai.com\/latam\/es\/wp-json\/wp\/v2\/pages\/46"}],"wp:attachment":[{"href":"https:\/\/www.thinksai.com\/latam\/es\/wp-json\/wp\/v2\/media?parent=1829"}],"curies":[{"name":"wp","href":"https:\/\/api.w.org\/{rel}","templated":true}]}}