{"id":6197,"date":"2023-11-08T03:47:40","date_gmt":"2023-11-08T10:47:40","guid":{"rendered":"https:\/\/\/register\/"},"modified":"2024-06-13T11:09:48","modified_gmt":"2024-06-13T09:09:48","slug":"register","status":"publish","type":"page","link":"https:\/\/www.thinksai.com\/europe\/pt\/register\/","title":{"rendered":"Registo"},"content":{"rendered":"<div data-elementor-type=\"wp-page\" data-elementor-id=\"6197\" class=\"elementor elementor-6197\" data-elementor-post-type=\"page\">\n\t\t\t\t<div class=\"elementor-element elementor-element-2fcf113b e-flex e-con-boxed e-con e-parent\" data-id=\"2fcf113b\" data-element_type=\"container\">\n\t\t\t\t\t<div class=\"e-con-inner\">\n\t\t\t\t<div class=\"elementor-element elementor-element-32934a1 elementor-widget elementor-widget-spacer\" data-id=\"32934a1\" data-element_type=\"widget\" data-widget_type=\"spacer.default\">\n\t\t\t\t<div class=\"elementor-widget-container\">\n\t\t\t\t\t\t\t<div class=\"elementor-spacer\">\n\t\t\t<div class=\"elementor-spacer-inner\"><\/div>\n\t\t<\/div>\n\t\t\t\t\t\t<\/div>\n\t\t\t\t<\/div>\n\t\t\t\t\t<\/div>\n\t\t\t\t<\/div>\n\t\t<div class=\"elementor-element elementor-element-undefined-e8fce6a e-con-full e-flex e-con e-parent\" data-id=\"undefined-e8fce6a\" data-element_type=\"container\">\n\t\t<div class=\"elementor-element elementor-element-undefined-ca78da1 e-flex e-con-boxed e-con e-child\" data-id=\"undefined-ca78da1\" data-element_type=\"container\">\n\t\t\t\t\t<div class=\"e-con-inner\">\n\t\t\t\t<div class=\"elementor-element elementor-element-undefined-b44d91f elementor-invisible elementor-widget elementor-widget-heading\" data-id=\"undefined-b44d91f\" data-element_type=\"widget\" data-settings=\"{&quot;_animation&quot;:&quot;fadeIn&quot;}\" data-widget_type=\"heading.default\">\n\t\t\t\t<div class=\"elementor-widget-container\">\n\t\t\t\t\t<h1 class=\"elementor-heading-title elementor-size-default\">OBRIGADO PELO SEU INTERESSE<\/h1>\t\t\t\t<\/div>\n\t\t\t\t<\/div>\n\t\t\t\t<div class=\"elementor-element elementor-element-bdcd799 elementor-widget elementor-widget-text-editor\" data-id=\"bdcd799\" data-element_type=\"widget\" data-widget_type=\"text-editor.default\">\n\t\t\t\t<div class=\"elementor-widget-container\">\n\t\t\t\t\t\t\t\t\t<p>Obrigado por mostrar interesse na nossa empresa e nos nossos produtos, Flexi e Enroute. Ao registar-se no nosso site oficial, poder\u00e1 manter-se sempre atualizado sobre os nossos produtos e iniciativas e, se j\u00e1 for utilizador dos nossos produtos, ter\u00e1 acesso a todos os recursos \u00fateis que iremos acrescentando ao longo do tempo.<\/p>\t\t\t\t\t\t\t\t<\/div>\n\t\t\t\t<\/div>\n\t\t\t\t<div class=\"elementor-element elementor-element-ce8f8a5 elementor-widget elementor-widget-text-editor\" data-id=\"ce8f8a5\" data-element_type=\"widget\" data-widget_type=\"text-editor.default\">\n\t\t\t\t<div class=\"elementor-widget-container\">\n\t\t\t\t\t\t\t\t\t<p>Os registos de novos utilizadores est\u00e3o momentaneamente desactivados. Lamentamos o inc\u00f3modo.<\/p><p>Se pretende gerir o seu software SAi e a sua conta, v\u00e1 a <a href=\"https:\/\/www.saicloud.com\" target=\"_blank\" rel=\"noopener\">SAi Nuvem.<\/a><\/p>\t\t\t\t\t\t\t\t<\/div>\n\t\t\t\t<\/div>\n\t\t\t\t\t<\/div>\n\t\t\t\t<\/div>\n\t\t\t\t<\/div>\n\t\t<div class=\"elementor-element elementor-element-f916b76 elementor-hidden-desktop elementor-hidden-tablet elementor-hidden-mobile e-flex e-con-boxed e-con e-parent\" data-id=\"f916b76\" data-element_type=\"container\">\n\t\t\t\t\t<div class=\"e-con-inner\">\n\t\t\t\t<div class=\"elementor-element elementor-element-70aa547e elementor-widget elementor-widget-shortcode\" data-id=\"70aa547e\" data-element_type=\"widget\" data-widget_type=\"shortcode.default\">\n\t\t\t\t<div class=\"elementor-widget-container\">\n\t\t\t\t\t\t\t<div class=\"elementor-shortcode\">\n<div class=\"um um-register um-6191\">\n\t<div class=\"um-form\" data-mode=\"register\">\n\t\t<form method=\"post\" action=\"\" data-trp-original-action=\"\">\n\t\t\t<div class=\"um-row _um_row_1\" style=\"margin: 0 0 30px 0;\"><div class=\"um-col-1\"><div  id=\"um_field_6191_user_login\" class=\"um-field um-field-text  um-field-user_login um-field-text um-field-type_text\" data-key=\"user_login\"><div class=\"um-field-label\"><label for=\"user_login-6191\">Nome de utilizador<\/label><div class=\"um-clear\"><\/div><\/div><div class=\"um-field-area\"><input  autocomplete=\"off\" class=\"um-form-field valid\" type=\"text\" name=\"user_login-6191\" id=\"user_login-6191\" value=\"\" placeholder=\"\" data-validate=\"unique_username\" data-key=\"user_login\"  aria-invalid=\"false\" \/>\n\n\t\t\t\t\t\t<\/div><\/div><div  id=\"um_field_6191_first_name\" class=\"um-field um-field-text  um-field-first_name um-field-text um-field-type_text\" data-key=\"first_name\"><div class=\"um-field-label\"><label for=\"first_name-6191\">Nome pr\u00f3prio<\/label><div class=\"um-clear\"><\/div><\/div><div class=\"um-field-area\"><input  autocomplete=\"off\" class=\"um-form-field valid\" type=\"text\" name=\"first_name-6191\" id=\"first_name-6191\" value=\"\" placeholder=\"\" data-validate=\"\" data-key=\"first_name\"  aria-invalid=\"false\" \/>\n\n\t\t\t\t\t\t<\/div><\/div><div  id=\"um_field_6191_last_name\" class=\"um-field um-field-text  um-field-last_name um-field-text um-field-type_text\" data-key=\"last_name\"><div class=\"um-field-label\"><label for=\"last_name-6191\">Apelido<\/label><div class=\"um-clear\"><\/div><\/div><div class=\"um-field-area\"><input  autocomplete=\"off\" class=\"um-form-field valid\" type=\"text\" name=\"last_name-6191\" id=\"last_name-6191\" value=\"\" placeholder=\"\" data-validate=\"\" data-key=\"last_name\"  aria-invalid=\"false\" \/>\n\n\t\t\t\t\t\t<\/div><\/div><div  id=\"um_field_6191_sai-sw-user\" class=\"um-field um-field-radio  um-field-sai-sw-user um-field-radio um-field-type_radio\" data-key=\"sai-sw-user\"  aria-invalid=\"false\" ><div class=\"um-field-label\"><label for=\"sai-sw-user-6191\">J\u00e1 utiliza algum software da SAi?<\/label><div class=\"um-clear\"><\/div><\/div><div class=\"um-field-area\"><label class=\"um-field-radio  um-field-half\"><input  type=\"radio\" name=\"sai-sw-user[]\" value=\"Yes\"  \/><span class=\"um-field-radio-state\"><i class=\"um-icon-android-radio-button-off\"><\/i><\/span><span class=\"um-field-radio-option\">Sim<\/span><\/label><label class=\"um-field-radio active um-field-half  right\"><input  type=\"radio\" name=\"sai-sw-user[]\" value=\"No\" checked \/><span class=\"um-field-radio-state\"><i class=\"um-icon-android-radio-button-on\"><\/i><\/span><span class=\"um-field-radio-option\">N\u00e3o<\/span><\/label><div class=\"um-clear\"><\/div><div class=\"um-clear\"><\/div><\/div><\/div><div  id=\"um_field_6191_sai-sw\" class=\"um-field um-field-multiselect  um-is-conditional um-field-sai-sw um-field-multiselect um-field-type_multiselect\" data-key=\"sai-sw\" data-cond-0-action=\"show\" data-cond-0-field=\"sai-sw-user\" data-cond-0-operator=\"equals to\" data-cond-0-value=\"Yes\"><div class=\"um-field-label\"><label for=\"sai-sw-6191\">Que software utiliza?<\/label><div class=\"um-clear\"><\/div><\/div><div class=\"um-field-area\"><select   multiple=\"multiple\" name=\"sai-sw[]\" id=\"sai-sw\" data-maxsize=\"0\" data-validate=\"\" data-key=\"sai-sw\" class=\"um-form-field valid um-s1\" style=\"width: 100%\" data-placeholder=\"Select one or more applications you use\"  aria-invalid=\"false\" ><option value=\"\"><\/option><option value=\"Flexi\" >Flexi<\/option><option value=\"Flexi Design\" >Flexi Design<\/option><option value=\"Flexi DTF|DTG\" >Flexi DTF|DTG<\/option><option value=\"Other Flexi\" >Outros Flexi<\/option><option value=\"EnRoute\" >EnRoute<\/option><option value=\"EnRoute Design\" >EnRoute Design<\/option><option value=\"EnRoute Fabrication\" >EnRoute Fabrication<\/option><option value=\"Other EnRoute\" >Outros EnRoute<\/option><option value=\"Other Software\" >Outro software<\/option><\/select><\/div><\/div><div  id=\"um_field_6191_user_email\" class=\"um-field um-field-text  um-field-user_email um-field-text um-field-type_text\" data-key=\"user_email\"><div class=\"um-field-label\"><label for=\"user_email-6191\">Endere\u00e7o de correio eletr\u00f3nico<\/label><div class=\"um-clear\"><\/div><\/div><div class=\"um-field-area\"><input  autocomplete=\"off\" class=\"um-form-field valid\" type=\"text\" name=\"user_email-6191\" id=\"user_email-6191\" value=\"\" placeholder=\"\" data-validate=\"unique_email\" data-key=\"user_email\"  aria-invalid=\"false\" \/>\n\n\t\t\t\t\t\t<\/div><\/div><div  id=\"um_field_6191_user_password\" class=\"um-field um-field-password  um-field-user_password um-field-password um-field-type_password\" data-key=\"user_password\"><div class=\"um-field-label\"><label for=\"user_password-6191\">Palavra-passe<\/label><div class=\"um-clear\"><\/div><\/div><div class=\"um-field-area\"><input class=\"um-form-field valid\" type=\"password\" name=\"user_password-6191\" id=\"user_password-6191\" value=\"\" placeholder=\"\" data-validate=\"\" data-key=\"user_password\"  aria-invalid=\"false\" \/>\n\n\t\t\t\t\t\t\t<\/div><\/div><div  id=\"um_field_6191_confirm_user_password\" class=\"um-field um-field-password  um-field-user_password um-field-password um-field-type_password\" data-key=\"confirm_user_password\"><div class=\"um-field-label\"><label for=\"confirm_user_password-6191\">Confirmar a palavra-passe<\/label><div class=\"um-clear\"><\/div><\/div><div class=\"um-field-area\"><input class=\"um-form-field valid\" type=\"password\" name=\"confirm_user_password-6191\" id=\"confirm_user_password-6191\" value=\"\" placeholder=\"Confirmar a palavra-passe\" data-validate=\"\" data-key=\"confirm_user_password\"  aria-invalid=\"false\" \/><\/div><\/div><\/div><\/div>\t<input type=\"hidden\" name=\"form_id\" id=\"form_id_6191\" value=\"6191\" \/>\n\t\t<p class=\"um_request_name\">\n\t\t<label for=\"um_request_6191\">Preencher apenas se n\u00e3o for humano<\/label>\n\t\t<input type=\"hidden\" name=\"um_request\" id=\"um_request_6191\" class=\"input\" value=\"\" size=\"25\" autocomplete=\"off\" \/>\n\t<\/p>\n\t<input type=\"hidden\" id=\"_wpnonce\" name=\"_wpnonce\" value=\"0ac5013f5e\" \/><input type=\"hidden\" name=\"_wp_http_referer\" value=\"\/europe\/pt\/wp-json\/wp\/v2\/pages\/6197\" \/>\n\t<div class=\"um-col-alt\">\n\n\t\t\n\t\t\t<div class=\"um-left um-half\">\n\t\t\t\t<input type=\"submit\" value=\"Registo\" class=\"um-button\" id=\"um-submit-btn\" \/>\n\t\t\t<\/div>\n\t\t\t<div class=\"um-right um-half\">\n\t\t\t\t<a href=\"https:\/\/www.thinksai.com\/europe\/pt\/login\/\" class=\"um-button um-alt\">\n\t\t\t\t\tIniciar sess\u00e3o\t\t\t\t<\/a>\n\t\t\t<\/div>\n\n\t\t\n\t\t<div class=\"um-clear\"><\/div>\n\n\t<\/div>\n\n\t\t\t<input type=\"hidden\" name=\"trp-form-language\" value=\"pt\"\/><\/form>\n\t<\/div>\n<\/div>\n<style>\n\t\t\t.um-6191.um {\n\t\t\tmax-width: 450px;\n\t\t}\n\t\t<\/style>\n<\/div>\n\t\t\t\t\t\t<\/div>\n\t\t\t\t<\/div>\n\t\t\t\t<div class=\"elementor-element elementor-element-ec1ac04 elementor-widget elementor-widget-spacer\" data-id=\"ec1ac04\" data-element_type=\"widget\" data-widget_type=\"spacer.default\">\n\t\t\t\t<div class=\"elementor-widget-container\">\n\t\t\t\t\t\t\t<div class=\"elementor-spacer\">\n\t\t\t<div class=\"elementor-spacer-inner\"><\/div>\n\t\t<\/div>\n\t\t\t\t\t\t<\/div>\n\t\t\t\t<\/div>\n\t\t\t\t\t<\/div>\n\t\t\t\t<\/div>\n\t\t\t\t<\/div>","protected":false},"excerpt":{"rendered":"<p>THANKS FOR YOUR INTEREST Thanks for showing interest in our company and our products, Flexi and Enroute. By registering to our official website you will be able to stay always up-to-date about our products and initiatives and, if you are already a user of our products, have access to all the useful resources that we [&hellip;]<\/p>\n","protected":false},"author":236185298,"featured_media":0,"parent":0,"menu_order":0,"comment_status":"closed","ping_status":"closed","template":"","meta":{"_acf_changed":false,"_eb_attr":"","site-sidebar-layout":"default","site-content-layout":"","ast-site-content-layout":"default","site-content-style":"default","site-sidebar-style":"default","ast-global-header-display":"","ast-banner-title-visibility":"","ast-main-header-display":"","ast-hfb-above-header-display":"","ast-hfb-below-header-display":"","ast-hfb-mobile-header-display":"","site-post-title":"","ast-breadcrumbs-content":"","ast-featured-img":"","footer-sml-layout":"","ast-disable-related-posts":"","theme-transparent-header-meta":"","adv-header-id-meta":"","stick-header-meta":"","header-above-stick-meta":"","header-main-stick-meta":"","header-below-stick-meta":"","astra-migrate-meta-layouts":"default","ast-page-background-enabled":"default","ast-page-background-meta":{"desktop":{"background-color":"var(--ast-global-color-4)","background-image":"","background-repeat":"repeat","background-position":"center center","background-size":"auto","background-attachment":"scroll","background-type":"","background-media":"","overlay-type":"","overlay-color":"","overlay-opacity":"","overlay-gradient":""},"tablet":{"background-color":"","background-image":"","background-repeat":"repeat","background-position":"center center","background-size":"auto","background-attachment":"scroll","background-type":"","background-media":"","overlay-type":"","overlay-color":"","overlay-opacity":"","overlay-gradient":""},"mobile":{"background-color":"","background-image":"","background-repeat":"repeat","background-position":"center center","background-size":"auto","background-attachment":"scroll","background-type":"","background-media":"","overlay-type":"","overlay-color":"","overlay-opacity":"","overlay-gradient":""}},"ast-content-background-meta":{"desktop":{"background-color":"var(--ast-global-color-5)","background-image":"","background-repeat":"repeat","background-position":"center center","background-size":"auto","background-attachment":"scroll","background-type":"","background-media":"","overlay-type":"","overlay-color":"","overlay-opacity":"","overlay-gradient":""},"tablet":{"background-color":"var(--ast-global-color-5)","background-image":"","background-repeat":"repeat","background-position":"center center","background-size":"auto","background-attachment":"scroll","background-type":"","background-media":"","overlay-type":"","overlay-color":"","overlay-opacity":"","overlay-gradient":""},"mobile":{"background-color":"var(--ast-global-color-5)","background-image":"","background-repeat":"repeat","background-position":"center center","background-size":"auto","background-attachment":"scroll","background-type":"","background-media":"","overlay-type":"","overlay-color":"","overlay-opacity":"","overlay-gradient":""}},"footnotes":""},"class_list":["post-6197","page","type-page","status-publish","hentry"],"acf":[],"yoast_head":"<!-- This site is optimized with the Yoast SEO plugin v27.4 - https:\/\/yoast.com\/product\/yoast-seo-wordpress\/ -->\n<title>Register - ThinkSAi - Europe<\/title>\n<meta name=\"robots\" content=\"index, follow, max-snippet:-1, max-image-preview:large, max-video-preview:-1\" \/>\n<link rel=\"canonical\" href=\"https:\/\/www.thinksai.com\/europe\/pt\/register\/\" \/>\n<meta property=\"og:locale\" content=\"pt_PT\" \/>\n<meta property=\"og:type\" content=\"article\" \/>\n<meta property=\"og:title\" content=\"Register - ThinkSAi - Europe\" \/>\n<meta property=\"og:description\" content=\"THANKS FOR YOUR INTEREST Thanks for showing interest in our company and our products, Flexi and Enroute. By registering to our official website you will be able to stay always up-to-date about our products and initiatives and, if you are already a user of our products, have access to all the useful resources that we [&hellip;]\" \/>\n<meta property=\"og:url\" content=\"https:\/\/www.thinksai.com\/europe\/pt\/register\/\" \/>\n<meta property=\"og:site_name\" content=\"ThinkSAi - Europe\" \/>\n<meta property=\"article:modified_time\" content=\"2024-06-13T09:09:48+00:00\" \/>\n<meta name=\"twitter:card\" content=\"summary_large_image\" \/>\n<meta name=\"twitter:label1\" content=\"Tempo estimado de leitura\" \/>\n\t<meta name=\"twitter:data1\" content=\"2 minutos\" \/>\n<script type=\"application\/ld+json\" class=\"yoast-schema-graph\">{\"@context\":\"https:\\\/\\\/schema.org\",\"@graph\":[{\"@type\":\"WebPage\",\"@id\":\"https:\\\/\\\/www.thinksai.com\\\/europe\\\/register\\\/\",\"url\":\"https:\\\/\\\/www.thinksai.com\\\/europe\\\/register\\\/\",\"name\":\"Register - ThinkSAi - Europe\",\"isPartOf\":{\"@id\":\"https:\\\/\\\/www.thinksai.com\\\/europe\\\/#website\"},\"datePublished\":\"2023-11-08T10:47:40+00:00\",\"dateModified\":\"2024-06-13T09:09:48+00:00\",\"breadcrumb\":{\"@id\":\"https:\\\/\\\/www.thinksai.com\\\/europe\\\/register\\\/#breadcrumb\"},\"inLanguage\":\"pt-PT\",\"potentialAction\":[{\"@type\":\"ReadAction\",\"target\":[\"https:\\\/\\\/www.thinksai.com\\\/europe\\\/register\\\/\"]}]},{\"@type\":\"BreadcrumbList\",\"@id\":\"https:\\\/\\\/www.thinksai.com\\\/europe\\\/register\\\/#breadcrumb\",\"itemListElement\":[{\"@type\":\"ListItem\",\"position\":1,\"name\":\"Home\",\"item\":\"https:\\\/\\\/www.thinksai.com\\\/europe\\\/\"},{\"@type\":\"ListItem\",\"position\":2,\"name\":\"Register\"}]},{\"@type\":\"WebSite\",\"@id\":\"https:\\\/\\\/www.thinksai.com\\\/europe\\\/#website\",\"url\":\"https:\\\/\\\/www.thinksai.com\\\/europe\\\/\",\"name\":\"ThinkSAi - Europe\",\"description\":\"\",\"publisher\":{\"@id\":\"https:\\\/\\\/www.thinksai.com\\\/europe\\\/#organization\"},\"potentialAction\":[{\"@type\":\"SearchAction\",\"target\":{\"@type\":\"EntryPoint\",\"urlTemplate\":\"https:\\\/\\\/www.thinksai.com\\\/europe\\\/?s={search_term_string}\"},\"query-input\":{\"@type\":\"PropertyValueSpecification\",\"valueRequired\":true,\"valueName\":\"search_term_string\"}}],\"inLanguage\":\"pt-PT\"},{\"@type\":\"Organization\",\"@id\":\"https:\\\/\\\/www.thinksai.com\\\/europe\\\/#organization\",\"name\":\"ThinkSAi - Europe\",\"url\":\"https:\\\/\\\/www.thinksai.com\\\/europe\\\/\",\"logo\":{\"@type\":\"ImageObject\",\"inLanguage\":\"pt-PT\",\"@id\":\"https:\\\/\\\/www.thinksai.com\\\/europe\\\/#\\\/schema\\\/logo\\\/image\\\/\",\"url\":\"https:\\\/\\\/www.thinksai.com\\\/europe\\\/wp-content\\\/uploads\\\/sites\\\/4\\\/2023\\\/06\\\/SAiPurple_Logo.png\",\"contentUrl\":\"https:\\\/\\\/www.thinksai.com\\\/europe\\\/wp-content\\\/uploads\\\/sites\\\/4\\\/2023\\\/06\\\/SAiPurple_Logo.png\",\"width\":406,\"height\":407,\"caption\":\"ThinkSAi - Europe\"},\"image\":{\"@id\":\"https:\\\/\\\/www.thinksai.com\\\/europe\\\/#\\\/schema\\\/logo\\\/image\\\/\"}}]}<\/script>\n<!-- \/ Yoast SEO plugin. -->","yoast_head_json":{"title":"Registo - ThinkSAi - Europa","robots":{"index":"index","follow":"follow","max-snippet":"max-snippet:-1","max-image-preview":"max-image-preview:large","max-video-preview":"max-video-preview:-1"},"canonical":"https:\/\/www.thinksai.com\/europe\/pt\/register\/","og_locale":"pt_PT","og_type":"article","og_title":"Register - ThinkSAi - Europe","og_description":"THANKS FOR YOUR INTEREST Thanks for showing interest in our company and our products, Flexi and Enroute. By registering to our official website you will be able to stay always up-to-date about our products and initiatives and, if you are already a user of our products, have access to all the useful resources that we [&hellip;]","og_url":"https:\/\/www.thinksai.com\/europe\/pt\/register\/","og_site_name":"ThinkSAi - Europe","article_modified_time":"2024-06-13T09:09:48+00:00","twitter_card":"summary_large_image","twitter_misc":{"Tempo estimado de leitura":"2 minutos"},"schema":{"@context":"https:\/\/schema.org","@graph":[{"@type":"WebPage","@id":"https:\/\/www.thinksai.com\/europe\/register\/","url":"https:\/\/www.thinksai.com\/europe\/register\/","name":"Registo - ThinkSAi - Europa","isPartOf":{"@id":"https:\/\/www.thinksai.com\/europe\/#website"},"datePublished":"2023-11-08T10:47:40+00:00","dateModified":"2024-06-13T09:09:48+00:00","breadcrumb":{"@id":"https:\/\/www.thinksai.com\/europe\/register\/#breadcrumb"},"inLanguage":"pt-PT","potentialAction":[{"@type":"ReadAction","target":["https:\/\/www.thinksai.com\/europe\/register\/"]}]},{"@type":"BreadcrumbList","@id":"https:\/\/www.thinksai.com\/europe\/register\/#breadcrumb","itemListElement":[{"@type":"ListItem","position":1,"name":"Home","item":"https:\/\/www.thinksai.com\/europe\/"},{"@type":"ListItem","position":2,"name":"Register"}]},{"@type":"WebSite","@id":"https:\/\/www.thinksai.com\/europe\/#website","url":"https:\/\/www.thinksai.com\/europe\/","name":"ThinkSAi - Europa","description":"","publisher":{"@id":"https:\/\/www.thinksai.com\/europe\/#organization"},"potentialAction":[{"@type":"SearchAction","target":{"@type":"EntryPoint","urlTemplate":"https:\/\/www.thinksai.com\/europe\/?s={search_term_string}"},"query-input":{"@type":"PropertyValueSpecification","valueRequired":true,"valueName":"search_term_string"}}],"inLanguage":"pt-PT"},{"@type":"Organization","@id":"https:\/\/www.thinksai.com\/europe\/#organization","name":"ThinkSAi - Europa","url":"https:\/\/www.thinksai.com\/europe\/","logo":{"@type":"ImageObject","inLanguage":"pt-PT","@id":"https:\/\/www.thinksai.com\/europe\/#\/schema\/logo\/image\/","url":"https:\/\/www.thinksai.com\/europe\/wp-content\/uploads\/sites\/4\/2023\/06\/SAiPurple_Logo.png","contentUrl":"https:\/\/www.thinksai.com\/europe\/wp-content\/uploads\/sites\/4\/2023\/06\/SAiPurple_Logo.png","width":406,"height":407,"caption":"ThinkSAi - Europe"},"image":{"@id":"https:\/\/www.thinksai.com\/europe\/#\/schema\/logo\/image\/"}}]}},"jetpack_sharing_enabled":true,"_links":{"self":[{"href":"https:\/\/www.thinksai.com\/europe\/pt\/wp-json\/wp\/v2\/pages\/6197","targetHints":{"allow":["GET"]}}],"collection":[{"href":"https:\/\/www.thinksai.com\/europe\/pt\/wp-json\/wp\/v2\/pages"}],"about":[{"href":"https:\/\/www.thinksai.com\/europe\/pt\/wp-json\/wp\/v2\/types\/page"}],"author":[{"embeddable":true,"href":"https:\/\/www.thinksai.com\/europe\/pt\/wp-json\/wp\/v2\/users\/236185298"}],"replies":[{"embeddable":true,"href":"https:\/\/www.thinksai.com\/europe\/pt\/wp-json\/wp\/v2\/comments?post=6197"}],"version-history":[{"count":0,"href":"https:\/\/www.thinksai.com\/europe\/pt\/wp-json\/wp\/v2\/pages\/6197\/revisions"}],"wp:attachment":[{"href":"https:\/\/www.thinksai.com\/europe\/pt\/wp-json\/wp\/v2\/media?parent=6197"}],"curies":[{"name":"wp","href":"https:\/\/api.w.org\/{rel}","templated":true}]}}