{"id":7760,"date":"2024-07-17T14:08:51","date_gmt":"2024-07-17T12:08:51","guid":{"rendered":"https:\/\/www.thinksai.com\/europe\/?page_id=7760"},"modified":"2024-07-17T14:08:56","modified_gmt":"2024-07-17T12:08:56","slug":"privacy-policy","status":"publish","type":"page","link":"https:\/\/www.thinksai.com\/europe\/fr\/privacy-policy\/","title":{"rendered":"Politique de confidentialit\u00e9"},"content":{"rendered":"<div data-elementor-type=\"wp-page\" data-elementor-id=\"7760\" class=\"elementor elementor-7760\" data-elementor-post-type=\"page\">\n\t\t\t\t<div class=\"elementor-element elementor-element-459aed00 e-con-full e-flex e-con e-parent\" data-id=\"459aed00\" data-element_type=\"container\" data-settings=\"{&quot;background_background&quot;:&quot;gradient&quot;}\">\n\t\t<div class=\"elementor-element elementor-element-42bb4410 e-con-full e-flex e-con e-child\" data-id=\"42bb4410\" data-element_type=\"container\">\n\t\t\t\t<div class=\"elementor-element elementor-element-4ce2ea4c elementor-widget elementor-widget-heading\" data-id=\"4ce2ea4c\" data-element_type=\"widget\" data-widget_type=\"heading.default\">\n\t\t\t\t<div class=\"elementor-widget-container\">\n\t\t\t\t\t<p class=\"elementor-heading-title elementor-size-default\">SAi D\u00e9claration de confidentialit\u00e9<\/p>\t\t\t\t<\/div>\n\t\t\t\t<\/div>\n\t\t\t\t<div class=\"elementor-element elementor-element-5312a8ef elementor-widget elementor-widget-text-editor\" data-id=\"5312a8ef\" data-element_type=\"widget\" data-widget_type=\"text-editor.default\">\n\t\t\t\t<div class=\"elementor-widget-container\">\n\t\t\t\t\t\t\t\t\t<p>SA International s'engage \u00e0 prot\u00e9ger la confidentialit\u00e9 et la s\u00e9curit\u00e9 de vos informations personnelles. La pr\u00e9sente politique de confidentialit\u00e9 explique comment nous recueillons, utilisons, divulguons et prot\u00e9geons vos informations lorsque vous visitez notre site web www.thinksai.com. Veuillez lire attentivement cette politique de confidentialit\u00e9. Si vous n'\u00eates pas d'accord avec les termes de cette politique de confidentialit\u00e9, veuillez ne pas acc\u00e9der au site.<\/p><p><strong>Informations collect\u00e9es<\/strong><\/p><p>Nous pouvons recueillir des informations personnelles telles que votre nom, votre adresse \u00e9lectronique, votre adresse postale, votre num\u00e9ro de t\u00e9l\u00e9phone ou vos informations de paiement lorsque vous nous les communiquez volontairement par l'interm\u00e9diaire du site.<\/p><p>Nous recueillons automatiquement certaines informations sur votre appareil, notamment sur votre navigateur web, votre adresse IP, votre fuseau horaire et certains des cookies install\u00e9s sur votre appareil.<\/p><p><strong>Comment nous utilisons vos informations<\/strong><\/p><p>Nous pouvons utiliser les informations que nous recueillons aupr\u00e8s de vous pour :<\/p><ul><li>Fournir, exploiter et maintenir notre site web.<\/li><li>Am\u00e9liorer, personnaliser et d\u00e9velopper notre site web.<\/li><li>Comprendre et analyser la mani\u00e8re dont vous utilisez notre site web.<\/li><li>D\u00e9velopper de nouveaux produits, services, caract\u00e9ristiques et fonctionnalit\u00e9s.<\/li><li>communiquer avec vous, soit directement, soit par l'interm\u00e9diaire de l'un de nos partenaires, notamment pour le service \u00e0 la client\u00e8le, pour vous fournir des mises \u00e0 jour et d'autres informations relatives au site web, ainsi qu'\u00e0 des fins de marketing et de promotion.<\/li><li>Vous envoyer des courriels.<\/li><\/ul><p><strong>Divulgation de vos informations<\/strong><\/p><p>Nous pouvons partager vos informations personnelles avec des tiers uniquement dans la mesure o\u00f9 cela est n\u00e9cessaire pour fournir les services ou les produits que vous avez demand\u00e9s sur le site.<\/p><p><strong>Conservation des donn\u00e9es<\/strong><\/p><p>Nous ne conserverons vos informations personnelles qu'aussi longtemps que n\u00e9cessaire pour atteindre les objectifs pour lesquels nous les avons collect\u00e9es, y compris pour satisfaire \u00e0 des exigences l\u00e9gales, comptables ou de reporting.<\/p><p><strong>S\u00e9curit\u00e9<\/strong><\/p><p>Nous prenons des mesures raisonnables pour prot\u00e9ger vos informations personnelles contre la perte, le vol, l'utilisation abusive, l'acc\u00e8s non autoris\u00e9, la divulgation, l'alt\u00e9ration et la destruction.<\/p><p><strong>Modifications de la pr\u00e9sente politique de confidentialit\u00e9<\/strong><\/p><p>Nous pouvons mettre \u00e0 jour notre politique de confidentialit\u00e9 de temps \u00e0 autre. Nous vous informerons de toute modification en publiant la nouvelle politique de confidentialit\u00e9 sur cette page.<\/p><p><strong>Nous contacter<\/strong><\/p><p>Si vous avez des questions ou des inqui\u00e9tudes concernant notre politique de protection de la vie priv\u00e9e, veuillez vous adresser \u00e0 <a href=\"https:\/\/www.thinksai.com\/europe\/contact-us\/\">nous contacter<\/a>.<\/p>\t\t\t\t\t\t\t\t<\/div>\n\t\t\t\t<\/div>\n\t\t\t\t<\/div>\n\t\t\t\t<\/div>\n\t\t\t\t<\/div>","protected":false},"excerpt":{"rendered":"<p>SAi D\u00e9claration de confidentialit\u00e9 SA International s'engage \u00e0 prot\u00e9ger la confidentialit\u00e9 et la s\u00e9curit\u00e9 de vos informations personnelles. La pr\u00e9sente politique de confidentialit\u00e9 explique comment nous recueillons, utilisons, divulguons et prot\u00e9geons vos informations lorsque vous visitez notre site web www.thinksai.com. Veuillez lire attentivement cette politique de confidentialit\u00e9. Si vous n'\u00eates pas d'accord avec les termes de cette politique de confidentialit\u00e9, veuillez [...]<\/p>","protected":false},"author":236185298,"featured_media":0,"parent":0,"menu_order":0,"comment_status":"closed","ping_status":"closed","template":"","meta":{"_acf_changed":false,"_eb_attr":"","site-sidebar-layout":"no-sidebar","site-content-layout":"page-builder","ast-site-content-layout":"full-width-container","site-content-style":"default","site-sidebar-style":"default","ast-global-header-display":"","ast-banner-title-visibility":"","ast-main-header-display":"","ast-hfb-above-header-display":"","ast-hfb-below-header-display":"","ast-hfb-mobile-header-display":"","site-post-title":"disabled","ast-breadcrumbs-content":"","ast-featured-img":"disabled","footer-sml-layout":"","ast-disable-related-posts":"","theme-transparent-header-meta":"","adv-header-id-meta":"","stick-header-meta":"","header-above-stick-meta":"","header-main-stick-meta":"","header-below-stick-meta":"","astra-migrate-meta-layouts":"set","ast-page-background-enabled":"default","ast-page-background-meta":{"desktop":{"background-color":"var(--ast-global-color-4)","background-image":"","background-repeat":"repeat","background-position":"center center","background-size":"auto","background-attachment":"scroll","background-type":"","background-media":"","overlay-type":"","overlay-color":"","overlay-opacity":"","overlay-gradient":""},"tablet":{"background-color":"","background-image":"","background-repeat":"repeat","background-position":"center center","background-size":"auto","background-attachment":"scroll","background-type":"","background-media":"","overlay-type":"","overlay-color":"","overlay-opacity":"","overlay-gradient":""},"mobile":{"background-color":"","background-image":"","background-repeat":"repeat","background-position":"center center","background-size":"auto","background-attachment":"scroll","background-type":"","background-media":"","overlay-type":"","overlay-color":"","overlay-opacity":"","overlay-gradient":""}},"ast-content-background-meta":{"desktop":{"background-color":"var(--ast-global-color-5)","background-image":"","background-repeat":"repeat","background-position":"center center","background-size":"auto","background-attachment":"scroll","background-type":"","background-media":"","overlay-type":"","overlay-color":"","overlay-opacity":"","overlay-gradient":""},"tablet":{"background-color":"var(--ast-global-color-5)","background-image":"","background-repeat":"repeat","background-position":"center center","background-size":"auto","background-attachment":"scroll","background-type":"","background-media":"","overlay-type":"","overlay-color":"","overlay-opacity":"","overlay-gradient":""},"mobile":{"background-color":"var(--ast-global-color-5)","background-image":"","background-repeat":"repeat","background-position":"center center","background-size":"auto","background-attachment":"scroll","background-type":"","background-media":"","overlay-type":"","overlay-color":"","overlay-opacity":"","overlay-gradient":""}},"footnotes":""},"class_list":["post-7760","page","type-page","status-publish","hentry"],"acf":[],"yoast_head":"<!-- This site is optimized with the Yoast SEO plugin v26.7 - https:\/\/yoast.com\/wordpress\/plugins\/seo\/ -->\n<title>Privacy Policy - ThinkSAi - Europe<\/title>\n<meta name=\"robots\" content=\"index, follow, max-snippet:-1, max-image-preview:large, max-video-preview:-1\" \/>\n<link rel=\"canonical\" href=\"https:\/\/www.thinksai.com\/europe\/fr\/privacy-policy\/\" \/>\n<meta property=\"og:locale\" content=\"fr_FR\" \/>\n<meta property=\"og:type\" content=\"article\" \/>\n<meta property=\"og:title\" content=\"Privacy Policy - ThinkSAi - Europe\" \/>\n<meta property=\"og:description\" content=\"SAi Privacy Statement SA International is committed to protecting the privacy and security of your personal information. This Privacy Policy explains how we collect, use, disclose, and safeguard your information when you visit our website www.thinksai.com. Please read this Privacy Policy carefully. If you do not agree with the terms of this Privacy Policy, please [&hellip;]\" \/>\n<meta property=\"og:url\" content=\"https:\/\/www.thinksai.com\/europe\/fr\/privacy-policy\/\" \/>\n<meta property=\"og:site_name\" content=\"ThinkSAi - Europe\" \/>\n<meta property=\"article:modified_time\" content=\"2024-07-17T12:08:56+00:00\" \/>\n<meta name=\"twitter:card\" content=\"summary_large_image\" \/>\n<meta name=\"twitter:label1\" content=\"Dur\u00e9e de lecture estim\u00e9e\" \/>\n\t<meta name=\"twitter:data1\" content=\"2 minutes\" \/>\n<script type=\"application\/ld+json\" class=\"yoast-schema-graph\">{\"@context\":\"https:\/\/schema.org\",\"@graph\":[{\"@type\":\"WebPage\",\"@id\":\"https:\/\/www.thinksai.com\/europe\/privacy-policy\/\",\"url\":\"https:\/\/www.thinksai.com\/europe\/privacy-policy\/\",\"name\":\"Privacy Policy - ThinkSAi - Europe\",\"isPartOf\":{\"@id\":\"https:\/\/www.thinksai.com\/europe\/#website\"},\"datePublished\":\"2024-07-17T12:08:51+00:00\",\"dateModified\":\"2024-07-17T12:08:56+00:00\",\"breadcrumb\":{\"@id\":\"https:\/\/www.thinksai.com\/europe\/privacy-policy\/#breadcrumb\"},\"inLanguage\":\"fr-FR\",\"potentialAction\":[{\"@type\":\"ReadAction\",\"target\":[\"https:\/\/www.thinksai.com\/europe\/privacy-policy\/\"]}]},{\"@type\":\"BreadcrumbList\",\"@id\":\"https:\/\/www.thinksai.com\/europe\/privacy-policy\/#breadcrumb\",\"itemListElement\":[{\"@type\":\"ListItem\",\"position\":1,\"name\":\"Home\",\"item\":\"https:\/\/www.thinksai.com\/europe\/\"},{\"@type\":\"ListItem\",\"position\":2,\"name\":\"Privacy Policy\"}]},{\"@type\":\"WebSite\",\"@id\":\"https:\/\/www.thinksai.com\/europe\/#website\",\"url\":\"https:\/\/www.thinksai.com\/europe\/\",\"name\":\"ThinkSAi - Europe\",\"description\":\"\",\"publisher\":{\"@id\":\"https:\/\/www.thinksai.com\/europe\/#organization\"},\"potentialAction\":[{\"@type\":\"SearchAction\",\"target\":{\"@type\":\"EntryPoint\",\"urlTemplate\":\"https:\/\/www.thinksai.com\/europe\/?s={search_term_string}\"},\"query-input\":{\"@type\":\"PropertyValueSpecification\",\"valueRequired\":true,\"valueName\":\"search_term_string\"}}],\"inLanguage\":\"fr-FR\"},{\"@type\":\"Organization\",\"@id\":\"https:\/\/www.thinksai.com\/europe\/#organization\",\"name\":\"ThinkSAi - Europe\",\"url\":\"https:\/\/www.thinksai.com\/europe\/\",\"logo\":{\"@type\":\"ImageObject\",\"inLanguage\":\"fr-FR\",\"@id\":\"https:\/\/www.thinksai.com\/europe\/#\/schema\/logo\/image\/\",\"url\":\"https:\/\/www.thinksai.com\/europe\/wp-content\/uploads\/sites\/4\/2023\/06\/SAiPurple_Logo.png\",\"contentUrl\":\"https:\/\/www.thinksai.com\/europe\/wp-content\/uploads\/sites\/4\/2023\/06\/SAiPurple_Logo.png\",\"width\":406,\"height\":407,\"caption\":\"ThinkSAi - Europe\"},\"image\":{\"@id\":\"https:\/\/www.thinksai.com\/europe\/#\/schema\/logo\/image\/\"}}]}<\/script>\n<!-- \/ Yoast SEO plugin. -->","yoast_head_json":{"title":"Politique de confidentialit\u00e9 - ThinkSAi - Europe","robots":{"index":"index","follow":"follow","max-snippet":"max-snippet:-1","max-image-preview":"max-image-preview:large","max-video-preview":"max-video-preview:-1"},"canonical":"https:\/\/www.thinksai.com\/europe\/fr\/privacy-policy\/","og_locale":"fr_FR","og_type":"article","og_title":"Privacy Policy - ThinkSAi - Europe","og_description":"SAi Privacy Statement SA International is committed to protecting the privacy and security of your personal information. This Privacy Policy explains how we collect, use, disclose, and safeguard your information when you visit our website www.thinksai.com. Please read this Privacy Policy carefully. If you do not agree with the terms of this Privacy Policy, please [&hellip;]","og_url":"https:\/\/www.thinksai.com\/europe\/fr\/privacy-policy\/","og_site_name":"ThinkSAi - Europe","article_modified_time":"2024-07-17T12:08:56+00:00","twitter_card":"summary_large_image","twitter_misc":{"Dur\u00e9e de lecture estim\u00e9e":"2 minutes"},"schema":{"@context":"https:\/\/schema.org","@graph":[{"@type":"WebPage","@id":"https:\/\/www.thinksai.com\/europe\/privacy-policy\/","url":"https:\/\/www.thinksai.com\/europe\/privacy-policy\/","name":"Politique de confidentialit\u00e9 - ThinkSAi - Europe","isPartOf":{"@id":"https:\/\/www.thinksai.com\/europe\/#website"},"datePublished":"2024-07-17T12:08:51+00:00","dateModified":"2024-07-17T12:08:56+00:00","breadcrumb":{"@id":"https:\/\/www.thinksai.com\/europe\/privacy-policy\/#breadcrumb"},"inLanguage":"fr-FR","potentialAction":[{"@type":"ReadAction","target":["https:\/\/www.thinksai.com\/europe\/privacy-policy\/"]}]},{"@type":"BreadcrumbList","@id":"https:\/\/www.thinksai.com\/europe\/privacy-policy\/#breadcrumb","itemListElement":[{"@type":"ListItem","position":1,"name":"Home","item":"https:\/\/www.thinksai.com\/europe\/"},{"@type":"ListItem","position":2,"name":"Privacy Policy"}]},{"@type":"WebSite","@id":"https:\/\/www.thinksai.com\/europe\/#website","url":"https:\/\/www.thinksai.com\/europe\/","name":"ThinkSAi - Europe","description":"","publisher":{"@id":"https:\/\/www.thinksai.com\/europe\/#organization"},"potentialAction":[{"@type":"SearchAction","target":{"@type":"EntryPoint","urlTemplate":"https:\/\/www.thinksai.com\/europe\/?s={search_term_string}"},"query-input":{"@type":"PropertyValueSpecification","valueRequired":true,"valueName":"search_term_string"}}],"inLanguage":"fr-FR"},{"@type":"Organization","@id":"https:\/\/www.thinksai.com\/europe\/#organization","name":"ThinkSAi - Europe","url":"https:\/\/www.thinksai.com\/europe\/","logo":{"@type":"ImageObject","inLanguage":"fr-FR","@id":"https:\/\/www.thinksai.com\/europe\/#\/schema\/logo\/image\/","url":"https:\/\/www.thinksai.com\/europe\/wp-content\/uploads\/sites\/4\/2023\/06\/SAiPurple_Logo.png","contentUrl":"https:\/\/www.thinksai.com\/europe\/wp-content\/uploads\/sites\/4\/2023\/06\/SAiPurple_Logo.png","width":406,"height":407,"caption":"ThinkSAi - Europe"},"image":{"@id":"https:\/\/www.thinksai.com\/europe\/#\/schema\/logo\/image\/"}}]}},"jetpack_sharing_enabled":true,"_links":{"self":[{"href":"https:\/\/www.thinksai.com\/europe\/fr\/wp-json\/wp\/v2\/pages\/7760","targetHints":{"allow":["GET"]}}],"collection":[{"href":"https:\/\/www.thinksai.com\/europe\/fr\/wp-json\/wp\/v2\/pages"}],"about":[{"href":"https:\/\/www.thinksai.com\/europe\/fr\/wp-json\/wp\/v2\/types\/page"}],"author":[{"embeddable":true,"href":"https:\/\/www.thinksai.com\/europe\/fr\/wp-json\/wp\/v2\/users\/236185298"}],"replies":[{"embeddable":true,"href":"https:\/\/www.thinksai.com\/europe\/fr\/wp-json\/wp\/v2\/comments?post=7760"}],"version-history":[{"count":0,"href":"https:\/\/www.thinksai.com\/europe\/fr\/wp-json\/wp\/v2\/pages\/7760\/revisions"}],"wp:attachment":[{"href":"https:\/\/www.thinksai.com\/europe\/fr\/wp-json\/wp\/v2\/media?parent=7760"}],"curies":[{"name":"wp","href":"https:\/\/api.w.org\/{rel}","templated":true}]}}