{"id":2,"date":"2023-06-07T15:58:55","date_gmt":"2023-06-07T15:58:55","guid":{"rendered":"https:\/\/\/about-2\/"},"modified":"2026-03-03T17:55:41","modified_gmt":"2026-03-03T16:55:41","slug":"about-2","status":"publish","type":"page","link":"https:\/\/www.thinksai.com\/europe\/fr\/about-2\/","title":{"rendered":"A propos de"},"content":{"rendered":"<div data-elementor-type=\"wp-page\" data-elementor-id=\"2\" class=\"elementor elementor-2\" data-elementor-post-type=\"page\">\n\t\t\t\t<div class=\"elementor-element elementor-element-ea1a999 e-con-full e-flex e-con e-parent\" data-id=\"ea1a999\" data-element_type=\"container\" data-e-type=\"container\" data-settings=\"{&quot;background_background&quot;:&quot;classic&quot;}\">\n\t\t<div class=\"elementor-element elementor-element-43157e7c e-con-full e-flex e-con e-child\" data-id=\"43157e7c\" data-element_type=\"container\" data-e-type=\"container\">\n\t\t\t\t<div class=\"elementor-element elementor-element-5823802d elementor-invisible elementor-widget elementor-widget-heading\" data-id=\"5823802d\" data-element_type=\"widget\" data-e-type=\"widget\" data-settings=\"{&quot;_animation&quot;:&quot;fadeIn&quot;}\" data-widget_type=\"heading.default\">\n\t\t\t\t<div class=\"elementor-widget-container\">\n\t\t\t\t\t<h1 class=\"elementor-heading-title elementor-size-default\">SA International<\/h1>\t\t\t\t<\/div>\n\t\t\t\t<\/div>\n\t\t\t\t<div class=\"elementor-element elementor-element-7393b6e4 elementor-invisible elementor-widget elementor-widget-text-editor\" data-id=\"7393b6e4\" data-element_type=\"widget\" data-e-type=\"widget\" data-settings=\"{&quot;_animation&quot;:&quot;fadeIn&quot;,&quot;_animation_delay&quot;:200}\" data-widget_type=\"text-editor.default\">\n\t\t\t\t<div class=\"elementor-widget-container\">\n\t\t\t\t\t\t\t\t\t<p><strong>la premi\u00e8re solution logicielle au monde<\/strong>\u00a0pour\u00a0<a href=\"https:\/\/graphicartsmag.com\/news\/2019\/05\/sai-launches-more-powerful-flexi-sign-making-software\/\" target=\"_blank\" rel=\"noopener\">fabrication de panneaux<\/a>l'impression num\u00e9rique et\u00a0<a href=\"https:\/\/graphicartsmag.com\/news\/2019\/08\/sai-announces-major-enhancements-to-its-enroute-subscription-offering\/\" target=\"_blank\" rel=\"noopener\">Usinage CNC<\/a>\u00a0secteurs d'activit\u00e9<\/p>\t\t\t\t\t\t\t\t<\/div>\n\t\t\t\t<\/div>\n\t\t\t\t<\/div>\n\t\t<div class=\"elementor-element elementor-element-5dabc128 e-con-full e-flex e-con e-child\" data-id=\"5dabc128\" data-element_type=\"container\" data-e-type=\"container\" data-settings=\"{&quot;background_background&quot;:&quot;classic&quot;}\">\n\t\t\t\t<div class=\"elementor-element elementor-element-1cb7d7a7 elementor-invisible elementor-widget elementor-widget-image\" data-id=\"1cb7d7a7\" data-element_type=\"widget\" data-e-type=\"widget\" data-settings=\"{&quot;_animation&quot;:&quot;zoomIn&quot;}\" data-widget_type=\"image.default\">\n\t\t\t\t<div class=\"elementor-widget-container\">\n\t\t\t\t\t\t\t\t\t\t\t\t\t\t\t<img fetchpriority=\"high\" decoding=\"async\" width=\"406\" height=\"407\" src=\"https:\/\/www.thinksai.com\/europe\/wp-content\/uploads\/sites\/4\/2023\/06\/SAiPurple_Logo-113x113.png\" class=\"attachment-large size-large wp-image-21\" alt=\"SAi Logo\" srcset=\"https:\/\/www.thinksai.com\/europe\/wp-content\/uploads\/sites\/4\/2023\/06\/SAiPurple_Logo.png 406w, https:\/\/www.thinksai.com\/europe\/wp-content\/uploads\/sites\/4\/2023\/06\/SAiPurple_Logo-300x300.png 300w, https:\/\/www.thinksai.com\/europe\/wp-content\/uploads\/sites\/4\/2023\/06\/SAiPurple_Logo-150x150.png 150w, https:\/\/www.thinksai.com\/europe\/wp-content\/uploads\/sites\/4\/2023\/06\/SAiPurple_Logo-12x12.png 12w, https:\/\/www.thinksai.com\/europe\/wp-content\/uploads\/sites\/4\/2023\/06\/SAiPurple_Logo-113x113.png 113w\" sizes=\"(max-width: 406px) 100vw, 406px\" \/>\t\t\t\t\t\t\t\t\t\t\t\t\t\t\t<\/div>\n\t\t\t\t<\/div>\n\t\t\t\t<\/div>\n\t\t\t\t<\/div>\n\t\t<div class=\"elementor-element elementor-element-6574a2eb e-con-full e-flex e-con e-parent\" data-id=\"6574a2eb\" data-element_type=\"container\" data-e-type=\"container\" data-settings=\"{&quot;background_background&quot;:&quot;classic&quot;}\">\n\t\t<div class=\"elementor-element elementor-element-3501ea32 e-con-full e-flex e-con e-child\" data-id=\"3501ea32\" data-element_type=\"container\" data-e-type=\"container\">\n\t\t\t\t<div class=\"elementor-element elementor-element-d84a7e3 elementor-widget__width-inherit elementor-widget-divider--view-line elementor-invisible elementor-widget elementor-widget-divider\" data-id=\"d84a7e3\" data-element_type=\"widget\" data-e-type=\"widget\" data-settings=\"{&quot;_animation&quot;:&quot;fadeInLeft&quot;}\" data-widget_type=\"divider.default\">\n\t\t\t\t<div class=\"elementor-widget-container\">\n\t\t\t\t\t\t\t<div class=\"elementor-divider\">\n\t\t\t<span class=\"elementor-divider-separator\">\n\t\t\t\t\t\t<\/span>\n\t\t<\/div>\n\t\t\t\t\t\t<\/div>\n\t\t\t\t<\/div>\n\t\t\t\t<div class=\"elementor-element elementor-element-50ce1a9d elementor-widget__width-initial elementor-widget-tablet__width-inherit elementor-widget elementor-widget-heading\" data-id=\"50ce1a9d\" data-element_type=\"widget\" data-e-type=\"widget\" data-widget_type=\"heading.default\">\n\t\t\t\t<div class=\"elementor-widget-container\">\n\t\t\t\t\t<h2 class=\"elementor-heading-title elementor-size-default\">La r\u00e9ponse \u00e0 tous les professionnels qui recherchent la qualit\u00e9 et la facilit\u00e9 d'utilisation.<\/h2>\t\t\t\t<\/div>\n\t\t\t\t<\/div>\n\t\t\t\t<div class=\"elementor-element elementor-element-65fcd065 elementor-widget__width-initial elementor-widget-tablet__width-inherit elementor-widget elementor-widget-text-editor\" data-id=\"65fcd065\" data-element_type=\"widget\" data-e-type=\"widget\" data-widget_type=\"text-editor.default\">\n\t\t\t\t<div class=\"elementor-widget-container\">\n\t\t\t\t\t\t\t\t\t<p>Transformez vos id\u00e9es cr\u00e9atives en r\u00e9alit\u00e9 gr\u00e2ce aux outils de conception et d'\u00e9dition de classe mondiale de SAi, con\u00e7us pour la production. Nous proposons des solutions pour\u00a0<a href=\"https:\/\/www.thinksai.com\/products\/flexi\" target=\"_blank\" rel=\"noopener\">logiciel d'impression et de d\u00e9coupe<\/a>\u00a0pour les entreprises, ainsi que\u00a0<a href=\"https:\/\/www.thinksai.com\/products\/enroute\" target=\"_blank\" rel=\"noopener\">Logiciel de CAO\/FAO<\/a>\u00a0pour l'usinage CNC. Que vous souhaitiez cr\u00e9er des habillages de v\u00e9hicules, des banni\u00e8res, des panneaux tridimensionnels ou autres, SAi dispose du logiciel d'impression et de d\u00e9coupe adapt\u00e9 \u00e0 vos besoins.<\/p>\t\t\t\t\t\t\t\t<\/div>\n\t\t\t\t<\/div>\n\t\t\t\t<\/div>\n\t\t<div class=\"elementor-element elementor-element-307915e1 e-flex e-con-boxed e-con e-child\" data-id=\"307915e1\" data-element_type=\"container\" data-e-type=\"container\">\n\t\t\t\t\t<div class=\"e-con-inner\">\n\t\t\t\t<div class=\"elementor-element elementor-element-2fa390f8 elementor-invisible elementor-widget elementor-widget-icon-box\" data-id=\"2fa390f8\" data-element_type=\"widget\" data-e-type=\"widget\" data-settings=\"{&quot;_animation&quot;:&quot;fadeInUp&quot;}\" data-widget_type=\"icon-box.default\">\n\t\t\t\t<div class=\"elementor-widget-container\">\n\t\t\t\t\t\t\t<div class=\"elementor-icon-box-wrapper\">\n\n\t\t\t\n\t\t\t\t\t\t<div class=\"elementor-icon-box-content\">\n\n\t\t\t\t\t\t\t\t\t<h3 class=\"elementor-icon-box-title\">\n\t\t\t\t\t\t<span  >\n\t\t\t\t\t\t\tNotre vision\t\t\t\t\t\t<\/span>\n\t\t\t\t\t<\/h3>\n\t\t\t\t\n\t\t\t\t\t\t\t\t\t<p class=\"elementor-icon-box-description\">\n\t\t\t\t\t\tUne solution qui allie qualit\u00e9 et facilit\u00e9 d'utilisation, permettant aux utilisateurs de se concentrer sur l'obtention des r\u00e9sultats souhait\u00e9s et l'\u00e9largissement de leurs possibilit\u00e9s.\t\t\t\t\t<\/p>\n\t\t\t\t\n\t\t\t<\/div>\n\t\t\t\n\t\t<\/div>\n\t\t\t\t\t\t<\/div>\n\t\t\t\t<\/div>\n\t\t\t\t<div class=\"elementor-element elementor-element-54a3e50f elementor-invisible elementor-widget elementor-widget-icon-box\" data-id=\"54a3e50f\" data-element_type=\"widget\" data-e-type=\"widget\" data-settings=\"{&quot;_animation&quot;:&quot;fadeInUp&quot;,&quot;_animation_delay&quot;:100}\" data-widget_type=\"icon-box.default\">\n\t\t\t\t<div class=\"elementor-widget-container\">\n\t\t\t\t\t\t\t<div class=\"elementor-icon-box-wrapper\">\n\n\t\t\t\n\t\t\t\t\t\t<div class=\"elementor-icon-box-content\">\n\n\t\t\t\t\t\t\t\t\t<h3 class=\"elementor-icon-box-title\">\n\t\t\t\t\t\t<span  >\n\t\t\t\t\t\t\tNotre mission\t\t\t\t\t\t<\/span>\n\t\t\t\t\t<\/h3>\n\t\t\t\t\n\t\t\t\t\t\t\t\t\t<p class=\"elementor-icon-box-description\">\n\t\t\t\t\t\tPermettre aux professionnels du monde entier de disposer des solutions les plus avanc\u00e9es pour r\u00e9pondre \u00e0 leurs besoins cr\u00e9atifs en mati\u00e8re de conception et de production de produits d'impression et de signalisation pour leurs clients.\t\t\t\t\t<\/p>\n\t\t\t\t\n\t\t\t<\/div>\n\t\t\t\n\t\t<\/div>\n\t\t\t\t\t\t<\/div>\n\t\t\t\t<\/div>\n\t\t\t\t<div class=\"elementor-element elementor-element-7225d35a elementor-invisible elementor-widget elementor-widget-icon-box\" data-id=\"7225d35a\" data-element_type=\"widget\" data-e-type=\"widget\" data-settings=\"{&quot;_animation&quot;:&quot;fadeInUp&quot;,&quot;_animation_delay&quot;:200}\" data-widget_type=\"icon-box.default\">\n\t\t\t\t<div class=\"elementor-widget-container\">\n\t\t\t\t\t\t\t<div class=\"elementor-icon-box-wrapper\">\n\n\t\t\t\n\t\t\t\t\t\t<div class=\"elementor-icon-box-content\">\n\n\t\t\t\t\t\t\t\t\t<h3 class=\"elementor-icon-box-title\">\n\t\t\t\t\t\t<span  >\n\t\t\t\t\t\t\tNotre processus\t\t\t\t\t\t<\/span>\n\t\t\t\t\t<\/h3>\n\t\t\t\t\n\t\t\t\t\t\t\t\t\t<p class=\"elementor-icon-box-description\">\n\t\t\t\t\t\tNous r\u00e9pondons aux besoins r\u00e9els des professionnels en soignant chaque \u00e9tape de notre flux de travail avec passion et d\u00e9vouement, garantissant ainsi les meilleures solutions logicielles possibles.\t\t\t\t\t<\/p>\n\t\t\t\t\n\t\t\t<\/div>\n\t\t\t\n\t\t<\/div>\n\t\t\t\t\t\t<\/div>\n\t\t\t\t<\/div>\n\t\t\t\t\t<\/div>\n\t\t\t\t<\/div>\n\t\t\t\t<\/div>\n\t\t\t\t<\/div>","protected":false},"excerpt":{"rendered":"<p>SA International the number one software solution in the world\u00a0for\u00a0sign making, digital printing and\u00a0CNC machining\u00a0industries The answer to all those professionals who want quality &amp; ease of use. Turn creative ideas into reality with SAi\u2019s world-class design and editing tools geared for production. We carry solutions for\u00a0print &amp; cut software\u00a0for business, as well as\u00a0CAD\/CAM software\u00a0for [&hellip;]<\/p>\n","protected":false},"author":236185292,"featured_media":0,"parent":0,"menu_order":0,"comment_status":"closed","ping_status":"closed","template":"","meta":{"_acf_changed":false,"_eb_attr":"","site-sidebar-layout":"no-sidebar","site-content-layout":"page-builder","ast-site-content-layout":"full-width-container","site-content-style":"default","site-sidebar-style":"default","ast-global-header-display":"","ast-banner-title-visibility":"","ast-main-header-display":"","ast-hfb-above-header-display":"","ast-hfb-below-header-display":"","ast-hfb-mobile-header-display":"","site-post-title":"disabled","ast-breadcrumbs-content":"","ast-featured-img":"disabled","footer-sml-layout":"","ast-disable-related-posts":"","theme-transparent-header-meta":"","adv-header-id-meta":"","stick-header-meta":"","header-above-stick-meta":"","header-main-stick-meta":"","header-below-stick-meta":"","astra-migrate-meta-layouts":"set","ast-page-background-enabled":"default","ast-page-background-meta":{"desktop":{"background-color":"var(--ast-global-color-4)","background-image":"","background-repeat":"repeat","background-position":"center center","background-size":"auto","background-attachment":"scroll","background-type":"","background-media":"","overlay-type":"","overlay-color":"","overlay-opacity":"","overlay-gradient":""},"tablet":{"background-color":"","background-image":"","background-repeat":"repeat","background-position":"center center","background-size":"auto","background-attachment":"scroll","background-type":"","background-media":"","overlay-type":"","overlay-color":"","overlay-opacity":"","overlay-gradient":""},"mobile":{"background-color":"","background-image":"","background-repeat":"repeat","background-position":"center center","background-size":"auto","background-attachment":"scroll","background-type":"","background-media":"","overlay-type":"","overlay-color":"","overlay-opacity":"","overlay-gradient":""}},"ast-content-background-meta":{"desktop":{"background-color":"var(--ast-global-color-5)","background-image":"","background-repeat":"repeat","background-position":"center center","background-size":"auto","background-attachment":"scroll","background-type":"","background-media":"","overlay-type":"","overlay-color":"","overlay-opacity":"","overlay-gradient":""},"tablet":{"background-color":"var(--ast-global-color-5)","background-image":"","background-repeat":"repeat","background-position":"center center","background-size":"auto","background-attachment":"scroll","background-type":"","background-media":"","overlay-type":"","overlay-color":"","overlay-opacity":"","overlay-gradient":""},"mobile":{"background-color":"var(--ast-global-color-5)","background-image":"","background-repeat":"repeat","background-position":"center center","background-size":"auto","background-attachment":"scroll","background-type":"","background-media":"","overlay-type":"","overlay-color":"","overlay-opacity":"","overlay-gradient":""}},"footnotes":""},"class_list":["post-2","page","type-page","status-publish","hentry"],"acf":[],"yoast_head":"<!-- This site is optimized with the Yoast SEO plugin v27.5 - https:\/\/yoast.com\/product\/yoast-seo-wordpress\/ -->\n<title>About - ThinkSAi - Europe<\/title>\n<meta name=\"robots\" content=\"index, follow, max-snippet:-1, max-image-preview:large, max-video-preview:-1\" \/>\n<link rel=\"canonical\" href=\"https:\/\/www.thinksai.com\/europe\/fr\/about-2\/\" \/>\n<meta property=\"og:locale\" content=\"fr_FR\" \/>\n<meta property=\"og:type\" content=\"article\" \/>\n<meta property=\"og:title\" content=\"About - ThinkSAi - Europe\" \/>\n<meta property=\"og:description\" content=\"SA International the number one software solution in the world\u00a0for\u00a0sign making, digital printing and\u00a0CNC machining\u00a0industries The answer to all those professionals who want quality &amp; ease of use. Turn creative ideas into reality with SAi\u2019s world-class design and editing tools geared for production. We carry solutions for\u00a0print &amp; cut software\u00a0for business, as well as\u00a0CAD\/CAM software\u00a0for [&hellip;]\" \/>\n<meta property=\"og:url\" content=\"https:\/\/www.thinksai.com\/europe\/fr\/about-2\/\" \/>\n<meta property=\"og:site_name\" content=\"ThinkSAi - Europe\" \/>\n<meta property=\"article:modified_time\" content=\"2026-03-03T16:55:41+00:00\" \/>\n<meta property=\"og:image\" content=\"https:\/\/www.thinksai.com\/europe\/wp-content\/uploads\/sites\/4\/2023\/06\/SAiPurple_Logo.png\" \/>\n\t<meta property=\"og:image:width\" content=\"406\" \/>\n\t<meta property=\"og:image:height\" content=\"407\" \/>\n\t<meta property=\"og:image:type\" content=\"image\/png\" \/>\n<meta name=\"twitter:card\" content=\"summary_large_image\" \/>\n<meta name=\"twitter:label1\" content=\"Dur\u00e9e de lecture estim\u00e9e\" \/>\n\t<meta name=\"twitter:data1\" content=\"1 minute\" \/>\n<script type=\"application\/ld+json\" class=\"yoast-schema-graph\">{\"@context\":\"https:\\\/\\\/schema.org\",\"@graph\":[{\"@type\":\"WebPage\",\"@id\":\"https:\\\/\\\/www.thinksai.com\\\/europe\\\/about-2\\\/\",\"url\":\"https:\\\/\\\/www.thinksai.com\\\/europe\\\/about-2\\\/\",\"name\":\"About - ThinkSAi - Europe\",\"isPartOf\":{\"@id\":\"https:\\\/\\\/www.thinksai.com\\\/europe\\\/#website\"},\"primaryImageOfPage\":{\"@id\":\"https:\\\/\\\/www.thinksai.com\\\/europe\\\/about-2\\\/#primaryimage\"},\"image\":{\"@id\":\"https:\\\/\\\/www.thinksai.com\\\/europe\\\/about-2\\\/#primaryimage\"},\"thumbnailUrl\":\"https:\\\/\\\/www.thinksai.com\\\/europe\\\/wp-content\\\/uploads\\\/sites\\\/4\\\/2023\\\/06\\\/SAiPurple_Logo-113x113.png\",\"datePublished\":\"2023-06-07T15:58:55+00:00\",\"dateModified\":\"2026-03-03T16:55:41+00:00\",\"breadcrumb\":{\"@id\":\"https:\\\/\\\/www.thinksai.com\\\/europe\\\/about-2\\\/#breadcrumb\"},\"inLanguage\":\"fr-FR\",\"potentialAction\":[{\"@type\":\"ReadAction\",\"target\":[\"https:\\\/\\\/www.thinksai.com\\\/europe\\\/about-2\\\/\"]}]},{\"@type\":\"ImageObject\",\"inLanguage\":\"fr-FR\",\"@id\":\"https:\\\/\\\/www.thinksai.com\\\/europe\\\/about-2\\\/#primaryimage\",\"url\":\"https:\\\/\\\/www.thinksai.com\\\/europe\\\/wp-content\\\/uploads\\\/sites\\\/4\\\/2023\\\/06\\\/SAiPurple_Logo-113x113.png\",\"contentUrl\":\"https:\\\/\\\/www.thinksai.com\\\/europe\\\/wp-content\\\/uploads\\\/sites\\\/4\\\/2023\\\/06\\\/SAiPurple_Logo-113x113.png\"},{\"@type\":\"BreadcrumbList\",\"@id\":\"https:\\\/\\\/www.thinksai.com\\\/europe\\\/about-2\\\/#breadcrumb\",\"itemListElement\":[{\"@type\":\"ListItem\",\"position\":1,\"name\":\"Home\",\"item\":\"https:\\\/\\\/www.thinksai.com\\\/europe\\\/\"},{\"@type\":\"ListItem\",\"position\":2,\"name\":\"About\"}]},{\"@type\":\"WebSite\",\"@id\":\"https:\\\/\\\/www.thinksai.com\\\/europe\\\/#website\",\"url\":\"https:\\\/\\\/www.thinksai.com\\\/europe\\\/\",\"name\":\"ThinkSAi - Europe\",\"description\":\"\",\"publisher\":{\"@id\":\"https:\\\/\\\/www.thinksai.com\\\/europe\\\/#organization\"},\"potentialAction\":[{\"@type\":\"SearchAction\",\"target\":{\"@type\":\"EntryPoint\",\"urlTemplate\":\"https:\\\/\\\/www.thinksai.com\\\/europe\\\/?s={search_term_string}\"},\"query-input\":{\"@type\":\"PropertyValueSpecification\",\"valueRequired\":true,\"valueName\":\"search_term_string\"}}],\"inLanguage\":\"fr-FR\"},{\"@type\":\"Organization\",\"@id\":\"https:\\\/\\\/www.thinksai.com\\\/europe\\\/#organization\",\"name\":\"ThinkSAi - Europe\",\"url\":\"https:\\\/\\\/www.thinksai.com\\\/europe\\\/\",\"logo\":{\"@type\":\"ImageObject\",\"inLanguage\":\"fr-FR\",\"@id\":\"https:\\\/\\\/www.thinksai.com\\\/europe\\\/#\\\/schema\\\/logo\\\/image\\\/\",\"url\":\"https:\\\/\\\/www.thinksai.com\\\/europe\\\/wp-content\\\/uploads\\\/sites\\\/4\\\/2023\\\/06\\\/SAiPurple_Logo.png\",\"contentUrl\":\"https:\\\/\\\/www.thinksai.com\\\/europe\\\/wp-content\\\/uploads\\\/sites\\\/4\\\/2023\\\/06\\\/SAiPurple_Logo.png\",\"width\":406,\"height\":407,\"caption\":\"ThinkSAi - Europe\"},\"image\":{\"@id\":\"https:\\\/\\\/www.thinksai.com\\\/europe\\\/#\\\/schema\\\/logo\\\/image\\\/\"}}]}<\/script>\n<!-- \/ Yoast SEO plugin. -->","yoast_head_json":{"title":"\u00c0 propos - ThinkSAi - Europe","robots":{"index":"index","follow":"follow","max-snippet":"max-snippet:-1","max-image-preview":"max-image-preview:large","max-video-preview":"max-video-preview:-1"},"canonical":"https:\/\/www.thinksai.com\/europe\/fr\/about-2\/","og_locale":"fr_FR","og_type":"article","og_title":"About - ThinkSAi - Europe","og_description":"SA International the number one software solution in the world\u00a0for\u00a0sign making, digital printing and\u00a0CNC machining\u00a0industries The answer to all those professionals who want quality &amp; ease of use. Turn creative ideas into reality with SAi\u2019s world-class design and editing tools geared for production. We carry solutions for\u00a0print &amp; cut software\u00a0for business, as well as\u00a0CAD\/CAM software\u00a0for [&hellip;]","og_url":"https:\/\/www.thinksai.com\/europe\/fr\/about-2\/","og_site_name":"ThinkSAi - Europe","article_modified_time":"2026-03-03T16:55:41+00:00","og_image":[{"width":406,"height":407,"url":"https:\/\/www.thinksai.com\/europe\/wp-content\/uploads\/sites\/4\/2023\/06\/SAiPurple_Logo.png","type":"image\/png"}],"twitter_card":"summary_large_image","twitter_misc":{"Dur\u00e9e de lecture estim\u00e9e":"1 minute"},"schema":{"@context":"https:\/\/schema.org","@graph":[{"@type":"WebPage","@id":"https:\/\/www.thinksai.com\/europe\/about-2\/","url":"https:\/\/www.thinksai.com\/europe\/about-2\/","name":"\u00c0 propos - ThinkSAi - Europe","isPartOf":{"@id":"https:\/\/www.thinksai.com\/europe\/#website"},"primaryImageOfPage":{"@id":"https:\/\/www.thinksai.com\/europe\/about-2\/#primaryimage"},"image":{"@id":"https:\/\/www.thinksai.com\/europe\/about-2\/#primaryimage"},"thumbnailUrl":"https:\/\/www.thinksai.com\/europe\/wp-content\/uploads\/sites\/4\/2023\/06\/SAiPurple_Logo-113x113.png","datePublished":"2023-06-07T15:58:55+00:00","dateModified":"2026-03-03T16:55:41+00:00","breadcrumb":{"@id":"https:\/\/www.thinksai.com\/europe\/about-2\/#breadcrumb"},"inLanguage":"fr-FR","potentialAction":[{"@type":"ReadAction","target":["https:\/\/www.thinksai.com\/europe\/about-2\/"]}]},{"@type":"ImageObject","inLanguage":"fr-FR","@id":"https:\/\/www.thinksai.com\/europe\/about-2\/#primaryimage","url":"https:\/\/www.thinksai.com\/europe\/wp-content\/uploads\/sites\/4\/2023\/06\/SAiPurple_Logo-113x113.png","contentUrl":"https:\/\/www.thinksai.com\/europe\/wp-content\/uploads\/sites\/4\/2023\/06\/SAiPurple_Logo-113x113.png"},{"@type":"BreadcrumbList","@id":"https:\/\/www.thinksai.com\/europe\/about-2\/#breadcrumb","itemListElement":[{"@type":"ListItem","position":1,"name":"Home","item":"https:\/\/www.thinksai.com\/europe\/"},{"@type":"ListItem","position":2,"name":"About"}]},{"@type":"WebSite","@id":"https:\/\/www.thinksai.com\/europe\/#website","url":"https:\/\/www.thinksai.com\/europe\/","name":"ThinkSAi - Europe","description":"","publisher":{"@id":"https:\/\/www.thinksai.com\/europe\/#organization"},"potentialAction":[{"@type":"SearchAction","target":{"@type":"EntryPoint","urlTemplate":"https:\/\/www.thinksai.com\/europe\/?s={search_term_string}"},"query-input":{"@type":"PropertyValueSpecification","valueRequired":true,"valueName":"search_term_string"}}],"inLanguage":"fr-FR"},{"@type":"Organization","@id":"https:\/\/www.thinksai.com\/europe\/#organization","name":"ThinkSAi - Europe","url":"https:\/\/www.thinksai.com\/europe\/","logo":{"@type":"ImageObject","inLanguage":"fr-FR","@id":"https:\/\/www.thinksai.com\/europe\/#\/schema\/logo\/image\/","url":"https:\/\/www.thinksai.com\/europe\/wp-content\/uploads\/sites\/4\/2023\/06\/SAiPurple_Logo.png","contentUrl":"https:\/\/www.thinksai.com\/europe\/wp-content\/uploads\/sites\/4\/2023\/06\/SAiPurple_Logo.png","width":406,"height":407,"caption":"ThinkSAi - Europe"},"image":{"@id":"https:\/\/www.thinksai.com\/europe\/#\/schema\/logo\/image\/"}}]}},"jetpack_sharing_enabled":false,"_links":{"self":[{"href":"https:\/\/www.thinksai.com\/europe\/fr\/wp-json\/wp\/v2\/pages\/2","targetHints":{"allow":["GET"]}}],"collection":[{"href":"https:\/\/www.thinksai.com\/europe\/fr\/wp-json\/wp\/v2\/pages"}],"about":[{"href":"https:\/\/www.thinksai.com\/europe\/fr\/wp-json\/wp\/v2\/types\/page"}],"author":[{"embeddable":true,"href":"https:\/\/www.thinksai.com\/europe\/fr\/wp-json\/wp\/v2\/users\/236185292"}],"replies":[{"embeddable":true,"href":"https:\/\/www.thinksai.com\/europe\/fr\/wp-json\/wp\/v2\/comments?post=2"}],"version-history":[{"count":0,"href":"https:\/\/www.thinksai.com\/europe\/fr\/wp-json\/wp\/v2\/pages\/2\/revisions"}],"wp:attachment":[{"href":"https:\/\/www.thinksai.com\/europe\/fr\/wp-json\/wp\/v2\/media?parent=2"}],"curies":[{"name":"wp","href":"https:\/\/api.w.org\/{rel}","templated":true}]}}