{"id":6201,"date":"2023-11-08T03:47:40","date_gmt":"2023-11-08T10:47:40","guid":{"rendered":"https:\/\/\/password-reset\/"},"modified":"2023-11-08T03:47:40","modified_gmt":"2023-11-08T10:47:40","slug":"password-reset","status":"publish","type":"page","link":"https:\/\/www.thinksai.com\/europe\/es\/password-reset\/","title":{"rendered":"Restablecer contrase\u00f1a"},"content":{"rendered":"<div class=\"um um-password um-um_password_id\">\n\t<div class=\"um-form\">\n\t\t<form method=\"post\" action=\"\" data-trp-original-action=\"\">\n\t\t\t\n\t\t\t\t<input type=\"hidden\" name=\"_um_password_reset\" id=\"_um_password_reset\" value=\"1\" \/>\n\n\t\t\t\t\t\t\t\t\t<div class=\"um-field um-field-block um-field-type_block\">\n\t\t\t\t\t\t<div class=\"um-field-block\">\n\t\t\t\t\t\t\t<div style=\"text-align:center;\">\n\t\t\t\t\t\t\t\tPara restablecer tu contrase\u00f1a, por favor, introduce a continuaci\u00f3n tu direcci\u00f3n de correo electr\u00f3nico o nombre de usuario.\t\t\t\t\t\t\t<\/div>\n\t\t\t\t\t\t<\/div>\n\t\t\t\t\t<\/div>\n\t\t\t\t\t<div  id=\"um_field_0_username_b\" class=\"um-field um-field-text  um-field-username_b um-field-text um-field-type_text\" data-key=\"username_b\"><div class=\"um-field-area\"><input  autocomplete=\"off\" class=\"um-form-field valid\" type=\"text\" name=\"username_b\" id=\"username_b\" value=\"\" placeholder=\"Introduce tu nombre de usuario o correo electr\u00f3nico\" data-validate=\"\" data-key=\"username_b\"  aria-invalid=\"false\" \/>\n\n\t\t\t\t\t\t<\/div><\/div>\t\t\t\t<div class=\"um-col-alt um-col-alt-b\">\n\t\t\t\t\t<div class=\"um-center\">\n\t\t\t\t\t\t<input type=\"submit\" value=\"Restablecer contrase\u00f1a\" class=\"um-button\" id=\"um-submit-btn\" \/>\n\t\t\t\t\t<\/div>\n\t\t\t\t\t<div class=\"um-clear\"><\/div>\n\t\t\t\t<\/div>\n\t\t\t\t\t<input type=\"hidden\" name=\"form_id\" id=\"form_id_um_password_id\" value=\"um_password_id\" \/>\n\t\t<p class=\"um_request_name\">\n\t\t<label for=\"um_request_um_password_id\">Rellene s\u00f3lo si no es humano<\/label>\n\t\t<input type=\"hidden\" name=\"um_request\" id=\"um_request_um_password_id\" class=\"input\" value=\"\" size=\"25\" autocomplete=\"off\" \/>\n\t<\/p>\n\t\t\t<input type=\"hidden\" name=\"trp-form-language\" value=\"es\"\/><\/form>\n\t<\/div>\n<\/div>\n<style>\n\t\t\t.um-um_password_id.um {\n\t\t\tmax-width: 450px;\n\t\t}\n\t\t<\/style>","protected":false},"excerpt":{"rendered":"","protected":false},"author":236185298,"featured_media":0,"parent":0,"menu_order":0,"comment_status":"closed","ping_status":"closed","template":"","meta":{"_acf_changed":false,"_eb_attr":"","site-sidebar-layout":"default","site-content-layout":"","ast-site-content-layout":"default","site-content-style":"default","site-sidebar-style":"default","ast-global-header-display":"","ast-banner-title-visibility":"","ast-main-header-display":"","ast-hfb-above-header-display":"","ast-hfb-below-header-display":"","ast-hfb-mobile-header-display":"","site-post-title":"","ast-breadcrumbs-content":"","ast-featured-img":"","footer-sml-layout":"","ast-disable-related-posts":"","theme-transparent-header-meta":"","adv-header-id-meta":"","stick-header-meta":"","header-above-stick-meta":"","header-main-stick-meta":"","header-below-stick-meta":"","astra-migrate-meta-layouts":"default","ast-page-background-enabled":"default","ast-page-background-meta":{"desktop":{"background-color":"var(--ast-global-color-4)","background-image":"","background-repeat":"repeat","background-position":"center center","background-size":"auto","background-attachment":"scroll","background-type":"","background-media":"","overlay-type":"","overlay-color":"","overlay-opacity":"","overlay-gradient":""},"tablet":{"background-color":"","background-image":"","background-repeat":"repeat","background-position":"center center","background-size":"auto","background-attachment":"scroll","background-type":"","background-media":"","overlay-type":"","overlay-color":"","overlay-opacity":"","overlay-gradient":""},"mobile":{"background-color":"","background-image":"","background-repeat":"repeat","background-position":"center center","background-size":"auto","background-attachment":"scroll","background-type":"","background-media":"","overlay-type":"","overlay-color":"","overlay-opacity":"","overlay-gradient":""}},"ast-content-background-meta":{"desktop":{"background-color":"var(--ast-global-color-5)","background-image":"","background-repeat":"repeat","background-position":"center center","background-size":"auto","background-attachment":"scroll","background-type":"","background-media":"","overlay-type":"","overlay-color":"","overlay-opacity":"","overlay-gradient":""},"tablet":{"background-color":"var(--ast-global-color-5)","background-image":"","background-repeat":"repeat","background-position":"center center","background-size":"auto","background-attachment":"scroll","background-type":"","background-media":"","overlay-type":"","overlay-color":"","overlay-opacity":"","overlay-gradient":""},"mobile":{"background-color":"var(--ast-global-color-5)","background-image":"","background-repeat":"repeat","background-position":"center center","background-size":"auto","background-attachment":"scroll","background-type":"","background-media":"","overlay-type":"","overlay-color":"","overlay-opacity":"","overlay-gradient":""}},"footnotes":""},"class_list":["post-6201","page","type-page","status-publish","hentry"],"acf":[],"yoast_head":"<!-- This site is optimized with the Yoast SEO plugin v26.7 - https:\/\/yoast.com\/wordpress\/plugins\/seo\/ -->\n<title>Password Reset - ThinkSAi - Europe<\/title>\n<meta name=\"robots\" content=\"index, follow, max-snippet:-1, max-image-preview:large, max-video-preview:-1\" \/>\n<link rel=\"canonical\" href=\"https:\/\/www.thinksai.com\/europe\/es\/password-reset\/\" \/>\n<meta property=\"og:locale\" content=\"es_ES\" \/>\n<meta property=\"og:type\" content=\"article\" \/>\n<meta property=\"og:title\" content=\"Password Reset - ThinkSAi - Europe\" \/>\n<meta property=\"og:url\" content=\"https:\/\/www.thinksai.com\/europe\/es\/password-reset\/\" \/>\n<meta property=\"og:site_name\" content=\"ThinkSAi - Europe\" \/>\n<meta name=\"twitter:card\" content=\"summary_large_image\" \/>\n<script type=\"application\/ld+json\" class=\"yoast-schema-graph\">{\"@context\":\"https:\/\/schema.org\",\"@graph\":[{\"@type\":\"WebPage\",\"@id\":\"https:\/\/www.thinksai.com\/europe\/password-reset\/\",\"url\":\"https:\/\/www.thinksai.com\/europe\/password-reset\/\",\"name\":\"Password Reset - ThinkSAi - Europe\",\"isPartOf\":{\"@id\":\"https:\/\/www.thinksai.com\/europe\/#website\"},\"datePublished\":\"2023-11-08T10:47:40+00:00\",\"breadcrumb\":{\"@id\":\"https:\/\/www.thinksai.com\/europe\/password-reset\/#breadcrumb\"},\"inLanguage\":\"es\",\"potentialAction\":[{\"@type\":\"ReadAction\",\"target\":[\"https:\/\/www.thinksai.com\/europe\/password-reset\/\"]}]},{\"@type\":\"BreadcrumbList\",\"@id\":\"https:\/\/www.thinksai.com\/europe\/password-reset\/#breadcrumb\",\"itemListElement\":[{\"@type\":\"ListItem\",\"position\":1,\"name\":\"Home\",\"item\":\"https:\/\/www.thinksai.com\/europe\/\"},{\"@type\":\"ListItem\",\"position\":2,\"name\":\"Password Reset\"}]},{\"@type\":\"WebSite\",\"@id\":\"https:\/\/www.thinksai.com\/europe\/#website\",\"url\":\"https:\/\/www.thinksai.com\/europe\/\",\"name\":\"ThinkSAi - Europe\",\"description\":\"\",\"publisher\":{\"@id\":\"https:\/\/www.thinksai.com\/europe\/#organization\"},\"potentialAction\":[{\"@type\":\"SearchAction\",\"target\":{\"@type\":\"EntryPoint\",\"urlTemplate\":\"https:\/\/www.thinksai.com\/europe\/?s={search_term_string}\"},\"query-input\":{\"@type\":\"PropertyValueSpecification\",\"valueRequired\":true,\"valueName\":\"search_term_string\"}}],\"inLanguage\":\"es\"},{\"@type\":\"Organization\",\"@id\":\"https:\/\/www.thinksai.com\/europe\/#organization\",\"name\":\"ThinkSAi - Europe\",\"url\":\"https:\/\/www.thinksai.com\/europe\/\",\"logo\":{\"@type\":\"ImageObject\",\"inLanguage\":\"es\",\"@id\":\"https:\/\/www.thinksai.com\/europe\/#\/schema\/logo\/image\/\",\"url\":\"https:\/\/www.thinksai.com\/europe\/wp-content\/uploads\/sites\/4\/2023\/06\/SAiPurple_Logo.png\",\"contentUrl\":\"https:\/\/www.thinksai.com\/europe\/wp-content\/uploads\/sites\/4\/2023\/06\/SAiPurple_Logo.png\",\"width\":406,\"height\":407,\"caption\":\"ThinkSAi - Europe\"},\"image\":{\"@id\":\"https:\/\/www.thinksai.com\/europe\/#\/schema\/logo\/image\/\"}}]}<\/script>\n<!-- \/ Yoast SEO plugin. -->","yoast_head_json":{"title":"Restablecer contrase\u00f1a - ThinkSAi - Europe","robots":{"index":"index","follow":"follow","max-snippet":"max-snippet:-1","max-image-preview":"max-image-preview:large","max-video-preview":"max-video-preview:-1"},"canonical":"https:\/\/www.thinksai.com\/europe\/es\/password-reset\/","og_locale":"es_ES","og_type":"article","og_title":"Password Reset - ThinkSAi - Europe","og_url":"https:\/\/www.thinksai.com\/europe\/es\/password-reset\/","og_site_name":"ThinkSAi - Europe","twitter_card":"summary_large_image","schema":{"@context":"https:\/\/schema.org","@graph":[{"@type":"WebPage","@id":"https:\/\/www.thinksai.com\/europe\/password-reset\/","url":"https:\/\/www.thinksai.com\/europe\/password-reset\/","name":"Restablecer contrase\u00f1a - ThinkSAi - Europe","isPartOf":{"@id":"https:\/\/www.thinksai.com\/europe\/#website"},"datePublished":"2023-11-08T10:47:40+00:00","breadcrumb":{"@id":"https:\/\/www.thinksai.com\/europe\/password-reset\/#breadcrumb"},"inLanguage":"es","potentialAction":[{"@type":"ReadAction","target":["https:\/\/www.thinksai.com\/europe\/password-reset\/"]}]},{"@type":"BreadcrumbList","@id":"https:\/\/www.thinksai.com\/europe\/password-reset\/#breadcrumb","itemListElement":[{"@type":"ListItem","position":1,"name":"Home","item":"https:\/\/www.thinksai.com\/europe\/"},{"@type":"ListItem","position":2,"name":"Password Reset"}]},{"@type":"WebSite","@id":"https:\/\/www.thinksai.com\/europe\/#website","url":"https:\/\/www.thinksai.com\/europe\/","name":"ThinkSAi - Europa","description":"","publisher":{"@id":"https:\/\/www.thinksai.com\/europe\/#organization"},"potentialAction":[{"@type":"SearchAction","target":{"@type":"EntryPoint","urlTemplate":"https:\/\/www.thinksai.com\/europe\/?s={search_term_string}"},"query-input":{"@type":"PropertyValueSpecification","valueRequired":true,"valueName":"search_term_string"}}],"inLanguage":"es"},{"@type":"Organization","@id":"https:\/\/www.thinksai.com\/europe\/#organization","name":"ThinkSAi - Europa","url":"https:\/\/www.thinksai.com\/europe\/","logo":{"@type":"ImageObject","inLanguage":"es","@id":"https:\/\/www.thinksai.com\/europe\/#\/schema\/logo\/image\/","url":"https:\/\/www.thinksai.com\/europe\/wp-content\/uploads\/sites\/4\/2023\/06\/SAiPurple_Logo.png","contentUrl":"https:\/\/www.thinksai.com\/europe\/wp-content\/uploads\/sites\/4\/2023\/06\/SAiPurple_Logo.png","width":406,"height":407,"caption":"ThinkSAi - Europe"},"image":{"@id":"https:\/\/www.thinksai.com\/europe\/#\/schema\/logo\/image\/"}}]}},"jetpack_sharing_enabled":true,"_links":{"self":[{"href":"https:\/\/www.thinksai.com\/europe\/es\/wp-json\/wp\/v2\/pages\/6201","targetHints":{"allow":["GET"]}}],"collection":[{"href":"https:\/\/www.thinksai.com\/europe\/es\/wp-json\/wp\/v2\/pages"}],"about":[{"href":"https:\/\/www.thinksai.com\/europe\/es\/wp-json\/wp\/v2\/types\/page"}],"author":[{"embeddable":true,"href":"https:\/\/www.thinksai.com\/europe\/es\/wp-json\/wp\/v2\/users\/236185298"}],"replies":[{"embeddable":true,"href":"https:\/\/www.thinksai.com\/europe\/es\/wp-json\/wp\/v2\/comments?post=6201"}],"version-history":[{"count":0,"href":"https:\/\/www.thinksai.com\/europe\/es\/wp-json\/wp\/v2\/pages\/6201\/revisions"}],"wp:attachment":[{"href":"https:\/\/www.thinksai.com\/europe\/es\/wp-json\/wp\/v2\/media?parent=6201"}],"curies":[{"name":"wp","href":"https:\/\/api.w.org\/{rel}","templated":true}]}}