{"id":7760,"date":"2024-07-17T14:08:51","date_gmt":"2024-07-17T12:08:51","guid":{"rendered":"https:\/\/www.thinksai.com\/europe\/?page_id=7760"},"modified":"2024-07-17T14:08:56","modified_gmt":"2024-07-17T12:08:56","slug":"privacy-policy","status":"publish","type":"page","link":"https:\/\/www.thinksai.com\/europe\/de\/privacy-policy\/","title":{"rendered":"Datenschutzbestimmungen"},"content":{"rendered":"<div data-elementor-type=\"wp-page\" data-elementor-id=\"7760\" class=\"elementor elementor-7760\" data-elementor-post-type=\"page\">\n\t\t\t\t<div class=\"elementor-element elementor-element-459aed00 e-con-full e-flex e-con e-parent\" data-id=\"459aed00\" data-element_type=\"container\" data-settings=\"{&quot;background_background&quot;:&quot;gradient&quot;}\">\n\t\t<div class=\"elementor-element elementor-element-42bb4410 e-con-full e-flex e-con e-child\" data-id=\"42bb4410\" data-element_type=\"container\">\n\t\t\t\t<div class=\"elementor-element elementor-element-4ce2ea4c elementor-widget elementor-widget-heading\" data-id=\"4ce2ea4c\" data-element_type=\"widget\" data-widget_type=\"heading.default\">\n\t\t\t\t<div class=\"elementor-widget-container\">\n\t\t\t\t\t<p class=\"elementor-heading-title elementor-size-default\">SAi Datenschutzerkl\u00e4rung<\/p>\t\t\t\t<\/div>\n\t\t\t\t<\/div>\n\t\t\t\t<div class=\"elementor-element elementor-element-5312a8ef elementor-widget elementor-widget-text-editor\" data-id=\"5312a8ef\" data-element_type=\"widget\" data-widget_type=\"text-editor.default\">\n\t\t\t\t<div class=\"elementor-widget-container\">\n\t\t\t\t\t\t\t\t\t<p>SA International verpflichtet sich, die Privatsph\u00e4re und die Sicherheit Ihrer pers\u00f6nlichen Daten zu sch\u00fctzen. In dieser Datenschutzrichtlinie wird erl\u00e4utert, wie wir Ihre Daten sammeln, verwenden, offenlegen und sch\u00fctzen, wenn Sie unsere Website www.thinksai.com besuchen. Bitte lesen Sie diese Datenschutzrichtlinie sorgf\u00e4ltig durch. Wenn Sie mit den Bedingungen dieser Datenschutzrichtlinie nicht einverstanden sind, bitten wir Sie, diese Website nicht zu besuchen.<\/p><p><strong>Gesammelte Informationen<\/strong><\/p><p>Wir k\u00f6nnen personenbezogene Daten von Ihnen erfassen, wie z. B. Ihren Namen, Ihre E-Mail-Adresse, Ihre Postanschrift, Ihre Telefonnummer oder Zahlungsinformationen, wenn Sie diese freiwillig \u00fcber die Website an uns \u00fcbermitteln.<\/p><p>Wir sammeln automatisch bestimmte Informationen \u00fcber Ihr Ger\u00e4t, einschlie\u00dflich Informationen \u00fcber Ihren Webbrowser, Ihre IP-Adresse, Ihre Zeitzone und einige der Cookies, die auf Ihrem Ger\u00e4t installiert sind.<\/p><p><strong>Wie wir Ihre Informationen verwenden<\/strong><\/p><p>Wir k\u00f6nnen die von Ihnen gesammelten Informationen verwenden, um:<\/p><ul><li>Bereitstellung, Betrieb und Wartung unserer Website.<\/li><li>Verbesserung, Personalisierung und Erweiterung unserer Website.<\/li><li>Verstehen und Analysieren, wie Sie unsere Website nutzen.<\/li><li>Entwicklung neuer Produkte, Dienstleistungen, Merkmale und Funktionen.<\/li><li>mit Ihnen zu kommunizieren, entweder direkt oder \u00fcber einen unserer Partner, z. B. f\u00fcr den Kundendienst, um Ihnen Aktualisierungen und andere Informationen \u00fcber die Website zukommen zu lassen, sowie f\u00fcr Marketing- und Werbezwecke.<\/li><li>Schicken Sie E-Mails.<\/li><\/ul><p><strong>Offenlegung Ihrer Informationen<\/strong><\/p><p>Wir d\u00fcrfen Ihre pers\u00f6nlichen Daten nur insoweit an Dritte weitergeben, als dies f\u00fcr die Bereitstellung von Dienstleistungen oder Produkten, die Sie \u00fcber die Website angefordert haben, erforderlich ist.<\/p><p><strong>Aufbewahrung von Daten<\/strong><\/p><p>Wir werden Ihre pers\u00f6nlichen Daten nur so lange aufbewahren, wie es f\u00fcr die Erf\u00fcllung der Zwecke, f\u00fcr die wir sie gesammelt haben, erforderlich ist, einschlie\u00dflich der Erf\u00fcllung von gesetzlichen, buchhalterischen oder Berichtsanforderungen.<\/p><p><strong>Sicherheit<\/strong><\/p><p>Wir ergreifen angemessene Ma\u00dfnahmen, um Ihre pers\u00f6nlichen Daten vor Verlust, Diebstahl, Missbrauch, unbefugtem Zugriff, Offenlegung, \u00c4nderung und Zerst\u00f6rung zu sch\u00fctzen.<\/p><p><strong>\u00c4nderungen an dieser Datenschutzrichtlinie<\/strong><\/p><p>Wir k\u00f6nnen unsere Datenschutzrichtlinie von Zeit zu Zeit aktualisieren. Wir werden Sie \u00fcber alle \u00c4nderungen informieren, indem wir die neue Datenschutzrichtlinie auf dieser Seite ver\u00f6ffentlichen.<\/p><p><strong>Kontakt<\/strong><\/p><p>Wenn Sie Fragen oder Bedenken zu unserer Datenschutzrichtlinie haben, wenden Sie sich bitte an <a href=\"https:\/\/www.thinksai.com\/europe\/contact-us\/\">kontaktieren Sie uns<\/a>.<\/p>\t\t\t\t\t\t\t\t<\/div>\n\t\t\t\t<\/div>\n\t\t\t\t<\/div>\n\t\t\t\t<\/div>\n\t\t\t\t<\/div>","protected":false},"excerpt":{"rendered":"<p>SAi Datenschutzerkl\u00e4rung SA International verpflichtet sich, die Privatsph\u00e4re und die Sicherheit Ihrer pers\u00f6nlichen Daten zu sch\u00fctzen. In dieser Datenschutzerkl\u00e4rung wird erl\u00e4utert, wie wir Ihre Daten sammeln, verwenden, weitergeben und sch\u00fctzen, wenn Sie unsere Website www.thinksai.com besuchen. Bitte lesen Sie diese Datenschutzrichtlinie sorgf\u00e4ltig durch. Sollten Sie mit den Bedingungen dieser Datenschutzrichtlinie nicht einverstanden sein, bitten wir Sie, [...]<\/p>","protected":false},"author":236185298,"featured_media":0,"parent":0,"menu_order":0,"comment_status":"closed","ping_status":"closed","template":"","meta":{"_acf_changed":false,"_eb_attr":"","site-sidebar-layout":"no-sidebar","site-content-layout":"page-builder","ast-site-content-layout":"full-width-container","site-content-style":"default","site-sidebar-style":"default","ast-global-header-display":"","ast-banner-title-visibility":"","ast-main-header-display":"","ast-hfb-above-header-display":"","ast-hfb-below-header-display":"","ast-hfb-mobile-header-display":"","site-post-title":"disabled","ast-breadcrumbs-content":"","ast-featured-img":"disabled","footer-sml-layout":"","ast-disable-related-posts":"","theme-transparent-header-meta":"","adv-header-id-meta":"","stick-header-meta":"","header-above-stick-meta":"","header-main-stick-meta":"","header-below-stick-meta":"","astra-migrate-meta-layouts":"set","ast-page-background-enabled":"default","ast-page-background-meta":{"desktop":{"background-color":"var(--ast-global-color-4)","background-image":"","background-repeat":"repeat","background-position":"center center","background-size":"auto","background-attachment":"scroll","background-type":"","background-media":"","overlay-type":"","overlay-color":"","overlay-opacity":"","overlay-gradient":""},"tablet":{"background-color":"","background-image":"","background-repeat":"repeat","background-position":"center center","background-size":"auto","background-attachment":"scroll","background-type":"","background-media":"","overlay-type":"","overlay-color":"","overlay-opacity":"","overlay-gradient":""},"mobile":{"background-color":"","background-image":"","background-repeat":"repeat","background-position":"center center","background-size":"auto","background-attachment":"scroll","background-type":"","background-media":"","overlay-type":"","overlay-color":"","overlay-opacity":"","overlay-gradient":""}},"ast-content-background-meta":{"desktop":{"background-color":"var(--ast-global-color-5)","background-image":"","background-repeat":"repeat","background-position":"center center","background-size":"auto","background-attachment":"scroll","background-type":"","background-media":"","overlay-type":"","overlay-color":"","overlay-opacity":"","overlay-gradient":""},"tablet":{"background-color":"var(--ast-global-color-5)","background-image":"","background-repeat":"repeat","background-position":"center center","background-size":"auto","background-attachment":"scroll","background-type":"","background-media":"","overlay-type":"","overlay-color":"","overlay-opacity":"","overlay-gradient":""},"mobile":{"background-color":"var(--ast-global-color-5)","background-image":"","background-repeat":"repeat","background-position":"center center","background-size":"auto","background-attachment":"scroll","background-type":"","background-media":"","overlay-type":"","overlay-color":"","overlay-opacity":"","overlay-gradient":""}},"footnotes":""},"class_list":["post-7760","page","type-page","status-publish","hentry"],"acf":[],"yoast_head":"<!-- This site is optimized with the Yoast SEO plugin v26.7 - https:\/\/yoast.com\/wordpress\/plugins\/seo\/ -->\n<title>Privacy Policy - ThinkSAi - Europe<\/title>\n<meta name=\"robots\" content=\"index, follow, max-snippet:-1, max-image-preview:large, max-video-preview:-1\" \/>\n<link rel=\"canonical\" href=\"https:\/\/www.thinksai.com\/europe\/de\/privacy-policy\/\" \/>\n<meta property=\"og:locale\" content=\"de_DE\" \/>\n<meta property=\"og:type\" content=\"article\" \/>\n<meta property=\"og:title\" content=\"Privacy Policy - ThinkSAi - Europe\" \/>\n<meta property=\"og:description\" content=\"SAi Privacy Statement SA International is committed to protecting the privacy and security of your personal information. This Privacy Policy explains how we collect, use, disclose, and safeguard your information when you visit our website www.thinksai.com. Please read this Privacy Policy carefully. If you do not agree with the terms of this Privacy Policy, please [&hellip;]\" \/>\n<meta property=\"og:url\" content=\"https:\/\/www.thinksai.com\/europe\/de\/privacy-policy\/\" \/>\n<meta property=\"og:site_name\" content=\"ThinkSAi - Europe\" \/>\n<meta property=\"article:modified_time\" content=\"2024-07-17T12:08:56+00:00\" \/>\n<meta name=\"twitter:card\" content=\"summary_large_image\" \/>\n<meta name=\"twitter:label1\" content=\"Gesch\u00e4tzte Lesezeit\" \/>\n\t<meta name=\"twitter:data1\" content=\"2 Minuten\" \/>\n<script type=\"application\/ld+json\" class=\"yoast-schema-graph\">{\"@context\":\"https:\/\/schema.org\",\"@graph\":[{\"@type\":\"WebPage\",\"@id\":\"https:\/\/www.thinksai.com\/europe\/privacy-policy\/\",\"url\":\"https:\/\/www.thinksai.com\/europe\/privacy-policy\/\",\"name\":\"Privacy Policy - ThinkSAi - Europe\",\"isPartOf\":{\"@id\":\"https:\/\/www.thinksai.com\/europe\/#website\"},\"datePublished\":\"2024-07-17T12:08:51+00:00\",\"dateModified\":\"2024-07-17T12:08:56+00:00\",\"breadcrumb\":{\"@id\":\"https:\/\/www.thinksai.com\/europe\/privacy-policy\/#breadcrumb\"},\"inLanguage\":\"de-DE\",\"potentialAction\":[{\"@type\":\"ReadAction\",\"target\":[\"https:\/\/www.thinksai.com\/europe\/privacy-policy\/\"]}]},{\"@type\":\"BreadcrumbList\",\"@id\":\"https:\/\/www.thinksai.com\/europe\/privacy-policy\/#breadcrumb\",\"itemListElement\":[{\"@type\":\"ListItem\",\"position\":1,\"name\":\"Home\",\"item\":\"https:\/\/www.thinksai.com\/europe\/\"},{\"@type\":\"ListItem\",\"position\":2,\"name\":\"Privacy Policy\"}]},{\"@type\":\"WebSite\",\"@id\":\"https:\/\/www.thinksai.com\/europe\/#website\",\"url\":\"https:\/\/www.thinksai.com\/europe\/\",\"name\":\"ThinkSAi - Europe\",\"description\":\"\",\"publisher\":{\"@id\":\"https:\/\/www.thinksai.com\/europe\/#organization\"},\"potentialAction\":[{\"@type\":\"SearchAction\",\"target\":{\"@type\":\"EntryPoint\",\"urlTemplate\":\"https:\/\/www.thinksai.com\/europe\/?s={search_term_string}\"},\"query-input\":{\"@type\":\"PropertyValueSpecification\",\"valueRequired\":true,\"valueName\":\"search_term_string\"}}],\"inLanguage\":\"de-DE\"},{\"@type\":\"Organization\",\"@id\":\"https:\/\/www.thinksai.com\/europe\/#organization\",\"name\":\"ThinkSAi - Europe\",\"url\":\"https:\/\/www.thinksai.com\/europe\/\",\"logo\":{\"@type\":\"ImageObject\",\"inLanguage\":\"de-DE\",\"@id\":\"https:\/\/www.thinksai.com\/europe\/#\/schema\/logo\/image\/\",\"url\":\"https:\/\/www.thinksai.com\/europe\/wp-content\/uploads\/sites\/4\/2023\/06\/SAiPurple_Logo.png\",\"contentUrl\":\"https:\/\/www.thinksai.com\/europe\/wp-content\/uploads\/sites\/4\/2023\/06\/SAiPurple_Logo.png\",\"width\":406,\"height\":407,\"caption\":\"ThinkSAi - Europe\"},\"image\":{\"@id\":\"https:\/\/www.thinksai.com\/europe\/#\/schema\/logo\/image\/\"}}]}<\/script>\n<!-- \/ Yoast SEO plugin. -->","yoast_head_json":{"title":"Datenschutzrichtlinie - ThinkSAi - Europa","robots":{"index":"index","follow":"follow","max-snippet":"max-snippet:-1","max-image-preview":"max-image-preview:large","max-video-preview":"max-video-preview:-1"},"canonical":"https:\/\/www.thinksai.com\/europe\/de\/privacy-policy\/","og_locale":"de_DE","og_type":"article","og_title":"Privacy Policy - ThinkSAi - Europe","og_description":"SAi Privacy Statement SA International is committed to protecting the privacy and security of your personal information. This Privacy Policy explains how we collect, use, disclose, and safeguard your information when you visit our website www.thinksai.com. Please read this Privacy Policy carefully. If you do not agree with the terms of this Privacy Policy, please [&hellip;]","og_url":"https:\/\/www.thinksai.com\/europe\/de\/privacy-policy\/","og_site_name":"ThinkSAi - Europe","article_modified_time":"2024-07-17T12:08:56+00:00","twitter_card":"summary_large_image","twitter_misc":{"Gesch\u00e4tzte Lesezeit":"2 Minuten"},"schema":{"@context":"https:\/\/schema.org","@graph":[{"@type":"WebPage","@id":"https:\/\/www.thinksai.com\/europe\/privacy-policy\/","url":"https:\/\/www.thinksai.com\/europe\/privacy-policy\/","name":"Datenschutzrichtlinie - ThinkSAi - Europa","isPartOf":{"@id":"https:\/\/www.thinksai.com\/europe\/#website"},"datePublished":"2024-07-17T12:08:51+00:00","dateModified":"2024-07-17T12:08:56+00:00","breadcrumb":{"@id":"https:\/\/www.thinksai.com\/europe\/privacy-policy\/#breadcrumb"},"inLanguage":"de-DE","potentialAction":[{"@type":"ReadAction","target":["https:\/\/www.thinksai.com\/europe\/privacy-policy\/"]}]},{"@type":"BreadcrumbList","@id":"https:\/\/www.thinksai.com\/europe\/privacy-policy\/#breadcrumb","itemListElement":[{"@type":"ListItem","position":1,"name":"Home","item":"https:\/\/www.thinksai.com\/europe\/"},{"@type":"ListItem","position":2,"name":"Privacy Policy"}]},{"@type":"WebSite","@id":"https:\/\/www.thinksai.com\/europe\/#website","url":"https:\/\/www.thinksai.com\/europe\/","name":"ThinkSAi - Europa","description":"","publisher":{"@id":"https:\/\/www.thinksai.com\/europe\/#organization"},"potentialAction":[{"@type":"SearchAction","target":{"@type":"EntryPoint","urlTemplate":"https:\/\/www.thinksai.com\/europe\/?s={search_term_string}"},"query-input":{"@type":"PropertyValueSpecification","valueRequired":true,"valueName":"search_term_string"}}],"inLanguage":"de-DE"},{"@type":"Organization","@id":"https:\/\/www.thinksai.com\/europe\/#organization","name":"ThinkSAi - Europa","url":"https:\/\/www.thinksai.com\/europe\/","logo":{"@type":"ImageObject","inLanguage":"de-DE","@id":"https:\/\/www.thinksai.com\/europe\/#\/schema\/logo\/image\/","url":"https:\/\/www.thinksai.com\/europe\/wp-content\/uploads\/sites\/4\/2023\/06\/SAiPurple_Logo.png","contentUrl":"https:\/\/www.thinksai.com\/europe\/wp-content\/uploads\/sites\/4\/2023\/06\/SAiPurple_Logo.png","width":406,"height":407,"caption":"ThinkSAi - Europe"},"image":{"@id":"https:\/\/www.thinksai.com\/europe\/#\/schema\/logo\/image\/"}}]}},"jetpack_sharing_enabled":true,"_links":{"self":[{"href":"https:\/\/www.thinksai.com\/europe\/de\/wp-json\/wp\/v2\/pages\/7760","targetHints":{"allow":["GET"]}}],"collection":[{"href":"https:\/\/www.thinksai.com\/europe\/de\/wp-json\/wp\/v2\/pages"}],"about":[{"href":"https:\/\/www.thinksai.com\/europe\/de\/wp-json\/wp\/v2\/types\/page"}],"author":[{"embeddable":true,"href":"https:\/\/www.thinksai.com\/europe\/de\/wp-json\/wp\/v2\/users\/236185298"}],"replies":[{"embeddable":true,"href":"https:\/\/www.thinksai.com\/europe\/de\/wp-json\/wp\/v2\/comments?post=7760"}],"version-history":[{"count":0,"href":"https:\/\/www.thinksai.com\/europe\/de\/wp-json\/wp\/v2\/pages\/7760\/revisions"}],"wp:attachment":[{"href":"https:\/\/www.thinksai.com\/europe\/de\/wp-json\/wp\/v2\/media?parent=7760"}],"curies":[{"name":"wp","href":"https:\/\/api.w.org\/{rel}","templated":true}]}}