{"id":7663,"date":"2024-04-29T12:34:30","date_gmt":"2024-04-29T10:34:30","guid":{"rendered":"https:\/\/www.thinksai.com\/europe\/?page_id=7663"},"modified":"2024-04-29T14:24:08","modified_gmt":"2024-04-29T12:24:08","slug":"business-type-in-house-printing","status":"publish","type":"page","link":"https:\/\/www.thinksai.com\/europe\/de\/business-type-in-house-printing\/","title":{"rendered":"Gesch\u00e4ftstyp - In-House-Druck"},"content":{"rendered":"<div data-elementor-type=\"wp-page\" data-elementor-id=\"7663\" class=\"elementor elementor-7663\" data-elementor-post-type=\"page\">\n\t\t\t\t<div class=\"elementor-element elementor-element-540c85e8 e-con-full e-flex e-con e-parent\" data-id=\"540c85e8\" data-element_type=\"container\" data-settings=\"{&quot;background_background&quot;:&quot;gradient&quot;}\">\n\t\t<div class=\"elementor-element elementor-element-178e8909 e-con-full e-flex e-con e-child\" data-id=\"178e8909\" data-element_type=\"container\">\n\t\t<div class=\"elementor-element elementor-element-4d2c160a e-con-full e-flex e-con e-child\" data-id=\"4d2c160a\" data-element_type=\"container\">\n\t\t\t\t<div class=\"elementor-element elementor-element-7b9c8e9e elementor-widget elementor-widget-heading\" data-id=\"7b9c8e9e\" data-element_type=\"widget\" data-widget_type=\"heading.default\">\n\t\t\t\t<div class=\"elementor-widget-container\">\n\t\t\t\t\t<h2 class=\"elementor-heading-title elementor-size-default\">Hausinterner Druck mit SAi-Software<\/h2>\t\t\t\t<\/div>\n\t\t\t\t<\/div>\n\t\t\t\t<div class=\"elementor-element elementor-element-1e912737 elementor-widget elementor-widget-text-editor\" data-id=\"1e912737\" data-element_type=\"widget\" data-widget_type=\"text-editor.default\">\n\t\t\t\t<div class=\"elementor-widget-container\">\n\t\t\t\t\t\t\t\t\t<div class=\"cell medium-6 spacer large-top relative\"><div class=\"grid-x align-middle align-center\"><div class=\"cell large-8 grid-y align-center floater-content\"><div class=\"cell\"><div class=\"cell medium-6 spacer large-top relative\"><div class=\"grid-x align-middle align-center\"><div class=\"cell large-8 grid-y align-center floater-content\"><div class=\"cell\"><div class=\"cell medium-6 spacer large-top relative\"><div class=\"grid-x align-middle align-center\"><div class=\"cell large-8 grid-y align-center floater-content\"><div class=\"cell\"><p>Inhouse-Druckabteilungen k\u00f6nnen ihren Workflow mit effizienten Tools und Funktionen optimieren, die f\u00fcr alle Produktionsumgebungen konzipiert sind. SAi verf\u00fcgt \u00fcber die beste Druck-Workflow-Software und bietet Ihnen die Werkzeuge zur Rationalisierung Ihres Druckprozesses, egal ob Sie nur drucken oder drucken und schneiden.<\/p><\/div><\/div><\/div><\/div><\/div><\/div><\/div><\/div><\/div><\/div><\/div><\/div>\t\t\t\t\t\t\t\t<\/div>\n\t\t\t\t<\/div>\n\t\t\t\t<\/div>\n\t\t\t\t<\/div>\n\t\t<div class=\"elementor-element elementor-element-6c571363 e-con-full e-flex e-con e-child\" data-id=\"6c571363\" data-element_type=\"container\" data-settings=\"{&quot;background_background&quot;:&quot;classic&quot;}\">\n\t\t\t\t<\/div>\n\t\t\t\t<\/div>\n\t\t<div class=\"elementor-element elementor-element-2baff981 e-flex e-con-boxed e-con e-parent\" data-id=\"2baff981\" data-element_type=\"container\">\n\t\t\t\t\t<div class=\"e-con-inner\">\n\t\t\t\t<div class=\"elementor-element elementor-element-3fe035e4 animated-slow elementor-invisible elementor-widget elementor-widget-heading\" data-id=\"3fe035e4\" data-element_type=\"widget\" data-settings=\"{&quot;_animation&quot;:&quot;fadeIn&quot;}\" data-widget_type=\"heading.default\">\n\t\t\t\t<div class=\"elementor-widget-container\">\n\t\t\t\t\t<h2 class=\"elementor-heading-title elementor-size-default\">Empfohlene Produkte<\/h2>\t\t\t\t<\/div>\n\t\t\t\t<\/div>\n\t\t\t\t<div class=\"elementor-element elementor-element-340f60fe elementor-invisible elementor-widget elementor-widget-text-editor\" data-id=\"340f60fe\" data-element_type=\"widget\" data-settings=\"{&quot;_animation&quot;:&quot;fadeIn&quot;,&quot;_animation_delay&quot;:200}\" data-widget_type=\"text-editor.default\">\n\t\t\t\t<div class=\"elementor-widget-container\">\n\t\t\t\t\t\t\t\t\t<div class=\"w-full text-token-text-primary\" dir=\"auto\" data-testid=\"conversation-turn-3\"><div class=\"px-4 py-2 justify-center text-base md:gap-6 m-auto\"><div class=\"flex flex-1 text-base mx-auto gap-3 juice:gap-4 juice:md:gap-6 md:px-5 lg:px-1 xl:px-5 md:max-w-3xl lg:max-w-[40rem] xl:max-w-[48rem]\"><div class=\"relative flex w-full min-w-0 flex-col agent-turn\"><div class=\"flex-col gap-1 md:gap-3\"><div class=\"flex flex-grow flex-col max-w-full\"><div class=\"min-h-[20px] text-message flex flex-col items-start gap-3 whitespace-pre-wrap break-words [.text-message+&amp;]:mt-5 overflow-x-auto\" dir=\"auto\" data-message-author-role=\"assistant\" data-message-id=\"e10be219-2415-4495-bfc1-1d4fd606299f\"><div class=\"markdown prose w-full break-words dark:prose-invert dark\"><p>SAi Die Software Flexi wurde speziell f\u00fcr Werbetechniker entwickelt und bietet ein umfassendes Paket von Werkzeugen zum Entwerfen, Drucken und Schneiden mit Pr\u00e4zision und Effizienz. Die intuitive Benutzeroberfl\u00e4che und die fortschrittlichen Funktionen erm\u00f6glichen es Druckereien, ihre kreativen Visionen nahtlos umzusetzen. Damit ist Flexi die ultimative Wahl zur Maximierung von Produktivit\u00e4t und Qualit\u00e4t in der Druckindustrie.<\/p><\/div><\/div><\/div><\/div><\/div><\/div><\/div><\/div>\t\t\t\t\t\t\t\t<\/div>\n\t\t\t\t<\/div>\n\t\t\t\t\t<\/div>\n\t\t\t\t<\/div>\n\t\t<div class=\"elementor-element elementor-element-42eb8dff e-flex e-con-boxed elementor-invisible e-con e-parent\" data-id=\"42eb8dff\" data-element_type=\"container\" data-settings=\"{&quot;animation&quot;:&quot;fadeInUp&quot;}\">\n\t\t\t\t\t<div class=\"e-con-inner\">\n\t\t<div class=\"geot-ajax geot-filter\" data-action=\"country_filter\" data-filter=\"\" data-region=\"africa,eastern-europe\" data-ex_filter=\"\" data-ex_region=\"\"><div class=\"elementor-element elementor-element-544aac5c e-con-full e-flex e-con e-child\" data-id=\"544aac5c\" data-element_type=\"container\" data-settings=\"{&quot;background_background&quot;:&quot;classic&quot;}\">\n\t\t\t\t<div class=\"elementor-element elementor-element-6d0792 animated-slow elementor-invisible elementor-widget elementor-widget-heading\" data-id=\"6d0792\" data-element_type=\"widget\" data-settings=\"{&quot;_animation&quot;:&quot;fadeIn&quot;}\" data-widget_type=\"heading.default\">\n\t\t\t\t<div class=\"elementor-widget-container\">\n\t\t\t\t\t<h3 class=\"elementor-heading-title elementor-size-default\">Flexi RS<\/h3>\t\t\t\t<\/div>\n\t\t\t\t<\/div>\n\t\t\t\t<div class=\"elementor-element elementor-element-66017471 elementor-invisible elementor-widget elementor-widget-text-editor\" data-id=\"66017471\" data-element_type=\"widget\" data-settings=\"{&quot;_animation&quot;:&quot;fadeIn&quot;,&quot;_animation_delay&quot;:200}\" data-widget_type=\"text-editor.default\">\n\t\t\t\t<div class=\"elementor-widget-container\">\n\t\t\t\t\t\t\t\t\t<p>Eine erschwingliche L\u00f6sung f\u00fcr alle Ihre Design-, Druck- und Schneideanforderungen. Flexi RS unterst\u00fctzt 1 Drucker und 1 Schneideplotter und enth\u00e4lt die beste Schilderdesignsoftware und eine vollst\u00e4ndige RIP-L\u00f6sung in einem Komplettpaket.<\/p>\t\t\t\t\t\t\t\t<\/div>\n\t\t\t\t<\/div>\n\t\t\t\t<div class=\"elementor-element elementor-element-2c62f5bd elementor-align-left elementor-tablet-align-left elementor-mobile-align-center elementor-widget elementor-widget-button\" data-id=\"2c62f5bd\" data-element_type=\"widget\" data-widget_type=\"button.default\">\n\t\t\t\t<div class=\"elementor-widget-container\">\n\t\t\t\t\t\t\t\t\t<div class=\"elementor-button-wrapper\">\n\t\t\t\t\t<a class=\"elementor-button elementor-button-link elementor-size-sm elementor-animation-float\" href=\"https:\/\/www.thinksai.com\/europe\/flexi-rs\/\">\n\t\t\t\t\t\t<span class=\"elementor-button-content-wrapper\">\n\t\t\t\t\t\t\t\t\t<span class=\"elementor-button-text\">Erfahren Sie mehr \u27f6<\/span>\n\t\t\t\t\t<\/span>\n\t\t\t\t\t<\/a>\n\t\t\t\t<\/div>\n\t\t\t\t\t\t\t\t<\/div>\n\t\t\t\t<\/div>\n\t\t\t\t<\/div>\n\t\t<\/div><div class=\"elementor-element elementor-element-c11e9a6 e-con-full e-flex e-con e-child\" data-id=\"c11e9a6\" data-element_type=\"container\" data-settings=\"{&quot;background_background&quot;:&quot;classic&quot;}\">\n\t\t\t\t<div class=\"elementor-element elementor-element-a2e9159 animated-slow elementor-invisible elementor-widget elementor-widget-heading\" data-id=\"a2e9159\" data-element_type=\"widget\" data-settings=\"{&quot;_animation&quot;:&quot;fadeIn&quot;}\" data-widget_type=\"heading.default\">\n\t\t\t\t<div class=\"elementor-widget-container\">\n\t\t\t\t\t<h3 class=\"elementor-heading-title elementor-size-default\">Flexi VOLLST\u00c4NDIG<\/h3>\t\t\t\t<\/div>\n\t\t\t\t<\/div>\n\t\t\t\t<div class=\"elementor-element elementor-element-611a2cd elementor-invisible elementor-widget elementor-widget-text-editor\" data-id=\"611a2cd\" data-element_type=\"widget\" data-settings=\"{&quot;_animation&quot;:&quot;fadeIn&quot;,&quot;_animation_delay&quot;:200}\" data-widget_type=\"text-editor.default\">\n\t\t\t\t<div class=\"elementor-widget-container\">\n\t\t\t\t\t\t\t\t\t<p>Eine L\u00f6sung f\u00fcr alle Ihre Design-, Druck- und Schneideanforderungen. Flexi COMPLETE enth\u00e4lt die beste Schilderdesignsoftware und eine komplette RIP-L\u00f6sung in einem Komplettpaket.<\/p>\t\t\t\t\t\t\t\t<\/div>\n\t\t\t\t<\/div>\n\t\t\t\t<div class=\"elementor-element elementor-element-0863612 elementor-align-left elementor-tablet-align-left elementor-mobile-align-center elementor-widget elementor-widget-button\" data-id=\"0863612\" data-element_type=\"widget\" data-widget_type=\"button.default\">\n\t\t\t\t<div class=\"elementor-widget-container\">\n\t\t\t\t\t\t\t\t\t<div class=\"elementor-button-wrapper\">\n\t\t\t\t\t<a class=\"elementor-button elementor-button-link elementor-size-sm elementor-animation-float\" href=\"https:\/\/www.thinksai.com\/europe\/flexi-complete\/\">\n\t\t\t\t\t\t<span class=\"elementor-button-content-wrapper\">\n\t\t\t\t\t\t\t\t\t<span class=\"elementor-button-text\">Erfahren Sie mehr \u27f6<\/span>\n\t\t\t\t\t<\/span>\n\t\t\t\t\t<\/a>\n\t\t\t\t<\/div>\n\t\t\t\t\t\t\t\t<\/div>\n\t\t\t\t<\/div>\n\t\t\t\t<\/div>\n\t\t<div class=\"elementor-element elementor-element-fa57908 e-con-full e-flex e-con e-child\" data-id=\"fa57908\" data-element_type=\"container\" data-settings=\"{&quot;background_background&quot;:&quot;classic&quot;}\">\n\t\t\t\t<div class=\"elementor-element elementor-element-53a49acf animated-slow elementor-invisible elementor-widget elementor-widget-heading\" data-id=\"53a49acf\" data-element_type=\"widget\" data-settings=\"{&quot;_animation&quot;:&quot;fadeIn&quot;}\" data-widget_type=\"heading.default\">\n\t\t\t\t<div class=\"elementor-widget-container\">\n\t\t\t\t\t<h3 class=\"elementor-heading-title elementor-size-default\">Sign Design Elements<\/h3>\t\t\t\t<\/div>\n\t\t\t\t<\/div>\n\t\t\t\t<div class=\"elementor-element elementor-element-194c116b elementor-invisible elementor-widget elementor-widget-text-editor\" data-id=\"194c116b\" data-element_type=\"widget\" data-settings=\"{&quot;_animation&quot;:&quot;fadeIn&quot;,&quot;_animation_delay&quot;:200}\" data-widget_type=\"text-editor.default\">\n\t\t\t\t<div class=\"elementor-widget-container\">\n\t\t\t\t\t\t\t\t\t<p>\u00dcber 12 Millionen wundersch\u00f6ne Fotos, vinylf\u00e4hige und Vektorgrafiken, Fahrzeugvorlagen und Schriftarten. Die gr\u00f6\u00dfte Sammlung von Bildern f\u00fcr die Schilderindustrie und Fahrzeugvorlagen der Welt. Zeitraum.<\/p>\t\t\t\t\t\t\t\t<\/div>\n\t\t\t\t<\/div>\n\t\t\t\t<div class=\"elementor-element elementor-element-3d30af82 elementor-align-left elementor-tablet-align-left elementor-mobile-align-center elementor-widget elementor-widget-button\" data-id=\"3d30af82\" data-element_type=\"widget\" data-widget_type=\"button.default\">\n\t\t\t\t<div class=\"elementor-widget-container\">\n\t\t\t\t\t\t\t\t\t<div class=\"elementor-button-wrapper\">\n\t\t\t\t\t<a class=\"elementor-button elementor-button-link elementor-size-sm elementor-animation-float\" href=\"https:\/\/www.thinksai.com\/europe\/elementor-6234\/\">\n\t\t\t\t\t\t<span class=\"elementor-button-content-wrapper\">\n\t\t\t\t\t\t\t\t\t<span class=\"elementor-button-text\">Erfahren Sie mehr \u27f6<\/span>\n\t\t\t\t\t<\/span>\n\t\t\t\t\t<\/a>\n\t\t\t\t<\/div>\n\t\t\t\t\t\t\t\t<\/div>\n\t\t\t\t<\/div>\n\t\t\t\t<\/div>\n\t\t\t\t\t<\/div>\n\t\t\t\t<\/div>\n\t\t<div class=\"elementor-element elementor-element-1c4ece1 e-flex e-con-boxed e-con e-parent\" data-id=\"1c4ece1\" data-element_type=\"container\" data-settings=\"{&quot;background_background&quot;:&quot;classic&quot;}\">\n\t\t\t\t\t<div class=\"e-con-inner\">\n\t\t\t\t<div class=\"elementor-element elementor-element-af38c63 animated-slow elementor-invisible elementor-widget elementor-widget-heading\" data-id=\"af38c63\" data-element_type=\"widget\" data-settings=\"{&quot;_animation&quot;:&quot;fadeIn&quot;}\" data-widget_type=\"heading.default\">\n\t\t\t\t<div class=\"elementor-widget-container\">\n\t\t\t\t\t<h2 class=\"elementor-heading-title elementor-size-default\">Bereit zum Einstieg?<\/h2>\t\t\t\t<\/div>\n\t\t\t\t<\/div>\n\t\t\t\t<div class=\"elementor-element elementor-element-8c12704 elementor-invisible elementor-widget elementor-widget-text-editor\" data-id=\"8c12704\" data-element_type=\"widget\" data-settings=\"{&quot;_animation&quot;:&quot;fadeIn&quot;,&quot;_animation_delay&quot;:200}\" data-widget_type=\"text-editor.default\">\n\t\t\t\t<div class=\"elementor-widget-container\">\n\t\t\t\t\t\t\t\t\t<p>Sie wissen bereits, was das Beste f\u00fcr Ihr Unternehmen ist? Holen Sie sich eine 7-t\u00e4gige kostenlose Testversion f\u00fcr jedes SAi-Abonnement.<\/p>\t\t\t\t\t\t\t\t<\/div>\n\t\t\t\t<\/div>\n\t\t\t\t<div class=\"elementor-element elementor-element-1f0ff70e elementor-mobile-align-justify animated-fast elementor-align-center elementor-invisible elementor-widget elementor-widget-button\" data-id=\"1f0ff70e\" data-element_type=\"widget\" data-settings=\"{&quot;_animation&quot;:&quot;fadeIn&quot;,&quot;_animation_delay&quot;:400}\" data-widget_type=\"button.default\">\n\t\t\t\t<div class=\"elementor-widget-container\">\n\t\t\t\t\t\t\t\t\t<div class=\"elementor-button-wrapper\">\n\t\t\t\t\t<a class=\"elementor-button elementor-button-link elementor-size-sm elementor-animation-float\" href=\"https:\/\/saisubscriptions.com\/\">\n\t\t\t\t\t\t<span class=\"elementor-button-content-wrapper\">\n\t\t\t\t\t\t\t\t\t<span class=\"elementor-button-text\">STARTEN SIE IHREN KOSTENLOSEN TEST<\/span>\n\t\t\t\t\t<\/span>\n\t\t\t\t\t<\/a>\n\t\t\t\t<\/div>\n\t\t\t\t\t\t\t\t<\/div>\n\t\t\t\t<\/div>\n\t\t\t\t\t<\/div>\n\t\t\t\t<\/div>\n\t\t\t\t<\/div>","protected":false},"excerpt":{"rendered":"<p>Hausdruckerei mit SAi-Software Hausdruckereien k\u00f6nnen ihren Workflow mit effizienten Tools und Funktionen optimieren, die f\u00fcr alle Produktionsumgebungen konzipiert sind. SAi bietet die beste Druck-Workflow-Software und stellt Ihnen die Werkzeuge zur Verf\u00fcgung, mit denen Sie Ihren Druckprozess rationalisieren k\u00f6nnen, unabh\u00e4ngig davon, ob Sie nur drucken oder eine Druck- und Schneideproduktion durchf\u00fchren. Empfohlene Produkte SAi Flexi Software [...]<\/p>","protected":false},"author":236185298,"featured_media":0,"parent":0,"menu_order":0,"comment_status":"closed","ping_status":"closed","template":"","meta":{"_acf_changed":false,"_eb_attr":"","site-sidebar-layout":"no-sidebar","site-content-layout":"page-builder","ast-site-content-layout":"full-width-container","site-content-style":"default","site-sidebar-style":"default","ast-global-header-display":"","ast-banner-title-visibility":"","ast-main-header-display":"","ast-hfb-above-header-display":"","ast-hfb-below-header-display":"","ast-hfb-mobile-header-display":"","site-post-title":"disabled","ast-breadcrumbs-content":"","ast-featured-img":"disabled","footer-sml-layout":"","ast-disable-related-posts":"","theme-transparent-header-meta":"","adv-header-id-meta":"","stick-header-meta":"","header-above-stick-meta":"","header-main-stick-meta":"","header-below-stick-meta":"","astra-migrate-meta-layouts":"set","ast-page-background-enabled":"default","ast-page-background-meta":{"desktop":{"background-color":"var(--ast-global-color-4)","background-image":"","background-repeat":"repeat","background-position":"center center","background-size":"auto","background-attachment":"scroll","background-type":"","background-media":"","overlay-type":"","overlay-color":"","overlay-opacity":"","overlay-gradient":""},"tablet":{"background-color":"","background-image":"","background-repeat":"repeat","background-position":"center center","background-size":"auto","background-attachment":"scroll","background-type":"","background-media":"","overlay-type":"","overlay-color":"","overlay-opacity":"","overlay-gradient":""},"mobile":{"background-color":"","background-image":"","background-repeat":"repeat","background-position":"center center","background-size":"auto","background-attachment":"scroll","background-type":"","background-media":"","overlay-type":"","overlay-color":"","overlay-opacity":"","overlay-gradient":""}},"ast-content-background-meta":{"desktop":{"background-color":"var(--ast-global-color-5)","background-image":"","background-repeat":"repeat","background-position":"center center","background-size":"auto","background-attachment":"scroll","background-type":"","background-media":"","overlay-type":"","overlay-color":"","overlay-opacity":"","overlay-gradient":""},"tablet":{"background-color":"var(--ast-global-color-5)","background-image":"","background-repeat":"repeat","background-position":"center center","background-size":"auto","background-attachment":"scroll","background-type":"","background-media":"","overlay-type":"","overlay-color":"","overlay-opacity":"","overlay-gradient":""},"mobile":{"background-color":"var(--ast-global-color-5)","background-image":"","background-repeat":"repeat","background-position":"center center","background-size":"auto","background-attachment":"scroll","background-type":"","background-media":"","overlay-type":"","overlay-color":"","overlay-opacity":"","overlay-gradient":""}},"footnotes":""},"class_list":["post-7663","page","type-page","status-publish","hentry"],"acf":[],"yoast_head":"<!-- This site is optimized with the Yoast SEO plugin v26.7 - https:\/\/yoast.com\/wordpress\/plugins\/seo\/ -->\n<title>Business Type - In-House Printing - ThinkSAi - Europe<\/title>\n<meta name=\"robots\" content=\"index, follow, max-snippet:-1, max-image-preview:large, max-video-preview:-1\" \/>\n<link rel=\"canonical\" href=\"https:\/\/www.thinksai.com\/europe\/de\/business-type-in-house-printing\/\" \/>\n<meta property=\"og:locale\" content=\"de_DE\" \/>\n<meta property=\"og:type\" content=\"article\" \/>\n<meta property=\"og:title\" content=\"Business Type - In-House Printing - ThinkSAi - Europe\" \/>\n<meta property=\"og:description\" content=\"In-House Printing with SAi Software In-house printing departments can optimize their workflow with efficient tools and features designed for all production environments. SAi has the best printing workflow software and provides you with the tools to streamline your print process whether you\u2019re just printing or doing print and cut production. Recommended Products SAi Flexi software [&hellip;]\" \/>\n<meta property=\"og:url\" content=\"https:\/\/www.thinksai.com\/europe\/de\/business-type-in-house-printing\/\" \/>\n<meta property=\"og:site_name\" content=\"ThinkSAi - Europe\" \/>\n<meta property=\"article:modified_time\" content=\"2024-04-29T12:24:08+00:00\" \/>\n<meta name=\"twitter:card\" content=\"summary_large_image\" \/>\n<meta name=\"twitter:label1\" content=\"Gesch\u00e4tzte Lesezeit\" \/>\n\t<meta name=\"twitter:data1\" content=\"1 Minute\" \/>\n<script type=\"application\/ld+json\" class=\"yoast-schema-graph\">{\"@context\":\"https:\/\/schema.org\",\"@graph\":[{\"@type\":\"WebPage\",\"@id\":\"https:\/\/www.thinksai.com\/europe\/business-type-in-house-printing\/\",\"url\":\"https:\/\/www.thinksai.com\/europe\/business-type-in-house-printing\/\",\"name\":\"Business Type - In-House Printing - ThinkSAi - Europe\",\"isPartOf\":{\"@id\":\"https:\/\/www.thinksai.com\/europe\/#website\"},\"datePublished\":\"2024-04-29T10:34:30+00:00\",\"dateModified\":\"2024-04-29T12:24:08+00:00\",\"breadcrumb\":{\"@id\":\"https:\/\/www.thinksai.com\/europe\/business-type-in-house-printing\/#breadcrumb\"},\"inLanguage\":\"de-DE\",\"potentialAction\":[{\"@type\":\"ReadAction\",\"target\":[\"https:\/\/www.thinksai.com\/europe\/business-type-in-house-printing\/\"]}]},{\"@type\":\"BreadcrumbList\",\"@id\":\"https:\/\/www.thinksai.com\/europe\/business-type-in-house-printing\/#breadcrumb\",\"itemListElement\":[{\"@type\":\"ListItem\",\"position\":1,\"name\":\"Home\",\"item\":\"https:\/\/www.thinksai.com\/europe\/\"},{\"@type\":\"ListItem\",\"position\":2,\"name\":\"Business Type &#8211; In-House Printing\"}]},{\"@type\":\"WebSite\",\"@id\":\"https:\/\/www.thinksai.com\/europe\/#website\",\"url\":\"https:\/\/www.thinksai.com\/europe\/\",\"name\":\"ThinkSAi - Europe\",\"description\":\"\",\"publisher\":{\"@id\":\"https:\/\/www.thinksai.com\/europe\/#organization\"},\"potentialAction\":[{\"@type\":\"SearchAction\",\"target\":{\"@type\":\"EntryPoint\",\"urlTemplate\":\"https:\/\/www.thinksai.com\/europe\/?s={search_term_string}\"},\"query-input\":{\"@type\":\"PropertyValueSpecification\",\"valueRequired\":true,\"valueName\":\"search_term_string\"}}],\"inLanguage\":\"de-DE\"},{\"@type\":\"Organization\",\"@id\":\"https:\/\/www.thinksai.com\/europe\/#organization\",\"name\":\"ThinkSAi - Europe\",\"url\":\"https:\/\/www.thinksai.com\/europe\/\",\"logo\":{\"@type\":\"ImageObject\",\"inLanguage\":\"de-DE\",\"@id\":\"https:\/\/www.thinksai.com\/europe\/#\/schema\/logo\/image\/\",\"url\":\"https:\/\/www.thinksai.com\/europe\/wp-content\/uploads\/sites\/4\/2023\/06\/SAiPurple_Logo.png\",\"contentUrl\":\"https:\/\/www.thinksai.com\/europe\/wp-content\/uploads\/sites\/4\/2023\/06\/SAiPurple_Logo.png\",\"width\":406,\"height\":407,\"caption\":\"ThinkSAi - Europe\"},\"image\":{\"@id\":\"https:\/\/www.thinksai.com\/europe\/#\/schema\/logo\/image\/\"}}]}<\/script>\n<!-- \/ Yoast SEO plugin. -->","yoast_head_json":{"title":"Unternehmenstyp - In-House Printing - ThinkSAi - Europa","robots":{"index":"index","follow":"follow","max-snippet":"max-snippet:-1","max-image-preview":"max-image-preview:large","max-video-preview":"max-video-preview:-1"},"canonical":"https:\/\/www.thinksai.com\/europe\/de\/business-type-in-house-printing\/","og_locale":"de_DE","og_type":"article","og_title":"Business Type - In-House Printing - ThinkSAi - Europe","og_description":"In-House Printing with SAi Software In-house printing departments can optimize their workflow with efficient tools and features designed for all production environments. SAi has the best printing workflow software and provides you with the tools to streamline your print process whether you\u2019re just printing or doing print and cut production. Recommended Products SAi Flexi software [&hellip;]","og_url":"https:\/\/www.thinksai.com\/europe\/de\/business-type-in-house-printing\/","og_site_name":"ThinkSAi - Europe","article_modified_time":"2024-04-29T12:24:08+00:00","twitter_card":"summary_large_image","twitter_misc":{"Gesch\u00e4tzte Lesezeit":"1 Minute"},"schema":{"@context":"https:\/\/schema.org","@graph":[{"@type":"WebPage","@id":"https:\/\/www.thinksai.com\/europe\/business-type-in-house-printing\/","url":"https:\/\/www.thinksai.com\/europe\/business-type-in-house-printing\/","name":"Unternehmenstyp - In-House Printing - ThinkSAi - Europa","isPartOf":{"@id":"https:\/\/www.thinksai.com\/europe\/#website"},"datePublished":"2024-04-29T10:34:30+00:00","dateModified":"2024-04-29T12:24:08+00:00","breadcrumb":{"@id":"https:\/\/www.thinksai.com\/europe\/business-type-in-house-printing\/#breadcrumb"},"inLanguage":"de-DE","potentialAction":[{"@type":"ReadAction","target":["https:\/\/www.thinksai.com\/europe\/business-type-in-house-printing\/"]}]},{"@type":"BreadcrumbList","@id":"https:\/\/www.thinksai.com\/europe\/business-type-in-house-printing\/#breadcrumb","itemListElement":[{"@type":"ListItem","position":1,"name":"Home","item":"https:\/\/www.thinksai.com\/europe\/"},{"@type":"ListItem","position":2,"name":"Business Type &#8211; In-House Printing"}]},{"@type":"WebSite","@id":"https:\/\/www.thinksai.com\/europe\/#website","url":"https:\/\/www.thinksai.com\/europe\/","name":"ThinkSAi - Europa","description":"","publisher":{"@id":"https:\/\/www.thinksai.com\/europe\/#organization"},"potentialAction":[{"@type":"SearchAction","target":{"@type":"EntryPoint","urlTemplate":"https:\/\/www.thinksai.com\/europe\/?s={search_term_string}"},"query-input":{"@type":"PropertyValueSpecification","valueRequired":true,"valueName":"search_term_string"}}],"inLanguage":"de-DE"},{"@type":"Organization","@id":"https:\/\/www.thinksai.com\/europe\/#organization","name":"ThinkSAi - Europa","url":"https:\/\/www.thinksai.com\/europe\/","logo":{"@type":"ImageObject","inLanguage":"de-DE","@id":"https:\/\/www.thinksai.com\/europe\/#\/schema\/logo\/image\/","url":"https:\/\/www.thinksai.com\/europe\/wp-content\/uploads\/sites\/4\/2023\/06\/SAiPurple_Logo.png","contentUrl":"https:\/\/www.thinksai.com\/europe\/wp-content\/uploads\/sites\/4\/2023\/06\/SAiPurple_Logo.png","width":406,"height":407,"caption":"ThinkSAi - Europe"},"image":{"@id":"https:\/\/www.thinksai.com\/europe\/#\/schema\/logo\/image\/"}}]}},"jetpack_sharing_enabled":true,"_links":{"self":[{"href":"https:\/\/www.thinksai.com\/europe\/de\/wp-json\/wp\/v2\/pages\/7663","targetHints":{"allow":["GET"]}}],"collection":[{"href":"https:\/\/www.thinksai.com\/europe\/de\/wp-json\/wp\/v2\/pages"}],"about":[{"href":"https:\/\/www.thinksai.com\/europe\/de\/wp-json\/wp\/v2\/types\/page"}],"author":[{"embeddable":true,"href":"https:\/\/www.thinksai.com\/europe\/de\/wp-json\/wp\/v2\/users\/236185298"}],"replies":[{"embeddable":true,"href":"https:\/\/www.thinksai.com\/europe\/de\/wp-json\/wp\/v2\/comments?post=7663"}],"version-history":[{"count":0,"href":"https:\/\/www.thinksai.com\/europe\/de\/wp-json\/wp\/v2\/pages\/7663\/revisions"}],"wp:attachment":[{"href":"https:\/\/www.thinksai.com\/europe\/de\/wp-json\/wp\/v2\/media?parent=7663"}],"curies":[{"name":"wp","href":"https:\/\/api.w.org\/{rel}","templated":true}]}}